{"id":203,"date":"2024-10-09T08:46:38","date_gmt":"2024-10-09T08:46:38","guid":{"rendered":"https:\/\/operatrafik.com\/?page_id=203"},"modified":"2024-10-15T07:26:47","modified_gmt":"2024-10-15T07:26:47","slug":"privacy-policy-2","status":"publish","type":"page","link":"https:\/\/operatrafik.com\/hu\/privacy-policy-2\/","title":{"rendered":"Adatkezel\u00e9si T\u00e1j\u00e9koztat\u00f3"},"content":{"rendered":"<div data-elementor-type=\"wp-page\" data-elementor-id=\"203\" class=\"elementor elementor-203\" data-elementor-post-type=\"page\">\n\t\t\t\t<div class=\"elementor-element elementor-element-31fb173 e-flex e-con-boxed e-con e-parent\" data-id=\"31fb173\" data-element_type=\"container\" data-e-type=\"container\">\n\t\t\t\t\t<div class=\"e-con-inner\">\n\t\t\t\t<div class=\"elementor-element elementor-element-f805e7c elementor-widget elementor-widget-heading\" data-id=\"f805e7c\" data-element_type=\"widget\" data-e-type=\"widget\" data-widget_type=\"heading.default\">\n\t\t\t\t<div class=\"elementor-widget-container\">\n\t\t\t\t\t<h2 class=\"elementor-heading-title elementor-size-default\"><a href=\"https:\/\/operatrafik.com\/hu\/\">OPERA TRAFIK<\/a><\/h2>\t\t\t\t<\/div>\n\t\t\t\t<\/div>\n\t\t\t\t\t<\/div>\n\t\t\t\t<\/div>\n\t\t<div class=\"elementor-element elementor-element-c50f3d1 e-flex e-con-boxed e-con e-parent\" data-id=\"c50f3d1\" data-element_type=\"container\" data-e-type=\"container\" data-settings=\"{&quot;background_background&quot;:&quot;classic&quot;}\">\n\t\t\t\t\t<div class=\"e-con-inner\">\n\t\t\t\t<div class=\"elementor-element elementor-element-1b043a1 elementor-widget elementor-widget-heading\" data-id=\"1b043a1\" data-element_type=\"widget\" data-e-type=\"widget\" data-widget_type=\"heading.default\">\n\t\t\t\t<div class=\"elementor-widget-container\">\n\t\t\t\t\t<h2 class=\"elementor-heading-title elementor-size-default\">Adatkezel\u00e9si T\u00e1j\u00e9koztat\u00f3<\/h2>\t\t\t\t<\/div>\n\t\t\t\t<\/div>\n\t\t\t\t<div class=\"elementor-element elementor-element-615db4b elementor-widget elementor-widget-text-editor\" data-id=\"615db4b\" data-element_type=\"widget\" data-e-type=\"widget\" data-widget_type=\"text-editor.default\">\n\t\t\t\t<div class=\"elementor-widget-container\">\n\t\t\t\t\t\t\t\t\t<p>Effective Date: 2024\/10\/09<\/p><p><strong>1. Introduction<\/strong><\/p><p>This Privacy Policy outlines how Multi Trafik Bt. (&#8220;we,&#8221; &#8220;us,&#8221; or &#8220;our&#8221;) collects, uses, and protects the personal data of visitors (&#8220;you&#8221; or &#8220;your&#8221;) when using our website, <a style=\"color: white; text-decoration: underline;\" href=\"https:\/\/operatrafik.com\/hu\/\" target=\"_new\" rel=\"noopener\">operatrafik.com<\/a>. We are committed to protecting your privacy and ensuring that your personal information is handled in accordance with applicable data protection laws, including the General Data Protection Regulation (GDPR).<\/p><p><strong>2. Data Controller<\/strong><\/p><p>The data controller for the processing of your personal data is Multi Trafik Bt., represented by P\u00e9ter F\u00fczi. Our contact information is as follows:<\/p><p>Company Name: Multi Trafik Bt.<br \/>Address: Budapest, Haj\u00f3s u. 23, 1065, Hungary<br \/>Email: <a style=\"color: white; text-decoration: underline;\" rel=\"noopener\">info@operatrafik.com<\/a><\/p><p><strong>3. Types of Data Collected<\/strong><\/p><p>We collect the following types of personal data when you use our website:<\/p><ul><li>Name<\/li><li>Email address<\/li><li>IP address<\/li><li>Browser type and version<\/li><li>Usage data (e.g., pages visited, time spent on the website)<\/li><li>Cookie data (refer to our Cookie Policy for more information)<\/li><\/ul><p><br \/>To exercise any of these rights, please contact us at <a style=\"color: white; text-decoration: underline;\" rel=\"noopener\">info@operatrafik.com<\/a>.<\/p><p><strong>11. Cookie Policy<\/strong><\/p><p>We use cookies to enhance your browsing experience and analyze website usage.<\/p><p><strong>12. Changes to the Privacy Policy<\/strong><\/p><p>We reserve the right to update this Privacy Policy from time to time. We will notify you of any changes by posting the new Privacy Policy on this page. The updated policy will be effective as of the date of posting.<\/p><p><strong>13. Contact Information<\/strong><\/p><p>If you have any questions or concerns about this Privacy Policy or our data practices, please contact us at:<\/p><p>Multi Trafik Bt.<br \/>Budapest, Haj\u00f3s u. 23, 1065, Hungary<br \/>Email: <a style=\"color: white; text-decoration: underline;\" rel=\"noopener\">info@operatrafik.com<\/a><\/p>\t\t\t\t\t\t\t\t<\/div>\n\t\t\t\t<\/div>\n\t\t\t\t\t<\/div>\n\t\t\t\t<\/div>\n\t\t\t\t<\/div>","protected":false},"excerpt":{"rendered":"<p>OPERA TRAFIK Privacy Policy Effective Date: 2024\/10\/09 1. Introduction This Privacy Policy outlines how Multi Trafik Bt. (&#8220;we,&#8221; &#8220;us,&#8221; or &#8220;our&#8221;) collects, uses, and protects the personal data of visitors (&#8220;you&#8221; or &#8220;your&#8221;) when using our website, operatrafik.com. We are committed to protecting your privacy and ensuring that your personal information is handled in accordance [&hellip;]<\/p>","protected":false},"author":1,"featured_media":0,"parent":0,"menu_order":0,"comment_status":"closed","ping_status":"closed","template":"elementor_canvas","meta":{"footnotes":""},"class_list":["post-203","page","type-page","status-publish","hentry"],"aioseo_notices":[],"_links":{"self":[{"href":"https:\/\/operatrafik.com\/hu\/wp-json\/wp\/v2\/pages\/203","targetHints":{"allow":["GET"]}}],"collection":[{"href":"https:\/\/operatrafik.com\/hu\/wp-json\/wp\/v2\/pages"}],"about":[{"href":"https:\/\/operatrafik.com\/hu\/wp-json\/wp\/v2\/types\/page"}],"author":[{"embeddable":true,"href":"https:\/\/operatrafik.com\/hu\/wp-json\/wp\/v2\/users\/1"}],"replies":[{"embeddable":true,"href":"https:\/\/operatrafik.com\/hu\/wp-json\/wp\/v2\/comments?post=203"}],"version-history":[{"count":13,"href":"https:\/\/operatrafik.com\/hu\/wp-json\/wp\/v2\/pages\/203\/revisions"}],"predecessor-version":[{"id":348,"href":"https:\/\/operatrafik.com\/hu\/wp-json\/wp\/v2\/pages\/203\/revisions\/348"}],"wp:attachment":[{"href":"https:\/\/operatrafik.com\/hu\/wp-json\/wp\/v2\/media?parent=203"}],"curies":[{"name":"wp","href":"https:\/\/api.w.org\/{rel}","templated":true}]}}