{"id":898,"date":"2025-07-02T14:05:16","date_gmt":"2025-07-02T14:05:16","guid":{"rendered":"https:\/\/operatrafik.com\/?page_id=898"},"modified":"2025-07-13T15:03:35","modified_gmt":"2025-07-13T15:03:35","slug":"opera-cigar-lounge-shop","status":"publish","type":"page","link":"https:\/\/operatrafik.com\/hu\/opera-cigar-lounge-shop\/","title":{"rendered":"Opera Cigar Lounge &#038; Shop"},"content":{"rendered":"<div data-elementor-type=\"wp-page\" data-elementor-id=\"898\" class=\"elementor elementor-898\" data-elementor-post-type=\"page\">\n\t\t\t\t<div class=\"elementor-element elementor-element-c48f7fc e-flex e-con-boxed e-con e-parent\" data-id=\"c48f7fc\" data-element_type=\"container\" data-e-type=\"container\" data-settings=\"{&quot;background_background&quot;:&quot;classic&quot;}\">\n\t\t\t\t\t<div class=\"e-con-inner\">\n\t\t\t\t<div class=\"elementor-element elementor-element-db1bb7b elementor-invisible elementor-widget elementor-widget-heading\" data-id=\"db1bb7b\" data-element_type=\"widget\" data-e-type=\"widget\" data-settings=\"{&quot;_animation&quot;:&quot;fadeInUp&quot;}\" data-widget_type=\"heading.default\">\n\t\t\t\t<div class=\"elementor-widget-container\">\n\t\t\t\t\t<h2 class=\"elementor-heading-title elementor-size-default\">A szivar\u00e9lm\u00e9ny \u00faj szintje Budapesten<\/h2>\t\t\t\t<\/div>\n\t\t\t\t<\/div>\n\t\t\t\t<div class=\"elementor-element elementor-element-e71cee4 elementor-invisible elementor-widget elementor-widget-text-editor\" data-id=\"e71cee4\" data-element_type=\"widget\" data-e-type=\"widget\" data-settings=\"{&quot;_animation&quot;:&quot;fadeInUp&quot;}\" data-widget_type=\"text-editor.default\">\n\t\t\t\t<div class=\"elementor-widget-container\">\n\t\t\t\t\t\t\t\t\t<p class=\"p1\">15 000 szivar, exkluz\u00edv kieg\u00e9sz\u00edt\u0151k, k\u00e9tszintes lounge \u00e9s az orsz\u00e1g egyetlen szivarterasza \u2013 egyetlen helyen, az Operah\u00e1z m\u00f6g\u00f6tt.<\/p>\t\t\t\t\t\t\t\t<\/div>\n\t\t\t\t<\/div>\n\t\t<div class=\"elementor-element elementor-element-c006c20 e-grid e-con-full e-con e-child\" data-id=\"c006c20\" data-element_type=\"container\" data-e-type=\"container\">\n\t\t\t\t<div class=\"elementor-element elementor-element-3a39da7 elementor-align-justify elementor-invisible elementor-widget elementor-widget-button\" data-id=\"3a39da7\" data-element_type=\"widget\" data-e-type=\"widget\" data-settings=\"{&quot;_animation&quot;:&quot;fadeInUp&quot;}\" data-widget_type=\"button.default\">\n\t\t\t\t<div class=\"elementor-widget-container\">\n\t\t\t\t\t\t\t\t\t<div class=\"elementor-button-wrapper\">\n\t\t\t\t\t<a class=\"elementor-button elementor-button-link elementor-size-sm\" href=\"#gallery-section\">\n\t\t\t\t\t\t<span class=\"elementor-button-content-wrapper\">\n\t\t\t\t\t\t\t\t\t<span class=\"elementor-button-text\">Tekintsd meg szivarszob\u00e1nkat<\/span>\n\t\t\t\t\t<\/span>\n\t\t\t\t\t<\/a>\n\t\t\t\t<\/div>\n\t\t\t\t\t\t\t\t<\/div>\n\t\t\t\t<\/div>\n\t\t\t\t<div class=\"elementor-element elementor-element-9eaf536 elementor-align-justify elementor-invisible elementor-widget elementor-widget-button\" data-id=\"9eaf536\" data-element_type=\"widget\" data-e-type=\"widget\" data-settings=\"{&quot;_animation&quot;:&quot;fadeInUp&quot;}\" data-widget_type=\"button.default\">\n\t\t\t\t<div class=\"elementor-widget-container\">\n\t\t\t\t\t\t\t\t\t<div class=\"elementor-button-wrapper\">\n\t\t\t\t\t<a class=\"elementor-button elementor-button-link elementor-size-sm\" href=\"https:\/\/operatrafik.hu\/\" target=\"_blank\" rel=\"noopener noreferrer nofollow\">\n\t\t\t\t\t\t<span class=\"elementor-button-content-wrapper\">\n\t\t\t\t\t\t\t\t\t<span class=\"elementor-button-text\">Webshop kieg\u00e9sz\u00edt\u0151k\u00e9rt<\/span>\n\t\t\t\t\t<\/span>\n\t\t\t\t\t<\/a>\n\t\t\t\t<\/div>\n\t\t\t\t\t\t\t\t<\/div>\n\t\t\t\t<\/div>\n\t\t\t\t<\/div>\n\t\t\t\t\t<\/div>\n\t\t\t\t<\/div>\n\t\t<div class=\"elementor-element elementor-element-43b1de3 e-flex e-con-boxed e-con e-parent\" data-id=\"43b1de3\" data-element_type=\"container\" data-e-type=\"container\" id=\"selection-section\">\n\t\t\t\t\t<div class=\"e-con-inner\">\n\t\t\t\t<div class=\"elementor-element elementor-element-7918c9f elementor-widget elementor-widget-spacer\" data-id=\"7918c9f\" data-element_type=\"widget\" data-e-type=\"widget\" data-widget_type=\"spacer.default\">\n\t\t\t\t<div class=\"elementor-widget-container\">\n\t\t\t\t\t\t\t<div class=\"elementor-spacer\">\n\t\t\t<div class=\"elementor-spacer-inner\"><\/div>\n\t\t<\/div>\n\t\t\t\t\t\t<\/div>\n\t\t\t\t<\/div>\n\t\t<div class=\"elementor-element elementor-element-dfa1379 e-flex e-con-boxed e-con e-child\" data-id=\"dfa1379\" data-element_type=\"container\" data-e-type=\"container\">\n\t\t\t\t\t<div class=\"e-con-inner\">\n\t\t\t\t<div class=\"elementor-element elementor-element-26ad94e elementor-invisible elementor-widget elementor-widget-heading\" data-id=\"26ad94e\" data-element_type=\"widget\" data-e-type=\"widget\" data-settings=\"{&quot;_animation&quot;:&quot;fadeInUp&quot;}\" data-widget_type=\"heading.default\">\n\t\t\t\t<div class=\"elementor-widget-container\">\n\t\t\t\t\t<h2 class=\"elementor-heading-title elementor-size-default\">Nem csak bolt. Nem csak lounge. Egy hely, ahol minden r\u00e9szlet sz\u00e1m\u00edt.<\/h2>\t\t\t\t<\/div>\n\t\t\t\t<\/div>\n\t\t\t\t<div class=\"elementor-element elementor-element-e1f4f10 elementor-invisible elementor-widget elementor-widget-text-editor\" data-id=\"e1f4f10\" data-element_type=\"widget\" data-e-type=\"widget\" data-settings=\"{&quot;_animation&quot;:&quot;fadeInUp&quot;}\" data-widget_type=\"text-editor.default\">\n\t\t\t\t<div class=\"elementor-widget-container\">\n\t\t\t\t\t\t\t\t\t<p class=\"p1\">Az Opera nem csup\u00e1n kiemelked\u0151 v\u00e1laszt\u00e9kot k\u00edn\u00e1l \u2013 ez egy hely, amit a szivar ir\u00e1nti tisztelet h\u00edvott \u00e9letre. Itt a min\u0151s\u00e9g, a figyelem \u00e9s a nyugalom alap\u00e9rt\u00e9k. Szak\u00e9rt\u0151i seg\u00edts\u00e9g, v\u00e1logatott term\u00e9kek \u00e9s egyedi t\u00e9r\u00e9lm\u00e9ny v\u00e1r.<\/p>\t\t\t\t\t\t\t\t<\/div>\n\t\t\t\t<\/div>\n\t\t\t\t\t<\/div>\n\t\t\t\t<\/div>\n\t\t<div class=\"elementor-element elementor-element-d71bb9d e-con-full e-flex e-con e-child\" data-id=\"d71bb9d\" data-element_type=\"container\" data-e-type=\"container\">\n\t\t<div class=\"elementor-element elementor-element-e7e53c9 e-con-full e-flex elementor-invisible e-con e-child\" data-id=\"e7e53c9\" data-element_type=\"container\" data-e-type=\"container\" data-settings=\"{&quot;animation&quot;:&quot;fadeInUp&quot;}\">\n\t\t\t\t<div class=\"elementor-element elementor-element-9441a78 elementor-widget elementor-widget-image\" data-id=\"9441a78\" data-element_type=\"widget\" data-e-type=\"widget\" data-widget_type=\"image.default\">\n\t\t\t\t<div class=\"elementor-widget-container\">\n\t\t\t\t\t\t\t\t\t\t\t\t\t\t\t<img fetchpriority=\"high\" decoding=\"async\" width=\"683\" height=\"1024\" src=\"https:\/\/operatrafik.com\/wp-content\/uploads\/2025\/06\/IMG_9842-683x1024.jpg\" class=\"attachment-large size-large wp-image-809\" alt=\"\" srcset=\"https:\/\/operatrafik.com\/wp-content\/uploads\/2025\/06\/IMG_9842-683x1024.jpg 683w, https:\/\/operatrafik.com\/wp-content\/uploads\/2025\/06\/IMG_9842-scaled-600x900.jpg 600w, https:\/\/operatrafik.com\/wp-content\/uploads\/2025\/06\/IMG_9842-200x300.jpg 200w, https:\/\/operatrafik.com\/wp-content\/uploads\/2025\/06\/IMG_9842-768x1152.jpg 768w, https:\/\/operatrafik.com\/wp-content\/uploads\/2025\/06\/IMG_9842-1024x1536.jpg 1024w, https:\/\/operatrafik.com\/wp-content\/uploads\/2025\/06\/IMG_9842-1365x2048.jpg 1365w, https:\/\/operatrafik.com\/wp-content\/uploads\/2025\/06\/IMG_9842-8x12.jpg 8w, https:\/\/operatrafik.com\/wp-content\/uploads\/2025\/06\/IMG_9842-scaled.jpg 1707w\" sizes=\"(max-width: 683px) 100vw, 683px\" \/>\t\t\t\t\t\t\t\t\t\t\t\t\t\t\t<\/div>\n\t\t\t\t<\/div>\n\t\t\t\t<\/div>\n\t\t<div class=\"elementor-element elementor-element-06247a8 e-con-full e-flex elementor-invisible e-con e-child\" data-id=\"06247a8\" data-element_type=\"container\" data-e-type=\"container\" data-settings=\"{&quot;animation&quot;:&quot;fadeInUp&quot;}\">\n\t\t\t\t<div class=\"elementor-element elementor-element-dbc5c0a elementor-hidden-mobile elementor-widget elementor-widget-spacer\" data-id=\"dbc5c0a\" data-element_type=\"widget\" data-e-type=\"widget\" data-widget_type=\"spacer.default\">\n\t\t\t\t<div class=\"elementor-widget-container\">\n\t\t\t\t\t\t\t<div class=\"elementor-spacer\">\n\t\t\t<div class=\"elementor-spacer-inner\"><\/div>\n\t\t<\/div>\n\t\t\t\t\t\t<\/div>\n\t\t\t\t<\/div>\n\t\t\t\t<div class=\"elementor-element elementor-element-a3c680f elementor-widget elementor-widget-image\" data-id=\"a3c680f\" data-element_type=\"widget\" data-e-type=\"widget\" data-widget_type=\"image.default\">\n\t\t\t\t<div class=\"elementor-widget-container\">\n\t\t\t\t\t\t\t\t\t\t\t\t\t\t\t<img decoding=\"async\" width=\"683\" height=\"1024\" src=\"https:\/\/operatrafik.com\/wp-content\/uploads\/2025\/06\/IMG_3360-683x1024.jpg\" class=\"attachment-large size-large wp-image-808\" alt=\"\" srcset=\"https:\/\/operatrafik.com\/wp-content\/uploads\/2025\/06\/IMG_3360-683x1024.jpg 683w, https:\/\/operatrafik.com\/wp-content\/uploads\/2025\/06\/IMG_3360-scaled-600x900.jpg 600w, https:\/\/operatrafik.com\/wp-content\/uploads\/2025\/06\/IMG_3360-200x300.jpg 200w, https:\/\/operatrafik.com\/wp-content\/uploads\/2025\/06\/IMG_3360-768x1152.jpg 768w, https:\/\/operatrafik.com\/wp-content\/uploads\/2025\/06\/IMG_3360-1024x1536.jpg 1024w, https:\/\/operatrafik.com\/wp-content\/uploads\/2025\/06\/IMG_3360-1365x2048.jpg 1365w, https:\/\/operatrafik.com\/wp-content\/uploads\/2025\/06\/IMG_3360-8x12.jpg 8w, https:\/\/operatrafik.com\/wp-content\/uploads\/2025\/06\/IMG_3360-scaled.jpg 1707w\" sizes=\"(max-width: 683px) 100vw, 683px\" \/>\t\t\t\t\t\t\t\t\t\t\t\t\t\t\t<\/div>\n\t\t\t\t<\/div>\n\t\t\t\t<\/div>\n\t\t<div class=\"elementor-element elementor-element-6caf46d e-con-full e-flex elementor-invisible e-con e-child\" data-id=\"6caf46d\" data-element_type=\"container\" data-e-type=\"container\" data-settings=\"{&quot;animation&quot;:&quot;fadeInUp&quot;}\">\n\t\t\t\t<div class=\"elementor-element elementor-element-82bf64d elementor-widget elementor-widget-image\" data-id=\"82bf64d\" data-element_type=\"widget\" data-e-type=\"widget\" data-widget_type=\"image.default\">\n\t\t\t\t<div class=\"elementor-widget-container\">\n\t\t\t\t\t\t\t\t\t\t\t\t\t\t\t<img decoding=\"async\" width=\"683\" height=\"1024\" src=\"https:\/\/operatrafik.com\/wp-content\/uploads\/2024\/10\/IMG_8124-683x1024.jpg\" class=\"attachment-large size-large wp-image-213\" alt=\"\" srcset=\"https:\/\/operatrafik.com\/wp-content\/uploads\/2024\/10\/IMG_8124-683x1024.jpg 683w, https:\/\/operatrafik.com\/wp-content\/uploads\/2024\/10\/IMG_8124-200x300.jpg 200w, https:\/\/operatrafik.com\/wp-content\/uploads\/2024\/10\/IMG_8124-768x1152.jpg 768w, https:\/\/operatrafik.com\/wp-content\/uploads\/2024\/10\/IMG_8124-1024x1536.jpg 1024w, https:\/\/operatrafik.com\/wp-content\/uploads\/2024\/10\/IMG_8124-1365x2048.jpg 1365w, https:\/\/operatrafik.com\/wp-content\/uploads\/2024\/10\/IMG_8124-scaled.jpg 1707w\" sizes=\"(max-width: 683px) 100vw, 683px\" \/>\t\t\t\t\t\t\t\t\t\t\t\t\t\t\t<\/div>\n\t\t\t\t<\/div>\n\t\t\t\t<\/div>\n\t\t\t\t<\/div>\n\t\t\t\t\t<\/div>\n\t\t\t\t<\/div>\n\t\t<div class=\"elementor-element elementor-element-f2e60b3 e-flex e-con-boxed e-con e-parent\" data-id=\"f2e60b3\" data-element_type=\"container\" data-e-type=\"container\" id=\"lounge-section\" data-settings=\"{&quot;background_background&quot;:&quot;classic&quot;}\">\n\t\t\t\t\t<div class=\"e-con-inner\">\n\t\t\t\t<div class=\"elementor-element elementor-element-301743b elementor-widget elementor-widget-spacer\" data-id=\"301743b\" data-element_type=\"widget\" data-e-type=\"widget\" data-widget_type=\"spacer.default\">\n\t\t\t\t<div class=\"elementor-widget-container\">\n\t\t\t\t\t\t\t<div class=\"elementor-spacer\">\n\t\t\t<div class=\"elementor-spacer-inner\"><\/div>\n\t\t<\/div>\n\t\t\t\t\t\t<\/div>\n\t\t\t\t<\/div>\n\t\t\t\t<div class=\"elementor-element elementor-element-97b62d3 elementor-invisible elementor-widget elementor-widget-heading\" data-id=\"97b62d3\" data-element_type=\"widget\" data-e-type=\"widget\" data-settings=\"{&quot;_animation&quot;:&quot;fadeInUp&quot;}\" data-widget_type=\"heading.default\">\n\t\t\t\t<div class=\"elementor-widget-container\">\n\t\t\t\t\t<h2 class=\"elementor-heading-title elementor-size-default\">Szivarbolt, ahol minden darabot gondosan v\u00e1lasztunk<\/h2>\t\t\t\t<\/div>\n\t\t\t\t<\/div>\n\t\t\t\t<div class=\"elementor-element elementor-element-0a3125c elementor-invisible elementor-widget elementor-widget-text-editor\" data-id=\"0a3125c\" data-element_type=\"widget\" data-e-type=\"widget\" data-settings=\"{&quot;_animation&quot;:&quot;fadeInUp&quot;}\" data-widget_type=\"text-editor.default\">\n\t\t\t\t<div class=\"elementor-widget-container\">\n\t\t\t\t\t\t\t\t\t<p class=\"p1\">Ez nem egy doh\u00e1nybolt h\u00e1ts\u00f3 terme. Ez egy hely, amit a szivaroz\u00e1s k\u00f6r\u00e9 \u00e9p\u00edtett\u00fcnk \u2013 anyagv\u00e1laszt\u00e1sban, hangulatban \u00e9s k\u00edn\u00e1latban is. Az Opera Cigar Lounge k\u00e9tszintes szivarszob\u00e1ja egyszerre exkluz\u00edv szalon, v\u00e1logatott szivargy\u0171jtem\u00e9ny \u00e9s k\u00fcl\u00f6nleges italv\u00e1laszt\u00e9kot k\u00edn\u00e1l\u00f3 tal\u00e1lkoz\u00f3hely.<\/p><p class=\"p1\">T\u00f6bb mint 15 000 szivar: klasszikus kubai m\u00e1rk\u00e1k, boutique gy\u00e1rt\u00f3k ritka t\u00e9telei \u00e9s pr\u00e9mium kieg\u00e9sz\u00edt\u0151k \u2013 mind azonnal el\u00e9rhet\u0151k, ig\u00e9ny szerint p\u00e1ros\u00edtva min\u0151s\u00e9gi rumokkal \u00e9s whiskey-vel. A ny\u00e1ri h\u00f3napokban pedig megny\u00edlik Magyarorsz\u00e1g egyetlen szivar terasza \u2013 k\u00f6zvetlen\u00fcl a belv\u00e1rosban, de m\u00e9gis teljes nyugalomban. T\u00f6k\u00e9letes hely egy esti f\u00fcsth\u00f6z, italhoz \u00e9s j\u00f3 t\u00e1rsas\u00e1ghoz.<\/p>\t\t\t\t\t\t\t\t<\/div>\n\t\t\t\t<\/div>\n\t\t\t\t<div class=\"elementor-element elementor-element-cbc4a09 elementor-align-center elementor-invisible elementor-widget elementor-widget-button\" data-id=\"cbc4a09\" data-element_type=\"widget\" data-e-type=\"widget\" data-settings=\"{&quot;_animation&quot;:&quot;fadeInUp&quot;}\" data-widget_type=\"button.default\">\n\t\t\t\t<div class=\"elementor-widget-container\">\n\t\t\t\t\t\t\t\t\t<div class=\"elementor-button-wrapper\">\n\t\t\t\t\t<a class=\"elementor-button elementor-button-link elementor-size-sm\" href=\"#gallery-section\">\n\t\t\t\t\t\t<span class=\"elementor-button-content-wrapper\">\n\t\t\t\t\t\t\t\t\t<span class=\"elementor-button-text\">Tekintsd meg szivarszob\u00e1nkat<\/span>\n\t\t\t\t\t<\/span>\n\t\t\t\t\t<\/a>\n\t\t\t\t<\/div>\n\t\t\t\t\t\t\t\t<\/div>\n\t\t\t\t<\/div>\n\t\t\t\t<div class=\"elementor-element elementor-element-e16bf17 elementor-widget elementor-widget-spacer\" data-id=\"e16bf17\" data-element_type=\"widget\" data-e-type=\"widget\" data-widget_type=\"spacer.default\">\n\t\t\t\t<div class=\"elementor-widget-container\">\n\t\t\t\t\t\t\t<div class=\"elementor-spacer\">\n\t\t\t<div class=\"elementor-spacer-inner\"><\/div>\n\t\t<\/div>\n\t\t\t\t\t\t<\/div>\n\t\t\t\t<\/div>\n\t\t\t\t\t<\/div>\n\t\t\t\t<\/div>\n\t\t<div class=\"elementor-element elementor-element-dbad692 e-flex e-con-boxed e-con e-parent\" data-id=\"dbad692\" data-element_type=\"container\" data-e-type=\"container\" id=\"gallery-section\">\n\t\t\t\t\t<div class=\"e-con-inner\">\n\t\t\t\t<div class=\"elementor-element elementor-element-b8ea5a7 elementor-widget elementor-widget-spacer\" data-id=\"b8ea5a7\" data-element_type=\"widget\" data-e-type=\"widget\" data-widget_type=\"spacer.default\">\n\t\t\t\t<div class=\"elementor-widget-container\">\n\t\t\t\t\t\t\t<div class=\"elementor-spacer\">\n\t\t\t<div class=\"elementor-spacer-inner\"><\/div>\n\t\t<\/div>\n\t\t\t\t\t\t<\/div>\n\t\t\t\t<\/div>\n\t\t<div class=\"elementor-element elementor-element-79dd383 e-flex e-con-boxed e-con e-child\" data-id=\"79dd383\" data-element_type=\"container\" data-e-type=\"container\">\n\t\t\t\t\t<div class=\"e-con-inner\">\n\t\t\t\t<div class=\"elementor-element elementor-element-3386e5e elementor-invisible elementor-widget elementor-widget-heading\" data-id=\"3386e5e\" data-element_type=\"widget\" data-e-type=\"widget\" data-settings=\"{&quot;_animation&quot;:&quot;fadeInUp&quot;}\" data-widget_type=\"heading.default\">\n\t\t\t\t<div class=\"elementor-widget-container\">\n\t\t\t\t\t<h2 class=\"elementor-heading-title elementor-size-default\">Hangulatk\u00e9pek az Oper\u00e1b\u00f3l<\/h2>\t\t\t\t<\/div>\n\t\t\t\t<\/div>\n\t\t\t\t<div class=\"elementor-element elementor-element-a704c5d elementor-invisible elementor-widget elementor-widget-text-editor\" data-id=\"a704c5d\" data-element_type=\"widget\" data-e-type=\"widget\" data-settings=\"{&quot;_animation&quot;:&quot;fadeInUp&quot;}\" data-widget_type=\"text-editor.default\">\n\t\t\t\t<div class=\"elementor-widget-container\">\n\t\t\t\t\t\t\t\t\t<p class=\"p1\">K\u00e9peken kereszt\u00fcl is \u00e1tj\u00f6n valami abb\u00f3l, amit n\u00e1lunk tapasztalhatsz \u2013 de az igazi \u00e9lm\u00e9nyhez be kell j\u00f6nni.<\/p>\t\t\t\t\t\t\t\t<\/div>\n\t\t\t\t<\/div>\n\t\t\t\t\t<\/div>\n\t\t\t\t<\/div>\n\t\t<div class=\"elementor-element elementor-element-584467f e-con-full e-flex e-con e-child\" data-id=\"584467f\" data-element_type=\"container\" data-e-type=\"container\">\n\t\t\t\t<div class=\"elementor-element elementor-element-533ab41 elementor-widget elementor-widget-gallery\" data-id=\"533ab41\" data-element_type=\"widget\" data-e-type=\"widget\" data-settings=\"{&quot;columns&quot;:3,&quot;gap&quot;:{&quot;unit&quot;:&quot;px&quot;,&quot;size&quot;:5,&quot;sizes&quot;:[]},&quot;aspect_ratio&quot;:&quot;4:3&quot;,&quot;lazyload&quot;:&quot;yes&quot;,&quot;gallery_layout&quot;:&quot;grid&quot;,&quot;columns_tablet&quot;:2,&quot;columns_mobile&quot;:1,&quot;gap_tablet&quot;:{&quot;unit&quot;:&quot;px&quot;,&quot;size&quot;:10,&quot;sizes&quot;:[]},&quot;gap_mobile&quot;:{&quot;unit&quot;:&quot;px&quot;,&quot;size&quot;:10,&quot;sizes&quot;:[]},&quot;link_to&quot;:&quot;file&quot;,&quot;overlay_background&quot;:&quot;yes&quot;,&quot;content_hover_animation&quot;:&quot;fade-in&quot;}\" data-widget_type=\"gallery.default\">\n\t\t\t\t<div class=\"elementor-widget-container\">\n\t\t\t\t\t\t\t<div class=\"elementor-gallery__container\">\n\t\t\t\t\t\t\t<a class=\"e-gallery-item elementor-gallery-item elementor-animated-content\" href=\"https:\/\/operatrafik.com\/wp-content\/uploads\/2025\/05\/DSC07992-scaled.jpg\" data-elementor-open-lightbox=\"yes\" data-elementor-lightbox-slideshow=\"533ab41\" data-elementor-lightbox-title=\"DSC07992\" data-e-action-hash=\"#elementor-action%3Aaction%3Dlightbox%26settings%3DeyJpZCI6NTY3LCJ1cmwiOiJodHRwczpcL1wvb3BlcmF0cmFmaWsuY29tXC93cC1jb250ZW50XC91cGxvYWRzXC8yMDI1XC8wNVwvRFNDMDc5OTItc2NhbGVkLmpwZyIsInNsaWRlc2hvdyI6IjUzM2FiNDEifQ%3D%3D\">\n\t\t\t\t\t<div class=\"e-gallery-image elementor-gallery-item__image\" data-thumbnail=\"https:\/\/operatrafik.com\/wp-content\/uploads\/2025\/05\/DSC07992-819x1024.jpg\" data-width=\"800\" data-height=\"1000\" aria-label=\"\" role=\"img\" ><\/div>\n\t\t\t\t\t\t\t\t\t\t\t<div class=\"elementor-gallery-item__overlay\"><\/div>\n\t\t\t\t\t\t\t\t\t\t\t\t\t\t<\/a>\n\t\t\t\t\t\t\t<a class=\"e-gallery-item elementor-gallery-item elementor-animated-content\" href=\"https:\/\/operatrafik.com\/wp-content\/uploads\/2024\/10\/299611489_1037633073621815_5060126390050324505_n.jpg\" data-elementor-open-lightbox=\"yes\" data-elementor-lightbox-slideshow=\"533ab41\" data-elementor-lightbox-title=\"299611489_1037633073621815_5060126390050324505_n\" data-e-action-hash=\"#elementor-action%3Aaction%3Dlightbox%26settings%3DeyJpZCI6MjYyLCJ1cmwiOiJodHRwczpcL1wvb3BlcmF0cmFmaWsuY29tXC93cC1jb250ZW50XC91cGxvYWRzXC8yMDI0XC8xMFwvMjk5NjExNDg5XzEwMzc2MzMwNzM2MjE4MTVfNTA2MDEyNjM5MDA1MDMyNDUwNV9uLmpwZyIsInNsaWRlc2hvdyI6IjUzM2FiNDEifQ%3D%3D\">\n\t\t\t\t\t<div class=\"e-gallery-image elementor-gallery-item__image\" data-thumbnail=\"https:\/\/operatrafik.com\/wp-content\/uploads\/2024\/10\/299611489_1037633073621815_5060126390050324505_n.jpg\" data-width=\"800\" data-height=\"535\" aria-label=\"\" role=\"img\" ><\/div>\n\t\t\t\t\t\t\t\t\t\t\t<div class=\"elementor-gallery-item__overlay\"><\/div>\n\t\t\t\t\t\t\t\t\t\t\t\t\t\t<\/a>\n\t\t\t\t\t\t\t<a class=\"e-gallery-item elementor-gallery-item elementor-animated-content\" href=\"https:\/\/operatrafik.com\/wp-content\/uploads\/2024\/10\/IMG_6141-scaled.jpg\" data-elementor-open-lightbox=\"yes\" data-elementor-lightbox-slideshow=\"533ab41\" data-elementor-lightbox-title=\"Opera Trafik Lounge Ground Floor Coffee Machine Spirits\" data-e-action-hash=\"#elementor-action%3Aaction%3Dlightbox%26settings%3DeyJpZCI6MzMsInVybCI6Imh0dHBzOlwvXC9vcGVyYXRyYWZpay5jb21cL3dwLWNvbnRlbnRcL3VwbG9hZHNcLzIwMjRcLzEwXC9JTUdfNjE0MS1zY2FsZWQuanBnIiwic2xpZGVzaG93IjoiNTMzYWI0MSJ9\">\n\t\t\t\t\t<div class=\"e-gallery-image elementor-gallery-item__image\" data-thumbnail=\"https:\/\/operatrafik.com\/wp-content\/uploads\/2024\/10\/IMG_6141-683x1024.jpg\" data-width=\"683\" data-height=\"1024\" aria-label=\"Opera Trafik Lounge Ground Floor Coffee Machine Spirits\" role=\"img\" ><\/div>\n\t\t\t\t\t\t\t\t\t\t\t<div class=\"elementor-gallery-item__overlay\"><\/div>\n\t\t\t\t\t\t\t\t\t\t\t\t\t\t<\/a>\n\t\t\t\t\t\t\t<a class=\"e-gallery-item elementor-gallery-item elementor-animated-content\" href=\"https:\/\/operatrafik.com\/wp-content\/uploads\/2024\/10\/IMG_6137-scaled.jpg\" data-elementor-open-lightbox=\"yes\" data-elementor-lightbox-slideshow=\"533ab41\" data-elementor-lightbox-title=\"Opera Trafik Lounge First Floor Couch\" data-e-action-hash=\"#elementor-action%3Aaction%3Dlightbox%26settings%3DeyJpZCI6MjksInVybCI6Imh0dHBzOlwvXC9vcGVyYXRyYWZpay5jb21cL3dwLWNvbnRlbnRcL3VwbG9hZHNcLzIwMjRcLzEwXC9JTUdfNjEzNy1zY2FsZWQuanBnIiwic2xpZGVzaG93IjoiNTMzYWI0MSJ9\">\n\t\t\t\t\t<div class=\"e-gallery-image elementor-gallery-item__image\" data-thumbnail=\"https:\/\/operatrafik.com\/wp-content\/uploads\/2024\/10\/IMG_6137-683x1024.jpg\" data-width=\"683\" data-height=\"1024\" aria-label=\"Opera Trafik Lounge First Floor Couch\" role=\"img\" ><\/div>\n\t\t\t\t\t\t\t\t\t\t\t<div class=\"elementor-gallery-item__overlay\"><\/div>\n\t\t\t\t\t\t\t\t\t\t\t\t\t\t<\/a>\n\t\t\t\t\t\t\t<a class=\"e-gallery-item elementor-gallery-item elementor-animated-content\" href=\"https:\/\/operatrafik.com\/wp-content\/uploads\/2024\/10\/IMG_6140-scaled.jpg\" data-elementor-open-lightbox=\"yes\" data-elementor-lightbox-slideshow=\"533ab41\" data-elementor-lightbox-title=\"Opera Trafik Lounge Ground Floor Coffee Machine Spirits\" data-e-action-hash=\"#elementor-action%3Aaction%3Dlightbox%26settings%3DeyJpZCI6MzIsInVybCI6Imh0dHBzOlwvXC9vcGVyYXRyYWZpay5jb21cL3dwLWNvbnRlbnRcL3VwbG9hZHNcLzIwMjRcLzEwXC9JTUdfNjE0MC1zY2FsZWQuanBnIiwic2xpZGVzaG93IjoiNTMzYWI0MSJ9\">\n\t\t\t\t\t<div class=\"e-gallery-image elementor-gallery-item__image\" data-thumbnail=\"https:\/\/operatrafik.com\/wp-content\/uploads\/2024\/10\/IMG_6140-683x1024.jpg\" data-width=\"683\" data-height=\"1024\" aria-label=\"Opera Trafik Lounge Ground Floor Coffee Machine Spirits\" role=\"img\" ><\/div>\n\t\t\t\t\t\t\t\t\t\t\t<div class=\"elementor-gallery-item__overlay\"><\/div>\n\t\t\t\t\t\t\t\t\t\t\t\t\t\t<\/a>\n\t\t\t\t\t\t\t<a class=\"e-gallery-item elementor-gallery-item elementor-animated-content\" href=\"https:\/\/operatrafik.com\/wp-content\/uploads\/2024\/10\/IMG_6133-scaled.jpg\" data-elementor-open-lightbox=\"yes\" data-elementor-lightbox-slideshow=\"533ab41\" data-elementor-lightbox-title=\"Opera Trafik Lounge First Floor Couch\" data-e-action-hash=\"#elementor-action%3Aaction%3Dlightbox%26settings%3DeyJpZCI6MjYsInVybCI6Imh0dHBzOlwvXC9vcGVyYXRyYWZpay5jb21cL3dwLWNvbnRlbnRcL3VwbG9hZHNcLzIwMjRcLzEwXC9JTUdfNjEzMy1zY2FsZWQuanBnIiwic2xpZGVzaG93IjoiNTMzYWI0MSJ9\">\n\t\t\t\t\t<div class=\"e-gallery-image elementor-gallery-item__image\" data-thumbnail=\"https:\/\/operatrafik.com\/wp-content\/uploads\/2024\/10\/IMG_6133-683x1024.jpg\" data-width=\"683\" data-height=\"1024\" aria-label=\"Opera Trafik Lounge First Floor Couch\" role=\"img\" ><\/div>\n\t\t\t\t\t\t\t\t\t\t\t<div class=\"elementor-gallery-item__overlay\"><\/div>\n\t\t\t\t\t\t\t\t\t\t\t\t\t\t<\/a>\n\t\t\t\t\t<\/div>\n\t\t\t\t\t<\/div>\n\t\t\t\t<\/div>\n\t\t\t\t<\/div>\n\t\t\t\t\t<\/div>\n\t\t\t\t<\/div>\n\t\t<div class=\"elementor-element elementor-element-b24aa88 e-flex e-con-boxed e-con e-parent\" data-id=\"b24aa88\" data-element_type=\"container\" data-e-type=\"container\">\n\t\t\t\t\t<div class=\"e-con-inner\">\n\t\t\t\t<div class=\"elementor-element elementor-element-2e9326c elementor-widget elementor-widget-spacer\" data-id=\"2e9326c\" data-element_type=\"widget\" data-e-type=\"widget\" data-widget_type=\"spacer.default\">\n\t\t\t\t<div class=\"elementor-widget-container\">\n\t\t\t\t\t\t\t<div class=\"elementor-spacer\">\n\t\t\t<div class=\"elementor-spacer-inner\"><\/div>\n\t\t<\/div>\n\t\t\t\t\t\t<\/div>\n\t\t\t\t<\/div>\n\t\t\t\t\t<\/div>\n\t\t\t\t<\/div>\n\t\t\t\t<\/div>","protected":false},"excerpt":{"rendered":"<p>Gyakorlati k\u00e9pz\u00e9s szivarrajong\u00f3knak \u00e9s doh\u00e1nyboltoknak. Tanuld meg a szivaroz\u00e1s alapjait egy d\u00e9lut\u00e1n alatt, vagy fejleszd boltod pr\u00e9mium k\u00edn\u00e1lat\u00e1t szak\u00e9rt\u0151i t\u00e1mogat\u00e1ssal \u00e9s aj\u00e1nd\u00e9k humidork\u00e9szlettel.<\/p>","protected":false},"author":1,"featured_media":0,"parent":0,"menu_order":0,"comment_status":"closed","ping_status":"closed","template":"elementor_header_footer","meta":{"footnotes":""},"class_list":["post-898","page","type-page","status-publish","hentry"],"aioseo_notices":[],"_links":{"self":[{"href":"https:\/\/operatrafik.com\/hu\/wp-json\/wp\/v2\/pages\/898","targetHints":{"allow":["GET"]}}],"collection":[{"href":"https:\/\/operatrafik.com\/hu\/wp-json\/wp\/v2\/pages"}],"about":[{"href":"https:\/\/operatrafik.com\/hu\/wp-json\/wp\/v2\/types\/page"}],"author":[{"embeddable":true,"href":"https:\/\/operatrafik.com\/hu\/wp-json\/wp\/v2\/users\/1"}],"replies":[{"embeddable":true,"href":"https:\/\/operatrafik.com\/hu\/wp-json\/wp\/v2\/comments?post=898"}],"version-history":[{"count":16,"href":"https:\/\/operatrafik.com\/hu\/wp-json\/wp\/v2\/pages\/898\/revisions"}],"predecessor-version":[{"id":972,"href":"https:\/\/operatrafik.com\/hu\/wp-json\/wp\/v2\/pages\/898\/revisions\/972"}],"wp:attachment":[{"href":"https:\/\/operatrafik.com\/hu\/wp-json\/wp\/v2\/media?parent=898"}],"curies":[{"name":"wp","href":"https:\/\/api.w.org\/{rel}","templated":true}]}}