{"id":1072,"date":"2025-07-31T07:26:14","date_gmt":"2025-07-31T07:26:14","guid":{"rendered":"https:\/\/operatrafik.com\/product\/zino-platinum-z-class-654-toro\/"},"modified":"2025-08-15T09:36:38","modified_gmt":"2025-08-15T09:36:38","slug":"zino-platinum-z-class-654-toro","status":"publish","type":"product","link":"https:\/\/operatrafik.com\/hu\/termek\/zino-platinum-z-class-654-toro\/","title":{"rendered":"Zino Platinum Z-Class 654 Toro"},"content":{"rendered":"<p>A Zino Platinum Z-Class Series 654 Toro szivar a Dominikai K\u00f6zt\u00e1rsas\u00e1gb\u00f3l sz\u00e1rmaz\u00f3 sorozat leger\u0151sebb vitol\u00e1ja. Kever\u00e9ke dominikai, hondurasi \u00e9s nicaraguai pr\u00e9mium doh\u00e1nyokb\u00f3l \u00e1ll a t\u00f6ltel\u00e9kben, m\u00edg a k\u00f6t\u0151anyag a hagyom\u00e1nyos d\u00e9l-amerikai doh\u00e1nyorsz\u00e1gb\u00f3l, Perub\u00f3l sz\u00e1rmazik. A selymesen matt dominikai bor\u00edt\u00f3 gy\u00f6ny\u00f6r\u0171en matt \u00e9s selymesen csillog, \u00e9s ny\u00edltan mutatja, hogy milyen leny\u0171g\u00f6z\u0151 min\u0151s\u00e9ggel van itt dolga a hajlamos \u00ednyencnek. Emellett v\u00e1ltozatos \u00edzekre sz\u00e1m\u00edthat, amelyek a f\u00fcst\u00f6l\u00e9s sor\u00e1n felv\u00e1ltva mutatkoznak meg a sz\u00e1jpadl\u00e1son. A Toro k\u00fcl\u00f6n\u00f6sen s\u0171r\u0171, kr\u00e9mes f\u00fcstje testes f\u00fcst\u00f6l\u00e9si \u00e9lvezetre invit\u00e1l. A szivar h\u00faz\u00e1sa \u00e9s \u00e9g\u00e9se abszol\u00fat hib\u00e1tlannak mondhat\u00f3.<\/p>","protected":false},"excerpt":{"rendered":"<p>A Zino Platinum Z-Class Series 654 Toro szivar a Dominikai K\u00f6zt\u00e1rsas\u00e1gb\u00f3l sz\u00e1rmaz\u00f3 sorozat leger\u0151sebb vitol\u00e1ja. Kever\u00e9ke dominikai, hondurasi \u00e9s nicaraguai pr\u00e9mium doh\u00e1nyokb\u00f3l \u00e1ll a t\u00f6ltel\u00e9kben, m\u00edg a k\u00f6t\u0151anyag a hagyom\u00e1nyos d\u00e9l-amerikai doh\u00e1nyorsz\u00e1gb\u00f3l, Perub\u00f3l sz\u00e1rmazik. A selymesen matt dominikai bor\u00edt\u00f3 gy\u00f6ny\u00f6r\u0171en matt \u00e9s selymesen csillog, \u00e9s ny\u00edltan mutatja, hogy milyen leny\u0171g\u00f6z\u0151 min\u0151s\u00e9ggel van itt dolga a [&hellip;]<\/p>","protected":false},"featured_media":1071,"comment_status":"open","ping_status":"closed","template":"","meta":[],"product_brand":[],"product_cat":[29],"product_tag":[],"class_list":{"0":"post-1072","1":"product","2":"type-product","3":"status-publish","4":"has-post-thumbnail","6":"product_cat-uncategorized","7":"pa_binder-peru","8":"pa_color-colorado","9":"pa_filler-origin-honduras","10":"pa_filler-origin-nicaragua","11":"pa_filler-type-longfiller","12":"pa_handmade-kezi-sodrasu","13":"pa_manufacturer-dominica","14":"pa_shape-parejo","15":"pa_size-toro","16":"pa_strength-kozepes","17":"pa_wrapper-dominica","19":"first","20":"instock","21":"shipping-taxable","22":"purchasable","23":"product-type-simple"},"aioseo_notices":[],"_links":{"self":[{"href":"https:\/\/operatrafik.com\/hu\/wp-json\/wp\/v2\/product\/1072","targetHints":{"allow":["GET"]}}],"collection":[{"href":"https:\/\/operatrafik.com\/hu\/wp-json\/wp\/v2\/product"}],"about":[{"href":"https:\/\/operatrafik.com\/hu\/wp-json\/wp\/v2\/types\/product"}],"replies":[{"embeddable":true,"href":"https:\/\/operatrafik.com\/hu\/wp-json\/wp\/v2\/comments?post=1072"}],"wp:featuredmedia":[{"embeddable":true,"href":"https:\/\/operatrafik.com\/hu\/wp-json\/wp\/v2\/media\/1071"}],"wp:attachment":[{"href":"https:\/\/operatrafik.com\/hu\/wp-json\/wp\/v2\/media?parent=1072"}],"wp:term":[{"taxonomy":"product_brand","embeddable":true,"href":"https:\/\/operatrafik.com\/hu\/wp-json\/wp\/v2\/product_brand?post=1072"},{"taxonomy":"product_cat","embeddable":true,"href":"https:\/\/operatrafik.com\/hu\/wp-json\/wp\/v2\/product_cat?post=1072"},{"taxonomy":"product_tag","embeddable":true,"href":"https:\/\/operatrafik.com\/hu\/wp-json\/wp\/v2\/product_tag?post=1072"}],"curies":[{"name":"wp","href":"https:\/\/api.w.org\/{rel}","templated":true}]}}