{"id":1075,"date":"2025-07-31T07:26:16","date_gmt":"2025-07-31T07:26:16","guid":{"rendered":"https:\/\/operatrafik.com\/product\/zino-platinum-scepter-grand-master-tubos\/"},"modified":"2025-08-15T09:36:38","modified_gmt":"2025-08-15T09:36:38","slug":"zino-platinum-scepter-grand-master-tubos","status":"publish","type":"product","link":"https:\/\/operatrafik.com\/hu\/termek\/zino-platinum-scepter-grand-master-tubos\/","title":{"rendered":"Zino Platinum Scepter Grand Master Tubos"},"content":{"rendered":"<p>A Zino Platinum Scepter Grand Master a sz\u00e9ria legenyh\u00e9bb k\u00e9pvisel\u0151je. Megjelen\u00e9se a Zino-ra jellemz\u0151en kiv\u00e1l\u00f3, \u00e9s ez t\u00fckr\u00f6z\u0151dik a szivar jellemz\u0151iben is. Egy kis kaka\u00f3, mandula, di\u00f3 \u00e9s egy enyhe m\u00e9zes jegy hat\u00e1rozza meg az \u00edzkombin\u00e1ci\u00f3t, amelyet finom \u00e9dess\u00e9g k\u00eds\u00e9r. Az \u00e9lvezet 50 \u00e9s 65 perc k\u00f6z\u00f6tt tart, \u00e9s egy sz\u00f3val \u00edrhat\u00f3 le: t\u00f6k\u00e9letess\u00e9g.<\/p>","protected":false},"excerpt":{"rendered":"<p>A Zino Platinum Scepter Grand Master a sz\u00e9ria legenyh\u00e9bb k\u00e9pvisel\u0151je. Megjelen\u00e9se a Zino-ra jellemz\u0151en kiv\u00e1l\u00f3, \u00e9s ez t\u00fckr\u00f6z\u0151dik a szivar jellemz\u0151iben is. Egy kis kaka\u00f3, mandula, di\u00f3 \u00e9s egy enyhe m\u00e9zes jegy hat\u00e1rozza meg az \u00edzkombin\u00e1ci\u00f3t, amelyet finom \u00e9dess\u00e9g k\u00eds\u00e9r. Az \u00e9lvezet 50 \u00e9s 65 perc k\u00f6z\u00f6tt tart, \u00e9s egy sz\u00f3val \u00edrhat\u00f3 le: t\u00f6k\u00e9letess\u00e9g.<\/p>","protected":false},"featured_media":1074,"comment_status":"open","ping_status":"closed","template":"","meta":[],"product_brand":[],"product_cat":[29],"product_tag":[],"class_list":{"0":"post-1075","1":"product","2":"type-product","3":"status-publish","4":"has-post-thumbnail","6":"product_cat-uncategorized","7":"pa_binder-usa-connecticut","8":"pa_color-colorado","9":"pa_filler-origin-dominica","10":"pa_filler-origin-peru","11":"pa_filler-type-longfiller","12":"pa_handmade-kezi-sodrasu","13":"pa_manufacturer-dominica","14":"pa_shape-parejo","15":"pa_size-robusto","16":"pa_strength-kozepes","17":"pa_wrapper-ecuadorian-connecticut","19":"first","20":"instock","21":"shipping-taxable","22":"purchasable","23":"product-type-simple"},"aioseo_notices":[],"_links":{"self":[{"href":"https:\/\/operatrafik.com\/hu\/wp-json\/wp\/v2\/product\/1075","targetHints":{"allow":["GET"]}}],"collection":[{"href":"https:\/\/operatrafik.com\/hu\/wp-json\/wp\/v2\/product"}],"about":[{"href":"https:\/\/operatrafik.com\/hu\/wp-json\/wp\/v2\/types\/product"}],"replies":[{"embeddable":true,"href":"https:\/\/operatrafik.com\/hu\/wp-json\/wp\/v2\/comments?post=1075"}],"wp:featuredmedia":[{"embeddable":true,"href":"https:\/\/operatrafik.com\/hu\/wp-json\/wp\/v2\/media\/1074"}],"wp:attachment":[{"href":"https:\/\/operatrafik.com\/hu\/wp-json\/wp\/v2\/media?parent=1075"}],"wp:term":[{"taxonomy":"product_brand","embeddable":true,"href":"https:\/\/operatrafik.com\/hu\/wp-json\/wp\/v2\/product_brand?post=1075"},{"taxonomy":"product_cat","embeddable":true,"href":"https:\/\/operatrafik.com\/hu\/wp-json\/wp\/v2\/product_cat?post=1075"},{"taxonomy":"product_tag","embeddable":true,"href":"https:\/\/operatrafik.com\/hu\/wp-json\/wp\/v2\/product_tag?post=1075"}],"curies":[{"name":"wp","href":"https:\/\/api.w.org\/{rel}","templated":true}]}}