{"id":1140,"date":"2025-08-14T08:23:05","date_gmt":"2025-08-14T08:23:05","guid":{"rendered":"https:\/\/operatrafik.com\/product\/wild-hunter-by-oscar-valladares-natural-toro\/"},"modified":"2025-08-18T07:16:27","modified_gmt":"2025-08-18T07:16:27","slug":"wild-hunter-by-oscar-valladares-natural-toro","status":"publish","type":"product","link":"https:\/\/operatrafik.com\/hu\/termek\/wild-hunter-by-oscar-valladares-natural-toro\/","title":{"rendered":"Wild Hunter by Oscar Valladares Natural Toro"},"content":{"rendered":"<p>Ez a hondurasi puro Oscar Valladares saj\u00e1t farmjair\u00f3l sz\u00e1rmaz\u00f3 doh\u00e1nyokat haszn\u00e1l, hogy egy ragyog\u00f3, k\u00f6zepes er\u0151ss\u00e9g\u0171, sima, f\u00f6ldes, \u00e9des testtel rendelkez\u0151 \u00edzvil\u00e1got hozzon l\u00e9tre, amely minden \u00edzl\u00e9st kiel\u00e9g\u00edt.<\/p>","protected":false},"excerpt":{"rendered":"<p>Ez a hondurasi puro Oscar Valladares saj\u00e1t farmjair\u00f3l sz\u00e1rmaz\u00f3 doh\u00e1nyokat haszn\u00e1l, hogy egy ragyog\u00f3, k\u00f6zepes er\u0151ss\u00e9g\u0171, sima, f\u00f6ldes, \u00e9des testtel rendelkez\u0151 \u00edzvil\u00e1got hozzon l\u00e9tre, amely minden \u00edzl\u00e9st kiel\u00e9g\u00edt.<\/p>","protected":false},"featured_media":1139,"comment_status":"open","ping_status":"closed","template":"","meta":[],"product_brand":[435],"product_cat":[30],"product_tag":[],"class_list":{"0":"post-1140","1":"product","2":"type-product","3":"status-publish","4":"has-post-thumbnail","6":"product_brand-oscar-valladares","7":"product_cat-cigars","8":"pa_binder-honduras","9":"pa_color-colorado-claro","10":"pa_filler-origin-honduras","11":"pa_filler-type-longfiller","12":"pa_format-parejo","13":"pa_handmade-kezi-sodrasu","14":"pa_manufacturer-honduras","15":"pa_size-toro","16":"pa_strength-kozepes-eros","17":"pa_wrapper-honduras","19":"first","20":"instock","21":"purchasable","22":"product-type-simple"},"aioseo_notices":[],"_links":{"self":[{"href":"https:\/\/operatrafik.com\/hu\/wp-json\/wp\/v2\/product\/1140","targetHints":{"allow":["GET"]}}],"collection":[{"href":"https:\/\/operatrafik.com\/hu\/wp-json\/wp\/v2\/product"}],"about":[{"href":"https:\/\/operatrafik.com\/hu\/wp-json\/wp\/v2\/types\/product"}],"replies":[{"embeddable":true,"href":"https:\/\/operatrafik.com\/hu\/wp-json\/wp\/v2\/comments?post=1140"}],"wp:featuredmedia":[{"embeddable":true,"href":"https:\/\/operatrafik.com\/hu\/wp-json\/wp\/v2\/media\/1139"}],"wp:attachment":[{"href":"https:\/\/operatrafik.com\/hu\/wp-json\/wp\/v2\/media?parent=1140"}],"wp:term":[{"taxonomy":"product_brand","embeddable":true,"href":"https:\/\/operatrafik.com\/hu\/wp-json\/wp\/v2\/product_brand?post=1140"},{"taxonomy":"product_cat","embeddable":true,"href":"https:\/\/operatrafik.com\/hu\/wp-json\/wp\/v2\/product_cat?post=1140"},{"taxonomy":"product_tag","embeddable":true,"href":"https:\/\/operatrafik.com\/hu\/wp-json\/wp\/v2\/product_tag?post=1140"}],"curies":[{"name":"wp","href":"https:\/\/api.w.org\/{rel}","templated":true}]}}