{"id":1144,"date":"2025-08-14T08:23:09","date_gmt":"2025-08-14T08:23:09","guid":{"rendered":"https:\/\/operatrafik.com\/product\/the-woody-by-oscar\/"},"modified":"2025-08-18T07:16:27","modified_gmt":"2025-08-18T07:16:27","slug":"the-woody-by-oscar","status":"publish","type":"product","link":"https:\/\/operatrafik.com\/hu\/termek\/the-woody-by-oscar\/","title":{"rendered":"The Woody by Oscar"},"content":{"rendered":"<p>Egyedi \u00e9s jellegzetes, ahogyan ez a szivar kin\u00e9z, \u00e9s el is lehet sz\u00edvni.\u00a0<br \/>\n\u00cdz\u00e9t tekintve a The Woody nagy \u00e9lvezetet ny\u00fajt az \u00ednyenceknek, enyhe-k\u00f6zepes intenzit\u00e1ssal.<\/p>","protected":false},"excerpt":{"rendered":"<p>Egyedi \u00e9s jellegzetes, ahogyan ez a szivar kin\u00e9z, \u00e9s el is lehet sz\u00edvni.\u00a0 \u00cdz\u00e9t tekintve a The Woody nagy \u00e9lvezetet ny\u00fajt az \u00ednyenceknek, enyhe-k\u00f6zepes intenzit\u00e1ssal.<\/p>","protected":false},"featured_media":1143,"comment_status":"open","ping_status":"closed","template":"","meta":[],"product_brand":[435],"product_cat":[30],"product_tag":[],"class_list":{"0":"post-1144","1":"product","2":"type-product","3":"status-publish","4":"has-post-thumbnail","6":"product_brand-oscar-valladares","7":"product_cat-cigars","8":"pa_binder-honduras","9":"pa_color-maduro","10":"pa_filler-origin-honduras","11":"pa_filler-type-honduras","12":"pa_filler-type-nicaragua","13":"pa_format-parejo","14":"pa_handmade-kozepes-eros","15":"pa_manufacturer-oscar-valladares-tobacco-co","16":"pa_strength-kozepes-eros","17":"pa_wrapper-honduras","19":"first","20":"instock","21":"purchasable","22":"product-type-simple"},"aioseo_notices":[],"_links":{"self":[{"href":"https:\/\/operatrafik.com\/hu\/wp-json\/wp\/v2\/product\/1144","targetHints":{"allow":["GET"]}}],"collection":[{"href":"https:\/\/operatrafik.com\/hu\/wp-json\/wp\/v2\/product"}],"about":[{"href":"https:\/\/operatrafik.com\/hu\/wp-json\/wp\/v2\/types\/product"}],"replies":[{"embeddable":true,"href":"https:\/\/operatrafik.com\/hu\/wp-json\/wp\/v2\/comments?post=1144"}],"wp:featuredmedia":[{"embeddable":true,"href":"https:\/\/operatrafik.com\/hu\/wp-json\/wp\/v2\/media\/1143"}],"wp:attachment":[{"href":"https:\/\/operatrafik.com\/hu\/wp-json\/wp\/v2\/media?parent=1144"}],"wp:term":[{"taxonomy":"product_brand","embeddable":true,"href":"https:\/\/operatrafik.com\/hu\/wp-json\/wp\/v2\/product_brand?post=1144"},{"taxonomy":"product_cat","embeddable":true,"href":"https:\/\/operatrafik.com\/hu\/wp-json\/wp\/v2\/product_cat?post=1144"},{"taxonomy":"product_tag","embeddable":true,"href":"https:\/\/operatrafik.com\/hu\/wp-json\/wp\/v2\/product_tag?post=1144"}],"curies":[{"name":"wp","href":"https:\/\/api.w.org\/{rel}","templated":true}]}}