{"id":1146,"date":"2025-08-14T08:23:11","date_gmt":"2025-08-14T08:23:11","guid":{"rendered":"https:\/\/operatrafik.com\/product\/the-oscar-by-oscar-valladares-connecticut-toro\/"},"modified":"2025-08-18T07:16:25","modified_gmt":"2025-08-18T07:16:25","slug":"the-oscar-by-oscar-valladares-connecticut-toro","status":"publish","type":"product","link":"https:\/\/operatrafik.com\/hu\/termek\/the-oscar-by-oscar-valladares-connecticut-toro\/","title":{"rendered":"The Oscar by Oscar Valladares Connecticut Toro"},"content":{"rendered":"<p>Az Oscar by Oscar Valladares Connecticut Toro szivarok selymes Connecticut bor\u00edt\u00f3val rendelkeznek, amely hondurasi \u00e9s nicaraguai doh\u00e1ny kever\u00e9k\u00e9t \u00f6leli k\u00f6r\u00fcl, ami enyhe vagy k\u00f6zepes test\u0171 profilt eredm\u00e9nyez, pir\u00edt\u00f3s, di\u00f3f\u00e9l\u00e9k \u00e9s egy csipetnyi f\u0171szeress\u00e9g jegyeivel. Minden egyes h\u00faz\u00e1sn\u00e1l sima \u00e9s kr\u00e9mes profilra sz\u00e1m\u00edthat, amely a pir\u00edtott di\u00f3f\u00e9l\u00e9k, a c\u00e9drus jegyei \u00e9s a finom \u00e9dess\u00e9g jegyei gy\u00f6ny\u00f6rk\u00f6dtetik az \u00edzlel\u0151bimb\u00f3kat. A k\u00f6zepesen testes er\u0151ss\u00e9g kiel\u00e9g\u00edt\u0151 f\u00fcst\u00f6t biztos\u00edt, amely a szivarrajong\u00f3k sz\u00e9les k\u00f6re sz\u00e1m\u00e1ra el\u00e9rhet\u0151.<\/p>","protected":false},"excerpt":{"rendered":"<p>Az Oscar by Oscar Valladares Connecticut Toro szivarok selymes Connecticut bor\u00edt\u00f3val rendelkeznek, amely hondurasi \u00e9s nicaraguai doh\u00e1ny kever\u00e9k\u00e9t \u00f6leli k\u00f6r\u00fcl, ami enyhe vagy k\u00f6zepes test\u0171 profilt eredm\u00e9nyez, pir\u00edt\u00f3s, di\u00f3f\u00e9l\u00e9k \u00e9s egy csipetnyi f\u0171szeress\u00e9g jegyeivel. Minden egyes h\u00faz\u00e1sn\u00e1l sima \u00e9s kr\u00e9mes profilra sz\u00e1m\u00edthat, amely a pir\u00edtott di\u00f3f\u00e9l\u00e9k, a c\u00e9drus jegyei \u00e9s a finom \u00e9dess\u00e9g jegyei gy\u00f6ny\u00f6rk\u00f6dtetik [&hellip;]<\/p>","protected":false},"featured_media":1145,"comment_status":"open","ping_status":"closed","template":"","meta":[],"product_brand":[435],"product_cat":[30],"product_tag":[],"class_list":{"0":"post-1146","1":"product","2":"type-product","3":"status-publish","4":"has-post-thumbnail","6":"product_brand-oscar-valladares","7":"product_cat-cigars","8":"pa_binder-honduras","9":"pa_color-colorado-claro","10":"pa_filler-origin-honduras","11":"pa_filler-origin-nicaragua","12":"pa_filler-type-longfiller","13":"pa_format-parejo","14":"pa_handmade-kezi-sodrasu","15":"pa_manufacturer-honduras","16":"pa_size-toro","17":"pa_strength-kozepes","18":"pa_wrapper-honduras","20":"first","21":"instock","22":"purchasable","23":"product-type-simple"},"aioseo_notices":[],"_links":{"self":[{"href":"https:\/\/operatrafik.com\/hu\/wp-json\/wp\/v2\/product\/1146","targetHints":{"allow":["GET"]}}],"collection":[{"href":"https:\/\/operatrafik.com\/hu\/wp-json\/wp\/v2\/product"}],"about":[{"href":"https:\/\/operatrafik.com\/hu\/wp-json\/wp\/v2\/types\/product"}],"replies":[{"embeddable":true,"href":"https:\/\/operatrafik.com\/hu\/wp-json\/wp\/v2\/comments?post=1146"}],"wp:featuredmedia":[{"embeddable":true,"href":"https:\/\/operatrafik.com\/hu\/wp-json\/wp\/v2\/media\/1145"}],"wp:attachment":[{"href":"https:\/\/operatrafik.com\/hu\/wp-json\/wp\/v2\/media?parent=1146"}],"wp:term":[{"taxonomy":"product_brand","embeddable":true,"href":"https:\/\/operatrafik.com\/hu\/wp-json\/wp\/v2\/product_brand?post=1146"},{"taxonomy":"product_cat","embeddable":true,"href":"https:\/\/operatrafik.com\/hu\/wp-json\/wp\/v2\/product_cat?post=1146"},{"taxonomy":"product_tag","embeddable":true,"href":"https:\/\/operatrafik.com\/hu\/wp-json\/wp\/v2\/product_tag?post=1146"}],"curies":[{"name":"wp","href":"https:\/\/api.w.org\/{rel}","templated":true}]}}