{"id":1150,"date":"2025-08-14T08:23:14","date_gmt":"2025-08-14T08:23:14","guid":{"rendered":"https:\/\/operatrafik.com\/product\/the-oscar-by-oscar-valladares-habano-sixty\/"},"modified":"2025-08-18T07:16:26","modified_gmt":"2025-08-18T07:16:26","slug":"the-oscar-by-oscar-valladares-habano-sixty","status":"publish","type":"product","link":"https:\/\/operatrafik.com\/hu\/termek\/the-oscar-by-oscar-valladares-habano-sixty\/","title":{"rendered":"The Oscar by Oscar Valladares Habano Sixty"},"content":{"rendered":"<p>A Leaf by Oscar sikere ut\u00e1n az elismert szivargy\u00e1rt\u00f3, Oscar Valladares kiadta k\u00f6vetkez\u0151 remekm\u0171v\u00e9t, amelynek egyszer\u0171en az Oscar c\u00edmet adta. Ez a k\u00f6zepes test\u0171 hondurasi robusto, amelynek amb\u00edci\u00f3ja k\u00f6nnyed\u00e9n vetekszik el\u0151dj\u00e9vel, egy eleg\u00e1ns ecuadori Habano bor\u00edt\u00f3t haszn\u00e1l a hondurasi k\u00f6t\u0151anyag \u00e9s a nicaraguai \u00e9s hondurasi t\u00f6lt\u0151anyagok tetej\u00e9n, amelyek a c\u00e9drus, a f\u00f6ld \u00e9s a csokol\u00e1d\u00e9 sima, m\u00e9gis \u00f6sszetett jegyeit biztos\u00edtj\u00e1k.<\/p>","protected":false},"excerpt":{"rendered":"<p>A Leaf by Oscar sikere ut\u00e1n az elismert szivargy\u00e1rt\u00f3, Oscar Valladares kiadta k\u00f6vetkez\u0151 remekm\u0171v\u00e9t, amelynek egyszer\u0171en az Oscar c\u00edmet adta. Ez a k\u00f6zepes test\u0171 hondurasi robusto, amelynek amb\u00edci\u00f3ja k\u00f6nnyed\u00e9n vetekszik el\u0151dj\u00e9vel, egy eleg\u00e1ns ecuadori Habano bor\u00edt\u00f3t haszn\u00e1l a hondurasi k\u00f6t\u0151anyag \u00e9s a nicaraguai \u00e9s hondurasi t\u00f6lt\u0151anyagok tetej\u00e9n, amelyek a c\u00e9drus, a f\u00f6ld \u00e9s a csokol\u00e1d\u00e9 [&hellip;]<\/p>","protected":false},"featured_media":1149,"comment_status":"open","ping_status":"closed","template":"","meta":[],"product_brand":[435],"product_cat":[30],"product_tag":[],"class_list":{"0":"post-1150","1":"product","2":"type-product","3":"status-publish","4":"has-post-thumbnail","6":"product_brand-oscar-valladares","7":"product_cat-cigars","8":"pa_binder-honduras","9":"pa_color-colorado","10":"pa_filler-origin-honduras","11":"pa_filler-origin-nicaragua","12":"pa_filler-type-longfiller","13":"pa_format-parejo","14":"pa_handmade-kezi-sodrasu","15":"pa_manufacturer-honduras","16":"pa_size-double-toro","17":"pa_strength-kozepes-eros","18":"pa_wrapper-ecuadorian-habano","20":"first","21":"instock","22":"purchasable","23":"product-type-simple"},"aioseo_notices":[],"_links":{"self":[{"href":"https:\/\/operatrafik.com\/hu\/wp-json\/wp\/v2\/product\/1150","targetHints":{"allow":["GET"]}}],"collection":[{"href":"https:\/\/operatrafik.com\/hu\/wp-json\/wp\/v2\/product"}],"about":[{"href":"https:\/\/operatrafik.com\/hu\/wp-json\/wp\/v2\/types\/product"}],"replies":[{"embeddable":true,"href":"https:\/\/operatrafik.com\/hu\/wp-json\/wp\/v2\/comments?post=1150"}],"wp:featuredmedia":[{"embeddable":true,"href":"https:\/\/operatrafik.com\/hu\/wp-json\/wp\/v2\/media\/1149"}],"wp:attachment":[{"href":"https:\/\/operatrafik.com\/hu\/wp-json\/wp\/v2\/media?parent=1150"}],"wp:term":[{"taxonomy":"product_brand","embeddable":true,"href":"https:\/\/operatrafik.com\/hu\/wp-json\/wp\/v2\/product_brand?post=1150"},{"taxonomy":"product_cat","embeddable":true,"href":"https:\/\/operatrafik.com\/hu\/wp-json\/wp\/v2\/product_cat?post=1150"},{"taxonomy":"product_tag","embeddable":true,"href":"https:\/\/operatrafik.com\/hu\/wp-json\/wp\/v2\/product_tag?post=1150"}],"curies":[{"name":"wp","href":"https:\/\/api.w.org\/{rel}","templated":true}]}}