{"id":1154,"date":"2025-08-14T08:23:18","date_gmt":"2025-08-14T08:23:18","guid":{"rendered":"https:\/\/operatrafik.com\/product\/the-oscar-by-oscar-valladares-habano-toro\/"},"modified":"2025-08-18T07:16:26","modified_gmt":"2025-08-18T07:16:26","slug":"the-oscar-by-oscar-valladares-habano-toro","status":"publish","type":"product","link":"https:\/\/operatrafik.com\/hu\/termek\/the-oscar-by-oscar-valladares-habano-toro\/","title":{"rendered":"The Oscar by Oscar Valladares Habano Toro"},"content":{"rendered":"<p>Gy\u00fajt\u00e1s ut\u00e1n azonnal egy k\u00f6zepes er\u0151ss\u00e9g\u0171 \/ k\u00f6zepes test\u0171 szivarral ker\u00fcl\u00fcnk szembe.<\/p>","protected":false},"excerpt":{"rendered":"<p>Gy\u00fajt\u00e1s ut\u00e1n azonnal egy k\u00f6zepes er\u0151ss\u00e9g\u0171 \/ k\u00f6zepes test\u0171 szivarral ker\u00fcl\u00fcnk szembe.<\/p>","protected":false},"featured_media":1153,"comment_status":"open","ping_status":"closed","template":"","meta":[],"product_brand":[435],"product_cat":[30],"product_tag":[],"class_list":{"0":"post-1154","1":"product","2":"type-product","3":"status-publish","4":"has-post-thumbnail","6":"product_brand-oscar-valladares","7":"product_cat-cigars","8":"pa_binder-honduras","9":"pa_color-colorado","10":"pa_filler-origin-honduras","11":"pa_filler-origin-nicaragua","12":"pa_filler-type-longfiller","13":"pa_format-parejo","14":"pa_handmade-kezi-sodrasu","15":"pa_manufacturer-honduras","16":"pa_size-toro","17":"pa_strength-kozepes-eros","18":"pa_wrapper-ecuadorian-habano","20":"first","21":"instock","22":"purchasable","23":"product-type-simple"},"aioseo_notices":[],"_links":{"self":[{"href":"https:\/\/operatrafik.com\/hu\/wp-json\/wp\/v2\/product\/1154","targetHints":{"allow":["GET"]}}],"collection":[{"href":"https:\/\/operatrafik.com\/hu\/wp-json\/wp\/v2\/product"}],"about":[{"href":"https:\/\/operatrafik.com\/hu\/wp-json\/wp\/v2\/types\/product"}],"replies":[{"embeddable":true,"href":"https:\/\/operatrafik.com\/hu\/wp-json\/wp\/v2\/comments?post=1154"}],"wp:featuredmedia":[{"embeddable":true,"href":"https:\/\/operatrafik.com\/hu\/wp-json\/wp\/v2\/media\/1153"}],"wp:attachment":[{"href":"https:\/\/operatrafik.com\/hu\/wp-json\/wp\/v2\/media?parent=1154"}],"wp:term":[{"taxonomy":"product_brand","embeddable":true,"href":"https:\/\/operatrafik.com\/hu\/wp-json\/wp\/v2\/product_brand?post=1154"},{"taxonomy":"product_cat","embeddable":true,"href":"https:\/\/operatrafik.com\/hu\/wp-json\/wp\/v2\/product_cat?post=1154"},{"taxonomy":"product_tag","embeddable":true,"href":"https:\/\/operatrafik.com\/hu\/wp-json\/wp\/v2\/product_tag?post=1154"}],"curies":[{"name":"wp","href":"https:\/\/api.w.org\/{rel}","templated":true}]}}