{"id":1156,"date":"2025-08-14T08:23:20","date_gmt":"2025-08-14T08:23:20","guid":{"rendered":"https:\/\/operatrafik.com\/product\/the-oscar-by-oscar-valladares-maduro-robusto\/"},"modified":"2025-08-18T07:16:26","modified_gmt":"2025-08-18T07:16:26","slug":"the-oscar-by-oscar-valladares-maduro-robusto","status":"publish","type":"product","link":"https:\/\/operatrafik.com\/hu\/termek\/the-oscar-by-oscar-valladares-maduro-robusto\/","title":{"rendered":"The Oscar by Oscar Valladares Maduro Robusto"},"content":{"rendered":"<p>Az els\u0151 harmad nagyon tiszt\u00e1n indul, sz\u00e9p, telt f\u00fcsttel.<br \/>\nA vir\u00e1gos aroma al\u00e1bbhagy, \u00e9s az \u00edzprofil sz\u00e9p mennyis\u00e9g\u0171 t\u00f6lgyf\u00e1b\u00f3l, f\u00f6ldes t\u00f3nusokb\u00f3l \u00e9s egy enyhe k\u00e1v\u00e9s lecseng\u00e9sb\u0151l \u00e1ll.<br \/>\nA k\u00f6z\u00e9pr\u00e9szben a szivar ontja a csokol\u00e1d\u00e9t.\u00a0\u00c9des karamell, lassan cs\u00f6p\u00f6g\u0151 melasz \u00e9s tejcsokol\u00e1d\u00e9 mellett\u00a0ropog\u00f3s b\u0151r\u00f6s \u00edzek fejl\u0151dnek.<br \/>\nEr\u0151sebb borsos jegyek, f\u00e1s \u00edzek adj\u00e1k a befejez\u00e9st.<\/p>","protected":false},"excerpt":{"rendered":"<p>Az els\u0151 harmad nagyon tiszt\u00e1n indul, sz\u00e9p, telt f\u00fcsttel. A vir\u00e1gos aroma al\u00e1bbhagy, \u00e9s az \u00edzprofil sz\u00e9p mennyis\u00e9g\u0171 t\u00f6lgyf\u00e1b\u00f3l, f\u00f6ldes t\u00f3nusokb\u00f3l \u00e9s egy enyhe k\u00e1v\u00e9s lecseng\u00e9sb\u0151l \u00e1ll. A k\u00f6z\u00e9pr\u00e9szben a szivar ontja a csokol\u00e1d\u00e9t.\u00a0\u00c9des karamell, lassan cs\u00f6p\u00f6g\u0151 melasz \u00e9s tejcsokol\u00e1d\u00e9 mellett\u00a0ropog\u00f3s b\u0151r\u00f6s \u00edzek fejl\u0151dnek. Er\u0151sebb borsos jegyek, f\u00e1s \u00edzek adj\u00e1k a befejez\u00e9st.<\/p>","protected":false},"featured_media":1155,"comment_status":"open","ping_status":"closed","template":"","meta":[],"product_brand":[435],"product_cat":[30],"product_tag":[],"class_list":{"0":"post-1156","1":"product","2":"type-product","3":"status-publish","4":"has-post-thumbnail","6":"product_brand-oscar-valladares","7":"product_cat-cigars","8":"pa_binder-honduras","9":"pa_color-maduro","10":"pa_filler-origin-honduras","11":"pa_filler-origin-nicaragua","12":"pa_filler-type-longfiller","13":"pa_format-parejo","14":"pa_handmade-kezi-sodrasu","15":"pa_manufacturer-honduras","16":"pa_size-robusto","17":"pa_strength-kozepes-eros","18":"pa_wrapper-mexican-san-andres","20":"first","21":"instock","22":"purchasable","23":"product-type-simple"},"aioseo_notices":[],"_links":{"self":[{"href":"https:\/\/operatrafik.com\/hu\/wp-json\/wp\/v2\/product\/1156","targetHints":{"allow":["GET"]}}],"collection":[{"href":"https:\/\/operatrafik.com\/hu\/wp-json\/wp\/v2\/product"}],"about":[{"href":"https:\/\/operatrafik.com\/hu\/wp-json\/wp\/v2\/types\/product"}],"replies":[{"embeddable":true,"href":"https:\/\/operatrafik.com\/hu\/wp-json\/wp\/v2\/comments?post=1156"}],"wp:featuredmedia":[{"embeddable":true,"href":"https:\/\/operatrafik.com\/hu\/wp-json\/wp\/v2\/media\/1155"}],"wp:attachment":[{"href":"https:\/\/operatrafik.com\/hu\/wp-json\/wp\/v2\/media?parent=1156"}],"wp:term":[{"taxonomy":"product_brand","embeddable":true,"href":"https:\/\/operatrafik.com\/hu\/wp-json\/wp\/v2\/product_brand?post=1156"},{"taxonomy":"product_cat","embeddable":true,"href":"https:\/\/operatrafik.com\/hu\/wp-json\/wp\/v2\/product_cat?post=1156"},{"taxonomy":"product_tag","embeddable":true,"href":"https:\/\/operatrafik.com\/hu\/wp-json\/wp\/v2\/product_tag?post=1156"}],"curies":[{"name":"wp","href":"https:\/\/api.w.org\/{rel}","templated":true}]}}