{"id":1160,"date":"2025-08-14T08:23:23","date_gmt":"2025-08-14T08:23:23","guid":{"rendered":"https:\/\/operatrafik.com\/product\/the-brotherhood-no-1-by-oscar-valladares\/"},"modified":"2025-08-18T07:16:25","modified_gmt":"2025-08-18T07:16:25","slug":"the-brotherhood-no-1-by-oscar-valladares","status":"publish","type":"product","link":"https:\/\/operatrafik.com\/hu\/termek\/the-brotherhood-no-1-by-oscar-valladares\/","title":{"rendered":"The Brotherhood No. 1 by Oscar Valladares"},"content":{"rendered":"<p>Az Oscar Valladares Brotherhood No.1 egy k\u00f6zepes test\u0171 szivar, hib\u00e1tlan \u00e9g\u00e9ssel.<\/p>","protected":false},"excerpt":{"rendered":"<p>Az Oscar Valladares Brotherhood No.1 egy k\u00f6zepes test\u0171 szivar, hib\u00e1tlan \u00e9g\u00e9ssel.<\/p>","protected":false},"featured_media":1159,"comment_status":"open","ping_status":"closed","template":"","meta":[],"product_brand":[435],"product_cat":[30],"product_tag":[],"class_list":{"0":"post-1160","1":"product","2":"type-product","3":"status-publish","4":"has-post-thumbnail","6":"product_brand-oscar-valladares","7":"product_cat-cigars","8":"pa_binder-nicaragua","9":"pa_color-colorado-claro","10":"pa_filler-origin-nicaragua","11":"pa_filler-type-longfiller","12":"pa_format-parejo","13":"pa_handmade-kezi-sodrasu","14":"pa_manufacturer-honduras","15":"pa_size-toro","16":"pa_strength-kozepes-eros","17":"pa_wrapper-ecuadorian-sumatra","19":"first","20":"instock","21":"purchasable","22":"product-type-simple"},"aioseo_notices":[],"_links":{"self":[{"href":"https:\/\/operatrafik.com\/hu\/wp-json\/wp\/v2\/product\/1160","targetHints":{"allow":["GET"]}}],"collection":[{"href":"https:\/\/operatrafik.com\/hu\/wp-json\/wp\/v2\/product"}],"about":[{"href":"https:\/\/operatrafik.com\/hu\/wp-json\/wp\/v2\/types\/product"}],"replies":[{"embeddable":true,"href":"https:\/\/operatrafik.com\/hu\/wp-json\/wp\/v2\/comments?post=1160"}],"wp:featuredmedia":[{"embeddable":true,"href":"https:\/\/operatrafik.com\/hu\/wp-json\/wp\/v2\/media\/1159"}],"wp:attachment":[{"href":"https:\/\/operatrafik.com\/hu\/wp-json\/wp\/v2\/media?parent=1160"}],"wp:term":[{"taxonomy":"product_brand","embeddable":true,"href":"https:\/\/operatrafik.com\/hu\/wp-json\/wp\/v2\/product_brand?post=1160"},{"taxonomy":"product_cat","embeddable":true,"href":"https:\/\/operatrafik.com\/hu\/wp-json\/wp\/v2\/product_cat?post=1160"},{"taxonomy":"product_tag","embeddable":true,"href":"https:\/\/operatrafik.com\/hu\/wp-json\/wp\/v2\/product_tag?post=1160"}],"curies":[{"name":"wp","href":"https:\/\/api.w.org\/{rel}","templated":true}]}}