{"id":1162,"date":"2025-08-14T08:23:27","date_gmt":"2025-08-14T08:23:27","guid":{"rendered":"https:\/\/operatrafik.com\/product\/teatro-del-mundo-robusto\/"},"modified":"2025-08-18T07:16:25","modified_gmt":"2025-08-18T07:16:25","slug":"teatro-del-mundo-robusto","status":"publish","type":"product","link":"https:\/\/operatrafik.com\/hu\/termek\/teatro-del-mundo-robusto\/","title":{"rendered":"Teatro del Mundo Robusto"},"content":{"rendered":"<p>Ennek a szivarnak az arom\u00e1ja egyszer\u0171en mennyei. Az intenz\u00edv csokol\u00e1d\u00e9 \u00edzek \u00e1thatj\u00e1k a sz\u00e1jpadl\u00e1st \u00e9s \u00e9rz\u00e9ki doh\u00e1nyz\u00e1si \u00e9lm\u00e9nyt biztos\u00edtanak. A &#8220;Teatro del Mundo&#8221; t\u00f6k\u00e9letes egy pihentet\u0151 est\u00e9re v\u00e1gy\u00f3 \u00ednyenceknek, vagy b\u00e1rkinek, aki egyszer\u0171en csak egy kiv\u00e1l\u00f3 szivart szeretne \u00e9lvezni.<\/p>","protected":false},"excerpt":{"rendered":"<p>Ennek a szivarnak az arom\u00e1ja egyszer\u0171en mennyei. Az intenz\u00edv csokol\u00e1d\u00e9 \u00edzek \u00e1thatj\u00e1k a sz\u00e1jpadl\u00e1st \u00e9s \u00e9rz\u00e9ki doh\u00e1nyz\u00e1si \u00e9lm\u00e9nyt biztos\u00edtanak. A &#8220;Teatro del Mundo&#8221; t\u00f6k\u00e9letes egy pihentet\u0151 est\u00e9re v\u00e1gy\u00f3 \u00ednyenceknek, vagy b\u00e1rkinek, aki egyszer\u0171en csak egy kiv\u00e1l\u00f3 szivart szeretne \u00e9lvezni.<\/p>","protected":false},"featured_media":1161,"comment_status":"open","ping_status":"closed","template":"","meta":[],"product_brand":[443],"product_cat":[30],"product_tag":[],"class_list":{"0":"post-1162","1":"product","2":"type-product","3":"status-publish","4":"has-post-thumbnail","6":"product_brand-teatro-del-mundo","7":"product_cat-cigars","8":"pa_binder-nicaragua","9":"pa_color-colorado","10":"pa_filler-origin-nicaragua","11":"pa_filler-type-longfiller","12":"pa_format-parejo","13":"pa_handmade-kezi-sodrasu","14":"pa_manufacturer-nicaragua","15":"pa_size-robusto","16":"pa_strength-kozepes","17":"pa_wrapper-nicaragua","19":"first","20":"instock","21":"purchasable","22":"product-type-simple"},"aioseo_notices":[],"_links":{"self":[{"href":"https:\/\/operatrafik.com\/hu\/wp-json\/wp\/v2\/product\/1162","targetHints":{"allow":["GET"]}}],"collection":[{"href":"https:\/\/operatrafik.com\/hu\/wp-json\/wp\/v2\/product"}],"about":[{"href":"https:\/\/operatrafik.com\/hu\/wp-json\/wp\/v2\/types\/product"}],"replies":[{"embeddable":true,"href":"https:\/\/operatrafik.com\/hu\/wp-json\/wp\/v2\/comments?post=1162"}],"wp:featuredmedia":[{"embeddable":true,"href":"https:\/\/operatrafik.com\/hu\/wp-json\/wp\/v2\/media\/1161"}],"wp:attachment":[{"href":"https:\/\/operatrafik.com\/hu\/wp-json\/wp\/v2\/media?parent=1162"}],"wp:term":[{"taxonomy":"product_brand","embeddable":true,"href":"https:\/\/operatrafik.com\/hu\/wp-json\/wp\/v2\/product_brand?post=1162"},{"taxonomy":"product_cat","embeddable":true,"href":"https:\/\/operatrafik.com\/hu\/wp-json\/wp\/v2\/product_cat?post=1162"},{"taxonomy":"product_tag","embeddable":true,"href":"https:\/\/operatrafik.com\/hu\/wp-json\/wp\/v2\/product_tag?post=1162"}],"curies":[{"name":"wp","href":"https:\/\/api.w.org\/{rel}","templated":true}]}}