{"id":1164,"date":"2025-08-14T08:23:29","date_gmt":"2025-08-14T08:23:29","guid":{"rendered":"https:\/\/operatrafik.com\/product\/super-fly-by-oscar-valladares-maduro-gordo\/"},"modified":"2025-08-18T07:16:25","modified_gmt":"2025-08-18T07:16:25","slug":"super-fly-by-oscar-valladares-maduro-gordo","status":"publish","type":"product","link":"https:\/\/operatrafik.com\/hu\/termek\/super-fly-by-oscar-valladares-maduro-gordo\/","title":{"rendered":"Super Fly by Oscar Valladares Maduro Gordo"},"content":{"rendered":"<p>A szivar gy\u00fajt\u00e1s k\u00f6zben gazdag, kr\u00e9mes \u00edzvil\u00e1ggal \u00e1rad, ami csak arra v\u00e1r, hogy pezsg\u0151vel vagy konyakkal p\u00e1ros\u00edts\u00e1k. A kaka\u00f3, a t\u00f6lgy, a fekete bors, az eszpressz\u00f3, a melasz \u00e9s a fah\u00e9j eg\u00e9sz \u00e9jszaka ugr\u00e1sra k\u00e9szteti az \u00edzlel\u0151bimb\u00f3kat.<\/p>","protected":false},"excerpt":{"rendered":"<p>A szivar gy\u00fajt\u00e1s k\u00f6zben gazdag, kr\u00e9mes \u00edzvil\u00e1ggal \u00e1rad, ami csak arra v\u00e1r, hogy pezsg\u0151vel vagy konyakkal p\u00e1ros\u00edts\u00e1k. A kaka\u00f3, a t\u00f6lgy, a fekete bors, az eszpressz\u00f3, a melasz \u00e9s a fah\u00e9j eg\u00e9sz \u00e9jszaka ugr\u00e1sra k\u00e9szteti az \u00edzlel\u0151bimb\u00f3kat.<\/p>","protected":false},"featured_media":1163,"comment_status":"open","ping_status":"closed","template":"","meta":[],"product_brand":[435],"product_cat":[30],"product_tag":[],"class_list":{"0":"post-1164","1":"product","2":"type-product","3":"status-publish","4":"has-post-thumbnail","6":"product_brand-oscar-valladares","7":"product_cat-cigars","8":"pa_binder-honduras","9":"pa_color-maduro","10":"pa_filler-origin-dominica","11":"pa_filler-origin-honduras","12":"pa_filler-origin-nicaragua","13":"pa_filler-type-longfiller","14":"pa_format-parejo","15":"pa_handmade-kezi-sodrasu","16":"pa_manufacturer-honduras","17":"pa_size-double-toro","18":"pa_strength-eros","19":"pa_wrapper-mexican-san-andres-maduro","21":"first","22":"instock","23":"purchasable","24":"product-type-simple"},"aioseo_notices":[],"_links":{"self":[{"href":"https:\/\/operatrafik.com\/hu\/wp-json\/wp\/v2\/product\/1164","targetHints":{"allow":["GET"]}}],"collection":[{"href":"https:\/\/operatrafik.com\/hu\/wp-json\/wp\/v2\/product"}],"about":[{"href":"https:\/\/operatrafik.com\/hu\/wp-json\/wp\/v2\/types\/product"}],"replies":[{"embeddable":true,"href":"https:\/\/operatrafik.com\/hu\/wp-json\/wp\/v2\/comments?post=1164"}],"wp:featuredmedia":[{"embeddable":true,"href":"https:\/\/operatrafik.com\/hu\/wp-json\/wp\/v2\/media\/1163"}],"wp:attachment":[{"href":"https:\/\/operatrafik.com\/hu\/wp-json\/wp\/v2\/media?parent=1164"}],"wp:term":[{"taxonomy":"product_brand","embeddable":true,"href":"https:\/\/operatrafik.com\/hu\/wp-json\/wp\/v2\/product_brand?post=1164"},{"taxonomy":"product_cat","embeddable":true,"href":"https:\/\/operatrafik.com\/hu\/wp-json\/wp\/v2\/product_cat?post=1164"},{"taxonomy":"product_tag","embeddable":true,"href":"https:\/\/operatrafik.com\/hu\/wp-json\/wp\/v2\/product_tag?post=1164"}],"curies":[{"name":"wp","href":"https:\/\/api.w.org\/{rel}","templated":true}]}}