{"id":1172,"date":"2025-08-14T08:23:36","date_gmt":"2025-08-14T08:23:36","guid":{"rendered":"https:\/\/operatrafik.com\/product\/santiago-valladares-exclusivo-europa-2024-petit-toro\/"},"modified":"2025-09-01T12:30:25","modified_gmt":"2025-09-01T12:30:25","slug":"santiago-valladares-exclusivo-europa-2024-petit-toro","status":"publish","type":"product","link":"https:\/\/operatrafik.com\/hu\/termek\/santiago-valladares-exclusivo-europa-2024-petit-toro\/","title":{"rendered":"Santiago Valladares Exclusivo Europa 2024 Petit Toro"},"content":{"rendered":"<p>A Santiago Valladares nevet Oscar Valladares v\u00e1lasztotta, hogy \u00edgy tisztelegjen fia el\u0151tt \u00e9s hagyjon \u00f6r\u00f6ks\u00e9get a nev\u00e9ben.<\/p>","protected":false},"excerpt":{"rendered":"<p>A Santiago Valladares nevet Oscar Valladares v\u00e1lasztotta, hogy \u00edgy tisztelegjen fia el\u0151tt \u00e9s hagyjon \u00f6r\u00f6ks\u00e9get a nev\u00e9ben.<\/p>","protected":false},"featured_media":1171,"comment_status":"open","ping_status":"closed","template":"","meta":[],"product_brand":[435],"product_cat":[30],"product_tag":[],"class_list":{"0":"post-1172","1":"product","2":"type-product","3":"status-publish","4":"has-post-thumbnail","6":"product_brand-oscar-valladares","7":"product_cat-cigars","8":"pa_binder-honduras","9":"pa_color-colorado","10":"pa_filler-origin-honduras","11":"pa_filler-origin-nicaragua","12":"pa_filler-type-longfiller","13":"pa_format-parejo","14":"pa_handmade-kezi-sodrasu","15":"pa_manufacturer-honduras","16":"pa_size-toro","17":"pa_strength-kozepes","18":"pa_wrapper-ecuadorian-habano","20":"first","21":"instock","22":"purchasable","23":"product-type-simple"},"aioseo_notices":[],"_links":{"self":[{"href":"https:\/\/operatrafik.com\/hu\/wp-json\/wp\/v2\/product\/1172","targetHints":{"allow":["GET"]}}],"collection":[{"href":"https:\/\/operatrafik.com\/hu\/wp-json\/wp\/v2\/product"}],"about":[{"href":"https:\/\/operatrafik.com\/hu\/wp-json\/wp\/v2\/types\/product"}],"replies":[{"embeddable":true,"href":"https:\/\/operatrafik.com\/hu\/wp-json\/wp\/v2\/comments?post=1172"}],"wp:featuredmedia":[{"embeddable":true,"href":"https:\/\/operatrafik.com\/hu\/wp-json\/wp\/v2\/media\/1171"}],"wp:attachment":[{"href":"https:\/\/operatrafik.com\/hu\/wp-json\/wp\/v2\/media?parent=1172"}],"wp:term":[{"taxonomy":"product_brand","embeddable":true,"href":"https:\/\/operatrafik.com\/hu\/wp-json\/wp\/v2\/product_brand?post=1172"},{"taxonomy":"product_cat","embeddable":true,"href":"https:\/\/operatrafik.com\/hu\/wp-json\/wp\/v2\/product_cat?post=1172"},{"taxonomy":"product_tag","embeddable":true,"href":"https:\/\/operatrafik.com\/hu\/wp-json\/wp\/v2\/product_tag?post=1172"}],"curies":[{"name":"wp","href":"https:\/\/api.w.org\/{rel}","templated":true}]}}