{"id":1176,"date":"2025-08-14T08:23:40","date_gmt":"2025-08-14T08:23:40","guid":{"rendered":"https:\/\/operatrafik.com\/product\/roma-craft-wunderlust-robusto-bunde\/"},"modified":"2025-08-18T07:16:25","modified_gmt":"2025-08-18T07:16:25","slug":"roma-craft-wunderlust-robusto-bunde","status":"publish","type":"product","link":"https:\/\/operatrafik.com\/hu\/termek\/roma-craft-wunderlust-robusto-bunde\/","title":{"rendered":"RoMa Craft WunderLust Robusto B\u00fcnde"},"content":{"rendered":"<p>A Roma Craft szivarok h\u00edresek az er\u0151ss\u00e9g\u00fck miatt. A WunderLust sz\u00e9ria szembemegy ezzel a h\u00edrn\u00e9vvel, ezek a szivarok k\u00f6zepes er\u0151ss\u00e9g\u0171ek.<\/p>","protected":false},"excerpt":{"rendered":"<p>A Roma Craft szivarok h\u00edresek az er\u0151ss\u00e9g\u00fck miatt. A WunderLust sz\u00e9ria szembemegy ezzel a h\u00edrn\u00e9vvel, ezek a szivarok k\u00f6zepes er\u0151ss\u00e9g\u0171ek.<\/p>","protected":false},"featured_media":1175,"comment_status":"open","ping_status":"closed","template":"","meta":[],"product_brand":[439],"product_cat":[30],"product_tag":[],"class_list":{"0":"post-1176","1":"product","2":"type-product","3":"status-publish","4":"has-post-thumbnail","6":"product_brand-roma-craft","7":"product_cat-cigars","8":"pa_binder-brazilian-mata-fina","9":"pa_color-maduro","10":"pa_filler-origin-indonesian-besuki","11":"pa_filler-type-longfiller","12":"pa_format-parejo","13":"pa_handmade-kozepes","14":"pa_manufacturer-fabrica-de-tabacos-nica-sueno-s-a","15":"pa_size-robusto","16":"pa_strength-kozepes","17":"pa_wrapper-nicaragua","19":"first","20":"instock","21":"purchasable","22":"product-type-simple"},"aioseo_notices":[],"_links":{"self":[{"href":"https:\/\/operatrafik.com\/hu\/wp-json\/wp\/v2\/product\/1176","targetHints":{"allow":["GET"]}}],"collection":[{"href":"https:\/\/operatrafik.com\/hu\/wp-json\/wp\/v2\/product"}],"about":[{"href":"https:\/\/operatrafik.com\/hu\/wp-json\/wp\/v2\/types\/product"}],"replies":[{"embeddable":true,"href":"https:\/\/operatrafik.com\/hu\/wp-json\/wp\/v2\/comments?post=1176"}],"wp:featuredmedia":[{"embeddable":true,"href":"https:\/\/operatrafik.com\/hu\/wp-json\/wp\/v2\/media\/1175"}],"wp:attachment":[{"href":"https:\/\/operatrafik.com\/hu\/wp-json\/wp\/v2\/media?parent=1176"}],"wp:term":[{"taxonomy":"product_brand","embeddable":true,"href":"https:\/\/operatrafik.com\/hu\/wp-json\/wp\/v2\/product_brand?post=1176"},{"taxonomy":"product_cat","embeddable":true,"href":"https:\/\/operatrafik.com\/hu\/wp-json\/wp\/v2\/product_cat?post=1176"},{"taxonomy":"product_tag","embeddable":true,"href":"https:\/\/operatrafik.com\/hu\/wp-json\/wp\/v2\/product_tag?post=1176"}],"curies":[{"name":"wp","href":"https:\/\/api.w.org\/{rel}","templated":true}]}}