{"id":1188,"date":"2025-08-14T08:23:52","date_gmt":"2025-08-14T08:23:52","guid":{"rendered":"https:\/\/operatrafik.com\/product\/roma-craft-quinquagenario-robusto\/"},"modified":"2025-08-18T07:16:24","modified_gmt":"2025-08-18T07:16:24","slug":"roma-craft-quinquagenario-robusto","status":"publish","type":"product","link":"https:\/\/operatrafik.com\/hu\/termek\/roma-craft-quinquagenario-robusto\/","title":{"rendered":"RoMa Craft Quinquagenario Robusto"},"content":{"rendered":"<p>K\u00f6zepes er\u0151ss\u00e9g\u0171 szivar, amely \u00edzl\u00e9s\u00e9nek kellemes komplexit\u00e1s\u00e1val f\u0171szeres, f\u00f6ldes \u00e9s k\u00e1v\u00e9s jegyeket tartalmaz, kr\u00e9mess\u00e9ggel a h\u00e1tt\u00e9rben. A s\u00f6t\u00e9tbarna ecuadori Sumatra-magvakb\u00f3l k\u00e9sz\u00fclt maduro bor\u00edt\u00f3 a Dominikai K\u00f6zt\u00e1rsas\u00e1gb\u00f3l sz\u00e1rmaz\u00f3 pr\u00e9mium doh\u00e1nylevelekb\u0151l k\u00e9sz\u00fclt k\u00f6t\u0151anyagot \u00e9s t\u00f6lt\u0151anyagot bor\u00edtja.<\/p>","protected":false},"excerpt":{"rendered":"<p>K\u00f6zepes er\u0151ss\u00e9g\u0171 szivar, amely \u00edzl\u00e9s\u00e9nek kellemes komplexit\u00e1s\u00e1val f\u0171szeres, f\u00f6ldes \u00e9s k\u00e1v\u00e9s jegyeket tartalmaz, kr\u00e9mess\u00e9ggel a h\u00e1tt\u00e9rben. A s\u00f6t\u00e9tbarna ecuadori Sumatra-magvakb\u00f3l k\u00e9sz\u00fclt maduro bor\u00edt\u00f3 a Dominikai K\u00f6zt\u00e1rsas\u00e1gb\u00f3l sz\u00e1rmaz\u00f3 pr\u00e9mium doh\u00e1nylevelekb\u0151l k\u00e9sz\u00fclt k\u00f6t\u0151anyagot \u00e9s t\u00f6lt\u0151anyagot bor\u00edtja.<\/p>","protected":false},"featured_media":1187,"comment_status":"open","ping_status":"closed","template":"","meta":[],"product_brand":[439],"product_cat":[30],"product_tag":[],"class_list":{"0":"post-1188","1":"product","2":"type-product","3":"status-publish","4":"has-post-thumbnail","6":"product_brand-roma-craft","7":"product_cat-cigars","8":"pa_binder-dominica","9":"pa_color-colorado-maduro","10":"pa_filler-origin-dominica","11":"pa_filler-type-longfiller","12":"pa_format-parejo","13":"pa_handmade-kezi-sodrasu","14":"pa_manufacturer-dominica","15":"pa_size-robusto","16":"pa_strength-kozepes","17":"pa_wrapper-ecuadorian-sumatra-seed","19":"first","20":"instock","21":"purchasable","22":"product-type-simple"},"aioseo_notices":[],"_links":{"self":[{"href":"https:\/\/operatrafik.com\/hu\/wp-json\/wp\/v2\/product\/1188","targetHints":{"allow":["GET"]}}],"collection":[{"href":"https:\/\/operatrafik.com\/hu\/wp-json\/wp\/v2\/product"}],"about":[{"href":"https:\/\/operatrafik.com\/hu\/wp-json\/wp\/v2\/types\/product"}],"replies":[{"embeddable":true,"href":"https:\/\/operatrafik.com\/hu\/wp-json\/wp\/v2\/comments?post=1188"}],"wp:featuredmedia":[{"embeddable":true,"href":"https:\/\/operatrafik.com\/hu\/wp-json\/wp\/v2\/media\/1187"}],"wp:attachment":[{"href":"https:\/\/operatrafik.com\/hu\/wp-json\/wp\/v2\/media?parent=1188"}],"wp:term":[{"taxonomy":"product_brand","embeddable":true,"href":"https:\/\/operatrafik.com\/hu\/wp-json\/wp\/v2\/product_brand?post=1188"},{"taxonomy":"product_cat","embeddable":true,"href":"https:\/\/operatrafik.com\/hu\/wp-json\/wp\/v2\/product_cat?post=1188"},{"taxonomy":"product_tag","embeddable":true,"href":"https:\/\/operatrafik.com\/hu\/wp-json\/wp\/v2\/product_tag?post=1188"}],"curies":[{"name":"wp","href":"https:\/\/api.w.org\/{rel}","templated":true}]}}