{"id":1190,"date":"2025-08-14T08:23:54","date_gmt":"2025-08-14T08:23:54","guid":{"rendered":"https:\/\/operatrafik.com\/product\/roma-craft-neanderthal-kfg-robusto\/"},"modified":"2025-08-18T07:16:24","modified_gmt":"2025-08-18T07:16:24","slug":"roma-craft-neanderthal-kfg-robusto","status":"publish","type":"product","link":"https:\/\/operatrafik.com\/hu\/termek\/roma-craft-neanderthal-kfg-robusto\/","title":{"rendered":"RoMa Craft Neanderthal KFG Robusto"},"content":{"rendered":"<p>A RoMa Craft Neanderthal KFG szivar egy k\u00f6zepes test\u0171 robusto, amely egy pik\u00e1ns, olajos, s\u00f6t\u00e9t mexik\u00f3i San Andres maduro bor\u00edt\u00f3t visel, amelyet egy USA Connecticut Broadleaf k\u00f6t\u0151anyag \u00e9s egy USA Pennsylvania, Nicaraguai \u00e9s Dominikai K\u00f6zt\u00e1rsas\u00e1gi levelekb\u0151l \u00e1ll\u00f3 t\u00f6lt\u0151anyag bor\u00edt. Meggy\u00fajt\u00e1s ut\u00e1n a KFG \u00e9l\u00e9nk\u00edt\u0151, de nem nyomaszt\u00f3 f\u00fcst\u00f6l\u00e9si \u00e9lm\u00e9nyt ny\u00fajt f\u0171szeres jegyekkel \u00e9s m\u00f6g\u00f6ttes \u00e9dess\u00e9ggel.<\/p>","protected":false},"excerpt":{"rendered":"<p>A RoMa Craft Neanderthal KFG szivar egy k\u00f6zepes test\u0171 robusto, amely egy pik\u00e1ns, olajos, s\u00f6t\u00e9t mexik\u00f3i San Andres maduro bor\u00edt\u00f3t visel, amelyet egy USA Connecticut Broadleaf k\u00f6t\u0151anyag \u00e9s egy USA Pennsylvania, Nicaraguai \u00e9s Dominikai K\u00f6zt\u00e1rsas\u00e1gi levelekb\u0151l \u00e1ll\u00f3 t\u00f6lt\u0151anyag bor\u00edt. Meggy\u00fajt\u00e1s ut\u00e1n a KFG \u00e9l\u00e9nk\u00edt\u0151, de nem nyomaszt\u00f3 f\u00fcst\u00f6l\u00e9si \u00e9lm\u00e9nyt ny\u00fajt f\u0171szeres jegyekkel \u00e9s m\u00f6g\u00f6ttes \u00e9dess\u00e9ggel.<\/p>","protected":false},"featured_media":1189,"comment_status":"open","ping_status":"closed","template":"","meta":[],"product_brand":[439],"product_cat":[30],"product_tag":[],"class_list":{"0":"post-1190","1":"product","2":"type-product","3":"status-publish","4":"has-post-thumbnail","6":"product_brand-roma-craft","7":"product_cat-cigars","8":"pa_binder-usa-connecticut-broadleaf","9":"pa_color-maduro","10":"pa_filler-origin-dominica","11":"pa_filler-origin-nicaragua","12":"pa_filler-origin-usa-pennsylvania","13":"pa_filler-type-longfiller","14":"pa_format-parejo","15":"pa_handmade-kezi-sodrasu","16":"pa_manufacturer-nicaragua","17":"pa_size-robusto","18":"pa_strength-kozepes-eros","19":"pa_wrapper-mexican-san-andres-maduro","21":"first","22":"instock","23":"purchasable","24":"product-type-simple"},"aioseo_notices":[],"_links":{"self":[{"href":"https:\/\/operatrafik.com\/hu\/wp-json\/wp\/v2\/product\/1190","targetHints":{"allow":["GET"]}}],"collection":[{"href":"https:\/\/operatrafik.com\/hu\/wp-json\/wp\/v2\/product"}],"about":[{"href":"https:\/\/operatrafik.com\/hu\/wp-json\/wp\/v2\/types\/product"}],"replies":[{"embeddable":true,"href":"https:\/\/operatrafik.com\/hu\/wp-json\/wp\/v2\/comments?post=1190"}],"wp:featuredmedia":[{"embeddable":true,"href":"https:\/\/operatrafik.com\/hu\/wp-json\/wp\/v2\/media\/1189"}],"wp:attachment":[{"href":"https:\/\/operatrafik.com\/hu\/wp-json\/wp\/v2\/media?parent=1190"}],"wp:term":[{"taxonomy":"product_brand","embeddable":true,"href":"https:\/\/operatrafik.com\/hu\/wp-json\/wp\/v2\/product_brand?post=1190"},{"taxonomy":"product_cat","embeddable":true,"href":"https:\/\/operatrafik.com\/hu\/wp-json\/wp\/v2\/product_cat?post=1190"},{"taxonomy":"product_tag","embeddable":true,"href":"https:\/\/operatrafik.com\/hu\/wp-json\/wp\/v2\/product_tag?post=1190"}],"curies":[{"name":"wp","href":"https:\/\/api.w.org\/{rel}","templated":true}]}}