{"id":1192,"date":"2025-08-14T08:23:56","date_gmt":"2025-08-14T08:23:56","guid":{"rendered":"https:\/\/operatrafik.com\/product\/roma-craft-intemperance-ba-xxi-intrigue\/"},"modified":"2025-08-18T07:16:23","modified_gmt":"2025-08-18T07:16:23","slug":"roma-craft-intemperance-ba-xxi-intrigue","status":"publish","type":"product","link":"https:\/\/operatrafik.com\/hu\/termek\/roma-craft-intemperance-ba-xxi-intrigue\/","title":{"rendered":"RoMa Craft Intemperance BA XXI Intrigue"},"content":{"rendered":"<p>Az Intemperance BA vonal egy er\u0151sebb pr\u00e9mium butikszivar Nicaragu\u00e1b\u00f3l. Sz\u00edv\u00f3s, testes \u00edz\u00e9t egyedi \u00f6sszet\u00e9tel\u00e9nek k\u00f6sz\u00f6nheti, amely nicaraguai t\u00f6lt\u0151anyagb\u00f3l, indon\u00e9ziai k\u00f6t\u0151anyagb\u00f3l \u00e9s arom\u00e1s brazil Arapiraca bor\u00edt\u00f3b\u00f3l \u00e1ll.<\/p>","protected":false},"excerpt":{"rendered":"<p>Az Intemperance BA vonal egy er\u0151sebb pr\u00e9mium butikszivar Nicaragu\u00e1b\u00f3l. Sz\u00edv\u00f3s, testes \u00edz\u00e9t egyedi \u00f6sszet\u00e9tel\u00e9nek k\u00f6sz\u00f6nheti, amely nicaraguai t\u00f6lt\u0151anyagb\u00f3l, indon\u00e9ziai k\u00f6t\u0151anyagb\u00f3l \u00e9s arom\u00e1s brazil Arapiraca bor\u00edt\u00f3b\u00f3l \u00e1ll.<\/p>","protected":false},"featured_media":1191,"comment_status":"open","ping_status":"closed","template":"","meta":[],"product_brand":[439],"product_cat":[30],"product_tag":[],"class_list":{"0":"post-1192","1":"product","2":"type-product","3":"status-publish","4":"has-post-thumbnail","6":"product_brand-roma-craft","7":"product_cat-cigars","8":"pa_binder-indonesia","9":"pa_color-maduro","10":"pa_filler-origin-nicaragua","11":"pa_filler-type-longfiller","12":"pa_format-parejo","13":"pa_handmade-kezi-sodrasu","14":"pa_manufacturer-nicaragua","15":"pa_size-petit-corona","16":"pa_strength-eros","17":"pa_wrapper-brazil","19":"first","20":"instock","21":"purchasable","22":"product-type-simple"},"aioseo_notices":[],"_links":{"self":[{"href":"https:\/\/operatrafik.com\/hu\/wp-json\/wp\/v2\/product\/1192","targetHints":{"allow":["GET"]}}],"collection":[{"href":"https:\/\/operatrafik.com\/hu\/wp-json\/wp\/v2\/product"}],"about":[{"href":"https:\/\/operatrafik.com\/hu\/wp-json\/wp\/v2\/types\/product"}],"replies":[{"embeddable":true,"href":"https:\/\/operatrafik.com\/hu\/wp-json\/wp\/v2\/comments?post=1192"}],"wp:featuredmedia":[{"embeddable":true,"href":"https:\/\/operatrafik.com\/hu\/wp-json\/wp\/v2\/media\/1191"}],"wp:attachment":[{"href":"https:\/\/operatrafik.com\/hu\/wp-json\/wp\/v2\/media?parent=1192"}],"wp:term":[{"taxonomy":"product_brand","embeddable":true,"href":"https:\/\/operatrafik.com\/hu\/wp-json\/wp\/v2\/product_brand?post=1192"},{"taxonomy":"product_cat","embeddable":true,"href":"https:\/\/operatrafik.com\/hu\/wp-json\/wp\/v2\/product_cat?post=1192"},{"taxonomy":"product_tag","embeddable":true,"href":"https:\/\/operatrafik.com\/hu\/wp-json\/wp\/v2\/product_tag?post=1192"}],"curies":[{"name":"wp","href":"https:\/\/api.w.org\/{rel}","templated":true}]}}