{"id":1204,"date":"2025-08-14T08:24:07","date_gmt":"2025-08-14T08:24:07","guid":{"rendered":"https:\/\/operatrafik.com\/product\/roma-craft-intemperance-whiskey-rebellion-1794-hamilton\/"},"modified":"2025-08-18T07:16:24","modified_gmt":"2025-08-18T07:16:24","slug":"roma-craft-intemperance-whiskey-rebellion-1794-hamilton","status":"publish","type":"product","link":"https:\/\/operatrafik.com\/hu\/termek\/roma-craft-intemperance-whiskey-rebellion-1794-hamilton\/","title":{"rendered":"RoMa Craft Intemperance Whiskey Rebellion 1794 Hamilton"},"content":{"rendered":"<p>A RoMa Craft Intemperance Whiskey Rebellion 1794 Hamilton egy testes petit corona m\u00e9ret\u0171 szivar.\u00a0<br \/>\nEcuadori Habano bor\u00edt\u00f3b\u00f3l, indon\u00e9z k\u00f6t\u0151anyagb\u00f3l, valamint Nicaragu\u00e1b\u00f3l \u00e9s a Dominikai K\u00f6zt\u00e1rsas\u00e1gb\u00f3l sz\u00e1rmaz\u00f3 hossz\u00fa t\u00f6lt\u0151anyag\u00fa doh\u00e1nyokb\u00f3l \u00e1ll, hogy f\u0171szeres, f\u00e1s \u00e9s kr\u00e9mes \u00edzprofilt hozzon l\u00e9tre.<\/p>","protected":false},"excerpt":{"rendered":"<p>A RoMa Craft Intemperance Whiskey Rebellion 1794 Hamilton egy testes petit corona m\u00e9ret\u0171 szivar.\u00a0 Ecuadori Habano bor\u00edt\u00f3b\u00f3l, indon\u00e9z k\u00f6t\u0151anyagb\u00f3l, valamint Nicaragu\u00e1b\u00f3l \u00e9s a Dominikai K\u00f6zt\u00e1rsas\u00e1gb\u00f3l sz\u00e1rmaz\u00f3 hossz\u00fa t\u00f6lt\u0151anyag\u00fa doh\u00e1nyokb\u00f3l \u00e1ll, hogy f\u0171szeres, f\u00e1s \u00e9s kr\u00e9mes \u00edzprofilt hozzon l\u00e9tre.<\/p>","protected":false},"featured_media":1203,"comment_status":"open","ping_status":"closed","template":"","meta":[],"product_brand":[439],"product_cat":[30],"product_tag":[],"class_list":{"0":"post-1204","1":"product","2":"type-product","3":"status-publish","4":"has-post-thumbnail","6":"product_brand-roma-craft","7":"product_cat-cigars","8":"pa_binder-indonesia","9":"pa_color-maduro","10":"pa_filler-origin-dominica","11":"pa_filler-origin-nicaragua","12":"pa_filler-type-longfiller","13":"pa_format-parejo","14":"pa_handmade-kezi-sodrasu","15":"pa_manufacturer-nicaragua","16":"pa_size-petit-corona","17":"pa_strength-eros","18":"pa_wrapper-ecuadorian-habano","20":"first","21":"instock","22":"purchasable","23":"product-type-simple"},"aioseo_notices":[],"_links":{"self":[{"href":"https:\/\/operatrafik.com\/hu\/wp-json\/wp\/v2\/product\/1204","targetHints":{"allow":["GET"]}}],"collection":[{"href":"https:\/\/operatrafik.com\/hu\/wp-json\/wp\/v2\/product"}],"about":[{"href":"https:\/\/operatrafik.com\/hu\/wp-json\/wp\/v2\/types\/product"}],"replies":[{"embeddable":true,"href":"https:\/\/operatrafik.com\/hu\/wp-json\/wp\/v2\/comments?post=1204"}],"wp:featuredmedia":[{"embeddable":true,"href":"https:\/\/operatrafik.com\/hu\/wp-json\/wp\/v2\/media\/1203"}],"wp:attachment":[{"href":"https:\/\/operatrafik.com\/hu\/wp-json\/wp\/v2\/media?parent=1204"}],"wp:term":[{"taxonomy":"product_brand","embeddable":true,"href":"https:\/\/operatrafik.com\/hu\/wp-json\/wp\/v2\/product_brand?post=1204"},{"taxonomy":"product_cat","embeddable":true,"href":"https:\/\/operatrafik.com\/hu\/wp-json\/wp\/v2\/product_cat?post=1204"},{"taxonomy":"product_tag","embeddable":true,"href":"https:\/\/operatrafik.com\/hu\/wp-json\/wp\/v2\/product_tag?post=1204"}],"curies":[{"name":"wp","href":"https:\/\/api.w.org\/{rel}","templated":true}]}}