{"id":1210,"date":"2025-08-14T08:24:14","date_gmt":"2025-08-14T08:24:14","guid":{"rendered":"https:\/\/operatrafik.com\/product\/roma-craft-intemperance-volstead-vo-1920-roy-olmstead\/"},"modified":"2025-08-18T07:16:24","modified_gmt":"2025-08-18T07:16:24","slug":"roma-craft-intemperance-volstead-vo-1920-roy-olmstead","status":"publish","type":"product","link":"https:\/\/operatrafik.com\/hu\/termek\/roma-craft-intemperance-volstead-vo-1920-roy-olmstead\/","title":{"rendered":"RoMa Craft Intemperance Volstead VO 1920 Roy Olmstead"},"content":{"rendered":"<p>K\u00f6zepes er\u0151ss\u00e9g\u0171 szivar, kr\u00e9mes, f\u0171szeres, k\u00e1v\u00e9s profillal \u00e9s m\u00f6g\u00f6ttes \u00e9dess\u00e9ggel. A pik\u00e1ns ecuadori Sumatra-magvakkal k\u00e9sz\u00fclt maduro bor\u00edt\u00f3 mexik\u00f3i San Andr\u00e9s k\u00f6t\u0151anyagot, valamint dominikai k\u00f6zt\u00e1rsas\u00e1gi Corojo \u00e9s nicaraguai t\u00f6lt\u0151anyagot takar. A Nicaragu\u00e1ban, a Nica Sue\u00f1o gy\u00e1rban k\u00e9zzel k\u00e9sz\u00edtett RoMa Craft Intemperance VO 1920 \u00edzgazdag, m\u00e9gis k\u00f6nnyedebb doh\u00e1nyz\u00e1si \u00e9lm\u00e9nyt ny\u00fajt, amely a nap b\u00e1rmely szak\u00e1ban \u00e9lvezhet\u0151.<\/p>","protected":false},"excerpt":{"rendered":"<p>K\u00f6zepes er\u0151ss\u00e9g\u0171 szivar, kr\u00e9mes, f\u0171szeres, k\u00e1v\u00e9s profillal \u00e9s m\u00f6g\u00f6ttes \u00e9dess\u00e9ggel. A pik\u00e1ns ecuadori Sumatra-magvakkal k\u00e9sz\u00fclt maduro bor\u00edt\u00f3 mexik\u00f3i San Andr\u00e9s k\u00f6t\u0151anyagot, valamint dominikai k\u00f6zt\u00e1rsas\u00e1gi Corojo \u00e9s nicaraguai t\u00f6lt\u0151anyagot takar. A Nicaragu\u00e1ban, a Nica Sue\u00f1o gy\u00e1rban k\u00e9zzel k\u00e9sz\u00edtett RoMa Craft Intemperance VO 1920 \u00edzgazdag, m\u00e9gis k\u00f6nnyedebb doh\u00e1nyz\u00e1si \u00e9lm\u00e9nyt ny\u00fajt, amely a nap b\u00e1rmely szak\u00e1ban \u00e9lvezhet\u0151.<\/p>","protected":false},"featured_media":1209,"comment_status":"open","ping_status":"closed","template":"","meta":[],"product_brand":[439],"product_cat":[30],"product_tag":[],"class_list":{"0":"post-1210","1":"product","2":"type-product","3":"status-publish","4":"has-post-thumbnail","6":"product_brand-roma-craft","7":"product_cat-cigars","8":"pa_binder-mexican-san-andres","9":"pa_color-colorado","10":"pa_filler-origin-dominican-corojo","11":"pa_filler-origin-nicaraguan","12":"pa_filler-type-longfiller","13":"pa_format-belicoso","14":"pa_handmade-kezi-sodrasu","15":"pa_manufacturer-nicaragua","16":"pa_size-robusto","17":"pa_strength-kozepes","18":"pa_wrapper-ecuadorian-sumatra-hybrid","20":"first","21":"instock","22":"purchasable","23":"product-type-simple"},"aioseo_notices":[],"_links":{"self":[{"href":"https:\/\/operatrafik.com\/hu\/wp-json\/wp\/v2\/product\/1210","targetHints":{"allow":["GET"]}}],"collection":[{"href":"https:\/\/operatrafik.com\/hu\/wp-json\/wp\/v2\/product"}],"about":[{"href":"https:\/\/operatrafik.com\/hu\/wp-json\/wp\/v2\/types\/product"}],"replies":[{"embeddable":true,"href":"https:\/\/operatrafik.com\/hu\/wp-json\/wp\/v2\/comments?post=1210"}],"wp:featuredmedia":[{"embeddable":true,"href":"https:\/\/operatrafik.com\/hu\/wp-json\/wp\/v2\/media\/1209"}],"wp:attachment":[{"href":"https:\/\/operatrafik.com\/hu\/wp-json\/wp\/v2\/media?parent=1210"}],"wp:term":[{"taxonomy":"product_brand","embeddable":true,"href":"https:\/\/operatrafik.com\/hu\/wp-json\/wp\/v2\/product_brand?post=1210"},{"taxonomy":"product_cat","embeddable":true,"href":"https:\/\/operatrafik.com\/hu\/wp-json\/wp\/v2\/product_cat?post=1210"},{"taxonomy":"product_tag","embeddable":true,"href":"https:\/\/operatrafik.com\/hu\/wp-json\/wp\/v2\/product_tag?post=1210"}],"curies":[{"name":"wp","href":"https:\/\/api.w.org\/{rel}","templated":true}]}}