{"id":1212,"date":"2025-08-14T08:24:15","date_gmt":"2025-08-14T08:24:15","guid":{"rendered":"https:\/\/operatrafik.com\/product\/roma-craft-cromagnon-cranium\/"},"modified":"2025-08-18T07:16:22","modified_gmt":"2025-08-18T07:16:22","slug":"roma-craft-cromagnon-cranium","status":"publish","type":"product","link":"https:\/\/operatrafik.com\/hu\/termek\/roma-craft-cromagnon-cranium\/","title":{"rendered":"RoMa Craft CroMagnon Cranium"},"content":{"rendered":"<p>Ez az izgalmas kever\u00e9k az arom\u00e1k \u00f6sszetett j\u00e1t\u00e9k\u00e1t ny\u00fajtja kr\u00e9mes f\u00f6ld, fa, k\u00e1v\u00e9, b\u0151r \u00e9s csokol\u00e1d\u00e9 jegyekkel, amelyeket kellemesen term\u00e9szetes \u00e9dess\u00e9g simogat. Az er\u0151s f\u00fcstnek van egy testes f\u0171szeress\u00e9ge is, amely csod\u00e1latosan illik a kialakul\u00f3 \u00edzekhez.<\/p>","protected":false},"excerpt":{"rendered":"<p>Ez az izgalmas kever\u00e9k az arom\u00e1k \u00f6sszetett j\u00e1t\u00e9k\u00e1t ny\u00fajtja kr\u00e9mes f\u00f6ld, fa, k\u00e1v\u00e9, b\u0151r \u00e9s csokol\u00e1d\u00e9 jegyekkel, amelyeket kellemesen term\u00e9szetes \u00e9dess\u00e9g simogat. Az er\u0151s f\u00fcstnek van egy testes f\u0171szeress\u00e9ge is, amely csod\u00e1latosan illik a kialakul\u00f3 \u00edzekhez.<\/p>","protected":false},"featured_media":1211,"comment_status":"open","ping_status":"closed","template":"","meta":[],"product_brand":[439],"product_cat":[30],"product_tag":[],"class_list":{"0":"post-1212","1":"product","2":"type-product","3":"status-publish","4":"has-post-thumbnail","6":"product_brand-roma-craft","7":"product_cat-cigars","8":"pa_binder-cameroon","9":"pa_color-maduro","10":"pa_filler-origin-nicaragua","11":"pa_filler-type-longfiller","12":"pa_format-parejo","13":"pa_handmade-kezi-sodrasu","14":"pa_manufacturer-nicaragua","15":"pa_size-toro","16":"pa_strength-eros","17":"pa_wrapper-usa-connecticut-broadleaf","19":"first","20":"instock","21":"purchasable","22":"product-type-simple"},"aioseo_notices":[],"_links":{"self":[{"href":"https:\/\/operatrafik.com\/hu\/wp-json\/wp\/v2\/product\/1212","targetHints":{"allow":["GET"]}}],"collection":[{"href":"https:\/\/operatrafik.com\/hu\/wp-json\/wp\/v2\/product"}],"about":[{"href":"https:\/\/operatrafik.com\/hu\/wp-json\/wp\/v2\/types\/product"}],"replies":[{"embeddable":true,"href":"https:\/\/operatrafik.com\/hu\/wp-json\/wp\/v2\/comments?post=1212"}],"wp:featuredmedia":[{"embeddable":true,"href":"https:\/\/operatrafik.com\/hu\/wp-json\/wp\/v2\/media\/1211"}],"wp:attachment":[{"href":"https:\/\/operatrafik.com\/hu\/wp-json\/wp\/v2\/media?parent=1212"}],"wp:term":[{"taxonomy":"product_brand","embeddable":true,"href":"https:\/\/operatrafik.com\/hu\/wp-json\/wp\/v2\/product_brand?post=1212"},{"taxonomy":"product_cat","embeddable":true,"href":"https:\/\/operatrafik.com\/hu\/wp-json\/wp\/v2\/product_cat?post=1212"},{"taxonomy":"product_tag","embeddable":true,"href":"https:\/\/operatrafik.com\/hu\/wp-json\/wp\/v2\/product_tag?post=1212"}],"curies":[{"name":"wp","href":"https:\/\/api.w.org\/{rel}","templated":true}]}}