{"id":1214,"date":"2025-08-14T08:24:17","date_gmt":"2025-08-14T08:24:17","guid":{"rendered":"https:\/\/operatrafik.com\/product\/roma-craft-cromagnon-anthropology\/"},"modified":"2025-08-18T07:16:22","modified_gmt":"2025-08-18T07:16:22","slug":"roma-craft-cromagnon-anthropology","status":"publish","type":"product","link":"https:\/\/operatrafik.com\/hu\/termek\/roma-craft-cromagnon-anthropology\/","title":{"rendered":"RoMa Craft CroMagnon Anthropology"},"content":{"rendered":"<p>Gy\u00f6ny\u00f6r\u0171 kever\u00e9k, amely sok \u00edzt biztos\u00edt a sz\u00e1jpadl\u00e1son. Ezt a f\u00f6ld, fa, csokol\u00e1d\u00e9, b\u0151r \u00e9s n\u00e9mi gy\u00fcm\u00f6lcs kifejezett arom\u00e1i fejezik ki. A Maduro Decker term\u00e9szetesen enyhe \u00e9dess\u00e9get biztos\u00edt, a kellemes borsos f\u0171szeress\u00e9g\u00e9rt ism\u00e9t a kiv\u00e1l\u00f3 min\u0151s\u00e9g\u0171 nicaraguai t\u00f6lt\u0151 doh\u00e1nyok felel\u0151sek.<\/p>","protected":false},"excerpt":{"rendered":"<p>Gy\u00f6ny\u00f6r\u0171 kever\u00e9k, amely sok \u00edzt biztos\u00edt a sz\u00e1jpadl\u00e1son. Ezt a f\u00f6ld, fa, csokol\u00e1d\u00e9, b\u0151r \u00e9s n\u00e9mi gy\u00fcm\u00f6lcs kifejezett arom\u00e1i fejezik ki. A Maduro Decker term\u00e9szetesen enyhe \u00e9dess\u00e9get biztos\u00edt, a kellemes borsos f\u0171szeress\u00e9g\u00e9rt ism\u00e9t a kiv\u00e1l\u00f3 min\u0151s\u00e9g\u0171 nicaraguai t\u00f6lt\u0151 doh\u00e1nyok felel\u0151sek.<\/p>","protected":false},"featured_media":1213,"comment_status":"open","ping_status":"closed","template":"","meta":[],"product_brand":[439],"product_cat":[30],"product_tag":[],"class_list":{"0":"post-1214","1":"product","2":"type-product","3":"status-publish","4":"has-post-thumbnail","6":"product_brand-roma-craft","7":"product_cat-cigars","8":"pa_binder-cameroon","9":"pa_color-maduro","10":"pa_filler-origin-nicaragua","11":"pa_filler-type-longfiller","12":"pa_format-parejo","13":"pa_handmade-kezi-sodrasu","14":"pa_manufacturer-nicaragua","15":"pa_size-corona-grande","16":"pa_strength-eros","17":"pa_wrapper-usa-connecticut-broadleaf","19":"first","20":"instock","21":"purchasable","22":"product-type-simple"},"aioseo_notices":[],"_links":{"self":[{"href":"https:\/\/operatrafik.com\/hu\/wp-json\/wp\/v2\/product\/1214","targetHints":{"allow":["GET"]}}],"collection":[{"href":"https:\/\/operatrafik.com\/hu\/wp-json\/wp\/v2\/product"}],"about":[{"href":"https:\/\/operatrafik.com\/hu\/wp-json\/wp\/v2\/types\/product"}],"replies":[{"embeddable":true,"href":"https:\/\/operatrafik.com\/hu\/wp-json\/wp\/v2\/comments?post=1214"}],"wp:featuredmedia":[{"embeddable":true,"href":"https:\/\/operatrafik.com\/hu\/wp-json\/wp\/v2\/media\/1213"}],"wp:attachment":[{"href":"https:\/\/operatrafik.com\/hu\/wp-json\/wp\/v2\/media?parent=1214"}],"wp:term":[{"taxonomy":"product_brand","embeddable":true,"href":"https:\/\/operatrafik.com\/hu\/wp-json\/wp\/v2\/product_brand?post=1214"},{"taxonomy":"product_cat","embeddable":true,"href":"https:\/\/operatrafik.com\/hu\/wp-json\/wp\/v2\/product_cat?post=1214"},{"taxonomy":"product_tag","embeddable":true,"href":"https:\/\/operatrafik.com\/hu\/wp-json\/wp\/v2\/product_tag?post=1214"}],"curies":[{"name":"wp","href":"https:\/\/api.w.org\/{rel}","templated":true}]}}