{"id":1216,"date":"2025-08-14T08:24:19","date_gmt":"2025-08-14T08:24:19","guid":{"rendered":"https:\/\/operatrafik.com\/product\/roma-craft-cromagnon-knuckle-dragger\/"},"modified":"2025-08-18T07:16:23","modified_gmt":"2025-08-18T07:16:23","slug":"roma-craft-cromagnon-knuckle-dragger","status":"publish","type":"product","link":"https:\/\/operatrafik.com\/hu\/termek\/roma-craft-cromagnon-knuckle-dragger\/","title":{"rendered":"RoMa Craft CroMagnon Knuckle Dragger"},"content":{"rendered":"<p>A gondosan \u00e9s \u00fcgyesen \u00f6ssze\u00e1ll\u00edtott kever\u00e9k mes\u00e9sen kr\u00e9mes illatszerkezetet t\u00e1r fel, amelyet a testes k\u00e1v\u00e9, f\u00f6ld, fa, b\u0151r \u00e9s csokol\u00e1d\u00e9 jegyek hat\u00e1roznak meg, \u00edzletes f\u0171szeress\u00e9ggel \u00e9s kellemesen \u00e9des, madurora jellemz\u0151 t\u00f3nusokkal gazdag\u00edtva.<\/p>","protected":false},"excerpt":{"rendered":"<p>A gondosan \u00e9s \u00fcgyesen \u00f6ssze\u00e1ll\u00edtott kever\u00e9k mes\u00e9sen kr\u00e9mes illatszerkezetet t\u00e1r fel, amelyet a testes k\u00e1v\u00e9, f\u00f6ld, fa, b\u0151r \u00e9s csokol\u00e1d\u00e9 jegyek hat\u00e1roznak meg, \u00edzletes f\u0171szeress\u00e9ggel \u00e9s kellemesen \u00e9des, madurora jellemz\u0151 t\u00f3nusokkal gazdag\u00edtva.<\/p>","protected":false},"featured_media":1215,"comment_status":"open","ping_status":"closed","template":"","meta":[],"product_brand":[439],"product_cat":[30],"product_tag":[],"class_list":{"0":"post-1216","1":"product","2":"type-product","3":"status-publish","4":"has-post-thumbnail","6":"product_brand-roma-craft","7":"product_cat-cigars","8":"pa_binder-cameroon","9":"pa_color-maduro","10":"pa_filler-origin-nicaragua","11":"pa_filler-type-longfiller","12":"pa_format-parejo","13":"pa_handmade-kezi-sodrasu","14":"pa_manufacturer-nicaragua","15":"pa_size-short-robusto","16":"pa_strength-eros","17":"pa_wrapper-usa-connecticut-broadleaf","19":"first","20":"instock","21":"purchasable","22":"product-type-simple"},"aioseo_notices":[],"_links":{"self":[{"href":"https:\/\/operatrafik.com\/hu\/wp-json\/wp\/v2\/product\/1216","targetHints":{"allow":["GET"]}}],"collection":[{"href":"https:\/\/operatrafik.com\/hu\/wp-json\/wp\/v2\/product"}],"about":[{"href":"https:\/\/operatrafik.com\/hu\/wp-json\/wp\/v2\/types\/product"}],"replies":[{"embeddable":true,"href":"https:\/\/operatrafik.com\/hu\/wp-json\/wp\/v2\/comments?post=1216"}],"wp:featuredmedia":[{"embeddable":true,"href":"https:\/\/operatrafik.com\/hu\/wp-json\/wp\/v2\/media\/1215"}],"wp:attachment":[{"href":"https:\/\/operatrafik.com\/hu\/wp-json\/wp\/v2\/media?parent=1216"}],"wp:term":[{"taxonomy":"product_brand","embeddable":true,"href":"https:\/\/operatrafik.com\/hu\/wp-json\/wp\/v2\/product_brand?post=1216"},{"taxonomy":"product_cat","embeddable":true,"href":"https:\/\/operatrafik.com\/hu\/wp-json\/wp\/v2\/product_cat?post=1216"},{"taxonomy":"product_tag","embeddable":true,"href":"https:\/\/operatrafik.com\/hu\/wp-json\/wp\/v2\/product_tag?post=1216"}],"curies":[{"name":"wp","href":"https:\/\/api.w.org\/{rel}","templated":true}]}}