{"id":1218,"date":"2025-08-14T08:24:21","date_gmt":"2025-08-14T08:24:21","guid":{"rendered":"https:\/\/operatrafik.com\/product\/roma-craft-cromagnon-aquitaine-emh\/"},"modified":"2025-08-18T07:16:22","modified_gmt":"2025-08-18T07:16:22","slug":"roma-craft-cromagnon-aquitaine-emh","status":"publish","type":"product","link":"https:\/\/operatrafik.com\/hu\/termek\/roma-craft-cromagnon-aquitaine-emh\/","title":{"rendered":"RoMa Craft CroMagnon Aquitaine EMH"},"content":{"rendered":"<p>A RoMa Craft CroMagnon Aquitaine EMH egy zamatosan gazdag, testes robusto, amelyet Nicaragu\u00e1ban, a Nica Sueno gy\u00e1rban k\u00e9sz\u00edtenek. A v\u00f6r\u00f6sesbarna ecuadori Habano bor\u00edt\u00f3val, kameruni k\u00f6t\u0151anyaggal \u00e9s pr\u00e9mium nicaraguai t\u00f6lt\u0151anyaggal ell\u00e1tott RoMa Craft CroMagnon Aquitaine EMH egy \u00f6sszetett, \u00edzletes f\u00fcst, amely a k\u00e1v\u00e9, a c\u00e9drus \u00e9s a f\u0171szerek \u00ednyenc jegyeivel m\u00e9g t\u00f6bb\u00e9rt fog visszat\u00e9rni.<\/p>","protected":false},"excerpt":{"rendered":"<p>A RoMa Craft CroMagnon Aquitaine EMH egy zamatosan gazdag, testes robusto, amelyet Nicaragu\u00e1ban, a Nica Sueno gy\u00e1rban k\u00e9sz\u00edtenek. A v\u00f6r\u00f6sesbarna ecuadori Habano bor\u00edt\u00f3val, kameruni k\u00f6t\u0151anyaggal \u00e9s pr\u00e9mium nicaraguai t\u00f6lt\u0151anyaggal ell\u00e1tott RoMa Craft CroMagnon Aquitaine EMH egy \u00f6sszetett, \u00edzletes f\u00fcst, amely a k\u00e1v\u00e9, a c\u00e9drus \u00e9s a f\u0171szerek \u00ednyenc jegyeivel m\u00e9g t\u00f6bb\u00e9rt fog visszat\u00e9rni.<\/p>","protected":false},"featured_media":1217,"comment_status":"open","ping_status":"closed","template":"","meta":[],"product_brand":[439],"product_cat":[30],"product_tag":[],"class_list":{"0":"post-1218","1":"product","2":"type-product","3":"status-publish","4":"has-post-thumbnail","6":"product_brand-roma-craft","7":"product_cat-cigars","8":"pa_binder-cameroon","9":"pa_color-colorado","10":"pa_filler-origin-nicaragua","11":"pa_filler-type-longfiller","12":"pa_format-parejo","13":"pa_handmade-kezi-sodrasu","14":"pa_manufacturer-nicaragua","15":"pa_size-double-robusto","16":"pa_strength-eros","17":"pa_wrapper-ecuadorian-habano","19":"first","20":"instock","21":"purchasable","22":"product-type-simple"},"aioseo_notices":[],"_links":{"self":[{"href":"https:\/\/operatrafik.com\/hu\/wp-json\/wp\/v2\/product\/1218","targetHints":{"allow":["GET"]}}],"collection":[{"href":"https:\/\/operatrafik.com\/hu\/wp-json\/wp\/v2\/product"}],"about":[{"href":"https:\/\/operatrafik.com\/hu\/wp-json\/wp\/v2\/types\/product"}],"replies":[{"embeddable":true,"href":"https:\/\/operatrafik.com\/hu\/wp-json\/wp\/v2\/comments?post=1218"}],"wp:featuredmedia":[{"embeddable":true,"href":"https:\/\/operatrafik.com\/hu\/wp-json\/wp\/v2\/media\/1217"}],"wp:attachment":[{"href":"https:\/\/operatrafik.com\/hu\/wp-json\/wp\/v2\/media?parent=1218"}],"wp:term":[{"taxonomy":"product_brand","embeddable":true,"href":"https:\/\/operatrafik.com\/hu\/wp-json\/wp\/v2\/product_brand?post=1218"},{"taxonomy":"product_cat","embeddable":true,"href":"https:\/\/operatrafik.com\/hu\/wp-json\/wp\/v2\/product_cat?post=1218"},{"taxonomy":"product_tag","embeddable":true,"href":"https:\/\/operatrafik.com\/hu\/wp-json\/wp\/v2\/product_tag?post=1218"}],"curies":[{"name":"wp","href":"https:\/\/api.w.org\/{rel}","templated":true}]}}