{"id":1220,"date":"2025-08-14T08:24:22","date_gmt":"2025-08-14T08:24:22","guid":{"rendered":"https:\/\/operatrafik.com\/product\/roma-craft-cromagnon-aquitaine-anthropology\/"},"modified":"2025-08-18T07:16:22","modified_gmt":"2025-08-18T07:16:22","slug":"roma-craft-cromagnon-aquitaine-anthropology","status":"publish","type":"product","link":"https:\/\/operatrafik.com\/hu\/termek\/roma-craft-cromagnon-aquitaine-anthropology\/","title":{"rendered":"RoMa Craft CroMagnon Aquitaine Anthropology"},"content":{"rendered":"<p>A RoMa Craft CroMagnon Aquitaine Anthropology szivar rengeteg kaka\u00f3, b\u0151r, k\u00e1v\u00e9, aszalt gy\u00fcm\u00f6lcs\u00f6k \u00e9s bors arom\u00e1j\u00e1val gy\u0151z meg, \u00e9s biztosan nem mindenkinek val\u00f3. De ha mered, akkor egy k\u00f6vetkezetesen izgalmas f\u00fcst\u00f6t kapsz k\u00f6r\u00fclbel\u00fcl 70 percig.<\/p>","protected":false},"excerpt":{"rendered":"<p>A RoMa Craft CroMagnon Aquitaine Anthropology szivar rengeteg kaka\u00f3, b\u0151r, k\u00e1v\u00e9, aszalt gy\u00fcm\u00f6lcs\u00f6k \u00e9s bors arom\u00e1j\u00e1val gy\u0151z meg, \u00e9s biztosan nem mindenkinek val\u00f3. De ha mered, akkor egy k\u00f6vetkezetesen izgalmas f\u00fcst\u00f6t kapsz k\u00f6r\u00fclbel\u00fcl 70 percig.<\/p>","protected":false},"featured_media":1219,"comment_status":"open","ping_status":"closed","template":"","meta":[],"product_brand":[439],"product_cat":[30],"product_tag":[],"class_list":{"0":"post-1220","1":"product","2":"type-product","3":"status-publish","4":"has-post-thumbnail","6":"product_brand-roma-craft","7":"product_cat-cigars","8":"pa_binder-cameroon","9":"pa_color-colorado","10":"pa_filler-origin-nicaragua","11":"pa_filler-type-longfiller","12":"pa_format-parejo","13":"pa_handmade-kezi-sodrasu","14":"pa_manufacturer-nicaragua","15":"pa_size-corona-grande","16":"pa_strength-eros","17":"pa_wrapper-ecuadorian-habano","19":"first","20":"instock","21":"purchasable","22":"product-type-simple"},"aioseo_notices":[],"_links":{"self":[{"href":"https:\/\/operatrafik.com\/hu\/wp-json\/wp\/v2\/product\/1220","targetHints":{"allow":["GET"]}}],"collection":[{"href":"https:\/\/operatrafik.com\/hu\/wp-json\/wp\/v2\/product"}],"about":[{"href":"https:\/\/operatrafik.com\/hu\/wp-json\/wp\/v2\/types\/product"}],"replies":[{"embeddable":true,"href":"https:\/\/operatrafik.com\/hu\/wp-json\/wp\/v2\/comments?post=1220"}],"wp:featuredmedia":[{"embeddable":true,"href":"https:\/\/operatrafik.com\/hu\/wp-json\/wp\/v2\/media\/1219"}],"wp:attachment":[{"href":"https:\/\/operatrafik.com\/hu\/wp-json\/wp\/v2\/media?parent=1220"}],"wp:term":[{"taxonomy":"product_brand","embeddable":true,"href":"https:\/\/operatrafik.com\/hu\/wp-json\/wp\/v2\/product_brand?post=1220"},{"taxonomy":"product_cat","embeddable":true,"href":"https:\/\/operatrafik.com\/hu\/wp-json\/wp\/v2\/product_cat?post=1220"},{"taxonomy":"product_tag","embeddable":true,"href":"https:\/\/operatrafik.com\/hu\/wp-json\/wp\/v2\/product_tag?post=1220"}],"curies":[{"name":"wp","href":"https:\/\/api.w.org\/{rel}","templated":true}]}}