{"id":1222,"date":"2025-08-14T08:24:24","date_gmt":"2025-08-14T08:24:24","guid":{"rendered":"https:\/\/operatrafik.com\/product\/roma-craft-cromagnon-aquitaine-cranium\/"},"modified":"2025-08-18T07:16:22","modified_gmt":"2025-08-18T07:16:22","slug":"roma-craft-cromagnon-aquitaine-cranium","status":"publish","type":"product","link":"https:\/\/operatrafik.com\/hu\/termek\/roma-craft-cromagnon-aquitaine-cranium\/","title":{"rendered":"RoMa Craft CroMagnon Aquitaine Cranium"},"content":{"rendered":"<p>Egy f\u00f6ldes, borsos alapjegy hat\u00e1rozza meg az \u00edzletes hossz\u00fa t\u00f6ltel\u00e9k kr\u00e9mes f\u00fcstj\u00e9t, amely komplex csokol\u00e1d\u00e9, c\u00e9drus, k\u00e1v\u00e9 \u00e9s b\u0151r \u00edzekkel is rendelkezik. A h\u00faz\u00e1s \u00e9s az \u00e9g\u00e9s nem okoz neh\u00e9zs\u00e9get az \u00ednyencnek a k\u00f6zel 90 perces f\u00fcst\u00f6l\u00e9si id\u0151 alatt.<\/p>","protected":false},"excerpt":{"rendered":"<p>Egy f\u00f6ldes, borsos alapjegy hat\u00e1rozza meg az \u00edzletes hossz\u00fa t\u00f6ltel\u00e9k kr\u00e9mes f\u00fcstj\u00e9t, amely komplex csokol\u00e1d\u00e9, c\u00e9drus, k\u00e1v\u00e9 \u00e9s b\u0151r \u00edzekkel is rendelkezik. A h\u00faz\u00e1s \u00e9s az \u00e9g\u00e9s nem okoz neh\u00e9zs\u00e9get az \u00ednyencnek a k\u00f6zel 90 perces f\u00fcst\u00f6l\u00e9si id\u0151 alatt.<\/p>","protected":false},"featured_media":1221,"comment_status":"open","ping_status":"closed","template":"","meta":[],"product_brand":[439],"product_cat":[30],"product_tag":[],"class_list":{"0":"post-1222","1":"product","2":"type-product","3":"status-publish","4":"has-post-thumbnail","6":"product_brand-roma-craft","7":"product_cat-cigars","8":"pa_binder-cameroon","9":"pa_color-colorado","10":"pa_filler-origin-nicaragua","11":"pa_filler-type-longfiller","12":"pa_format-parejo","13":"pa_handmade-kezi-sodrasu","14":"pa_manufacturer-nicaragua","15":"pa_size-toro","16":"pa_strength-eros","17":"pa_wrapper-ecuadorian-habano","19":"first","20":"instock","21":"purchasable","22":"product-type-simple"},"aioseo_notices":[],"_links":{"self":[{"href":"https:\/\/operatrafik.com\/hu\/wp-json\/wp\/v2\/product\/1222","targetHints":{"allow":["GET"]}}],"collection":[{"href":"https:\/\/operatrafik.com\/hu\/wp-json\/wp\/v2\/product"}],"about":[{"href":"https:\/\/operatrafik.com\/hu\/wp-json\/wp\/v2\/types\/product"}],"replies":[{"embeddable":true,"href":"https:\/\/operatrafik.com\/hu\/wp-json\/wp\/v2\/comments?post=1222"}],"wp:featuredmedia":[{"embeddable":true,"href":"https:\/\/operatrafik.com\/hu\/wp-json\/wp\/v2\/media\/1221"}],"wp:attachment":[{"href":"https:\/\/operatrafik.com\/hu\/wp-json\/wp\/v2\/media?parent=1222"}],"wp:term":[{"taxonomy":"product_brand","embeddable":true,"href":"https:\/\/operatrafik.com\/hu\/wp-json\/wp\/v2\/product_brand?post=1222"},{"taxonomy":"product_cat","embeddable":true,"href":"https:\/\/operatrafik.com\/hu\/wp-json\/wp\/v2\/product_cat?post=1222"},{"taxonomy":"product_tag","embeddable":true,"href":"https:\/\/operatrafik.com\/hu\/wp-json\/wp\/v2\/product_tag?post=1222"}],"curies":[{"name":"wp","href":"https:\/\/api.w.org\/{rel}","templated":true}]}}