{"id":1226,"date":"2025-08-14T08:24:28","date_gmt":"2025-08-14T08:24:28","guid":{"rendered":"https:\/\/operatrafik.com\/product\/quesada-reserva-privada-toro-gordo\/"},"modified":"2025-08-18T07:16:22","modified_gmt":"2025-08-18T07:16:22","slug":"quesada-reserva-privada-toro-gordo","status":"publish","type":"product","link":"https:\/\/operatrafik.com\/hu\/termek\/quesada-reserva-privada-toro-gordo\/","title":{"rendered":"Quesada Reserva Privada Toro Gordo"},"content":{"rendered":"<p>Az 1997-es dominikai term\u00e9s rendk\u00edv\u00fcli volt, \u00e9s Manuel &#8220;Manolo&#8221; Quesada nagy mennyis\u00e9g\u0171 doh\u00e1nyt mentett meg ebb\u0151l a term\u00e9sb\u0151l.\u00a0<br \/>\nAz 1997-es t\u00f6lt\u0151anyagokat a jelenleg haszn\u00e1lt dominikai doh\u00e1nyokkal keverik, egy kis pennsylvaniai t\u00f6lt\u0151anyaggal, \u00e9s selymes ecuadori Connecticut bor\u00edt\u00f3ba csomagolva ezek a szivarok nemes, m\u00e9gis intenz\u00edv f\u00fcst\u00f6t k\u00edn\u00e1lnak, kaka\u00f3s \u00e9s c\u00e9drusos \u00e9dess\u00e9ggel.<\/p>","protected":false},"excerpt":{"rendered":"<p>Az 1997-es dominikai term\u00e9s rendk\u00edv\u00fcli volt, \u00e9s Manuel &#8220;Manolo&#8221; Quesada nagy mennyis\u00e9g\u0171 doh\u00e1nyt mentett meg ebb\u0151l a term\u00e9sb\u0151l.\u00a0 Az 1997-es t\u00f6lt\u0151anyagokat a jelenleg haszn\u00e1lt dominikai doh\u00e1nyokkal keverik, egy kis pennsylvaniai t\u00f6lt\u0151anyaggal, \u00e9s selymes ecuadori Connecticut bor\u00edt\u00f3ba csomagolva ezek a szivarok nemes, m\u00e9gis intenz\u00edv f\u00fcst\u00f6t k\u00edn\u00e1lnak, kaka\u00f3s \u00e9s c\u00e9drusos \u00e9dess\u00e9ggel.<\/p>","protected":false},"featured_media":1225,"comment_status":"open","ping_status":"closed","template":"","meta":[],"product_brand":[438],"product_cat":[30],"product_tag":[],"class_list":{"0":"post-1226","1":"product","2":"type-product","3":"status-publish","4":"has-post-thumbnail","6":"product_brand-quesada","7":"product_cat-cigars","8":"pa_binder-dominica","9":"pa_color-colorado","10":"pa_filler-origin-dominica","11":"pa_filler-type-longfiller","12":"pa_format-parejo","13":"pa_handmade-kezi-sodrasu","14":"pa_manufacturer-dominica","15":"pa_size-double-toro","16":"pa_strength-kozepes","17":"pa_wrapper-ecuadorian-connecticut","19":"first","20":"instock","21":"purchasable","22":"product-type-simple"},"aioseo_notices":[],"_links":{"self":[{"href":"https:\/\/operatrafik.com\/hu\/wp-json\/wp\/v2\/product\/1226","targetHints":{"allow":["GET"]}}],"collection":[{"href":"https:\/\/operatrafik.com\/hu\/wp-json\/wp\/v2\/product"}],"about":[{"href":"https:\/\/operatrafik.com\/hu\/wp-json\/wp\/v2\/types\/product"}],"replies":[{"embeddable":true,"href":"https:\/\/operatrafik.com\/hu\/wp-json\/wp\/v2\/comments?post=1226"}],"wp:featuredmedia":[{"embeddable":true,"href":"https:\/\/operatrafik.com\/hu\/wp-json\/wp\/v2\/media\/1225"}],"wp:attachment":[{"href":"https:\/\/operatrafik.com\/hu\/wp-json\/wp\/v2\/media?parent=1226"}],"wp:term":[{"taxonomy":"product_brand","embeddable":true,"href":"https:\/\/operatrafik.com\/hu\/wp-json\/wp\/v2\/product_brand?post=1226"},{"taxonomy":"product_cat","embeddable":true,"href":"https:\/\/operatrafik.com\/hu\/wp-json\/wp\/v2\/product_cat?post=1226"},{"taxonomy":"product_tag","embeddable":true,"href":"https:\/\/operatrafik.com\/hu\/wp-json\/wp\/v2\/product_tag?post=1226"}],"curies":[{"name":"wp","href":"https:\/\/api.w.org\/{rel}","templated":true}]}}