{"id":1232,"date":"2025-08-14T08:24:38","date_gmt":"2025-08-14T08:24:38","guid":{"rendered":"https:\/\/operatrafik.com\/product\/quesada-1974-robusto\/"},"modified":"2025-08-18T07:16:21","modified_gmt":"2025-08-18T07:16:21","slug":"quesada-1974-robusto","status":"publish","type":"product","link":"https:\/\/operatrafik.com\/hu\/termek\/quesada-1974-robusto\/","title":{"rendered":"Quesada 1974 Robusto"},"content":{"rendered":"<p>A dominikai \u00e9s nicaraguai t\u00f6lt\u0151anyagok kombin\u00e1ci\u00f3j\u00e1nak k\u00f6sz\u00f6nhet\u0151en ez a kever\u00e9k k\u00f6zepes vagy telt test\u0171, gazdag c\u00e9drus, bors \u00e9s sz\u00e1raz gy\u00fcm\u00f6lcs\u00f6k jegyeivel.\u00a0<br \/>\nAz \u00e9dess\u00e9g a dominikai \u00e9s nicaraguai doh\u00e1nyok kevered\u00e9s\u00e9b\u0151l sz\u00e1rmazik.<\/p>","protected":false},"excerpt":{"rendered":"<p>A dominikai \u00e9s nicaraguai t\u00f6lt\u0151anyagok kombin\u00e1ci\u00f3j\u00e1nak k\u00f6sz\u00f6nhet\u0151en ez a kever\u00e9k k\u00f6zepes vagy telt test\u0171, gazdag c\u00e9drus, bors \u00e9s sz\u00e1raz gy\u00fcm\u00f6lcs\u00f6k jegyeivel.\u00a0 Az \u00e9dess\u00e9g a dominikai \u00e9s nicaraguai doh\u00e1nyok kevered\u00e9s\u00e9b\u0151l sz\u00e1rmazik.<\/p>","protected":false},"featured_media":1231,"comment_status":"open","ping_status":"closed","template":"","meta":[],"product_brand":[438],"product_cat":[30],"product_tag":[],"class_list":{"0":"post-1232","1":"product","2":"type-product","3":"status-publish","4":"has-post-thumbnail","6":"product_brand-quesada","7":"product_cat-cigars","8":"pa_binder-dominica","9":"pa_color-colorado","10":"pa_filler-origin-dominica","11":"pa_filler-origin-nicaragua","12":"pa_filler-type-longfiller","13":"pa_format-parejo","14":"pa_handmade-kezi-sodrasu","15":"pa_manufacturer-dominica","16":"pa_size-robusto","17":"pa_strength-kozepes","18":"pa_wrapper-cameroon","19":"pa_wrapper-ecuador","21":"first","22":"instock","23":"purchasable","24":"product-type-simple"},"aioseo_notices":[],"_links":{"self":[{"href":"https:\/\/operatrafik.com\/hu\/wp-json\/wp\/v2\/product\/1232","targetHints":{"allow":["GET"]}}],"collection":[{"href":"https:\/\/operatrafik.com\/hu\/wp-json\/wp\/v2\/product"}],"about":[{"href":"https:\/\/operatrafik.com\/hu\/wp-json\/wp\/v2\/types\/product"}],"replies":[{"embeddable":true,"href":"https:\/\/operatrafik.com\/hu\/wp-json\/wp\/v2\/comments?post=1232"}],"wp:featuredmedia":[{"embeddable":true,"href":"https:\/\/operatrafik.com\/hu\/wp-json\/wp\/v2\/media\/1231"}],"wp:attachment":[{"href":"https:\/\/operatrafik.com\/hu\/wp-json\/wp\/v2\/media?parent=1232"}],"wp:term":[{"taxonomy":"product_brand","embeddable":true,"href":"https:\/\/operatrafik.com\/hu\/wp-json\/wp\/v2\/product_brand?post=1232"},{"taxonomy":"product_cat","embeddable":true,"href":"https:\/\/operatrafik.com\/hu\/wp-json\/wp\/v2\/product_cat?post=1232"},{"taxonomy":"product_tag","embeddable":true,"href":"https:\/\/operatrafik.com\/hu\/wp-json\/wp\/v2\/product_tag?post=1232"}],"curies":[{"name":"wp","href":"https:\/\/api.w.org\/{rel}","templated":true}]}}