{"id":1234,"date":"2025-08-14T08:24:39","date_gmt":"2025-08-14T08:24:39","guid":{"rendered":"https:\/\/operatrafik.com\/product\/quesada-seleccion-espana-short-robusto\/"},"modified":"2025-08-18T07:16:22","modified_gmt":"2025-08-18T07:16:22","slug":"quesada-seleccion-espana-short-robusto","status":"publish","type":"product","link":"https:\/\/operatrafik.com\/hu\/termek\/quesada-seleccion-espana-short-robusto\/","title":{"rendered":"Quesada Selecci\u00f3n Espa\u00f1a Short Robusto"},"content":{"rendered":"<p>Ez a kever\u00e9k az intenzit\u00e1s, az \u00edzek \u00e9s az \u00e9rz\u00e9sek egyed\u00fcl\u00e1ll\u00f3 kombin\u00e1ci\u00f3ja.\u00a0<br \/>\n\u00c9des c\u00e9drus, bogy\u00f3s gy\u00fcm\u00f6lcs\u00f6k \u00e9s eszpressz\u00f3 jegyei teszik ezt a szivart a t\u00f6k\u00e9letess\u00e9.<\/p>","protected":false},"excerpt":{"rendered":"<p>Ez a kever\u00e9k az intenzit\u00e1s, az \u00edzek \u00e9s az \u00e9rz\u00e9sek egyed\u00fcl\u00e1ll\u00f3 kombin\u00e1ci\u00f3ja.\u00a0 \u00c9des c\u00e9drus, bogy\u00f3s gy\u00fcm\u00f6lcs\u00f6k \u00e9s eszpressz\u00f3 jegyei teszik ezt a szivart a t\u00f6k\u00e9letess\u00e9.<\/p>","protected":false},"featured_media":1233,"comment_status":"open","ping_status":"closed","template":"","meta":[],"product_brand":[438],"product_cat":[30],"product_tag":[],"class_list":{"0":"post-1234","1":"product","2":"type-product","3":"status-publish","4":"has-post-thumbnail","6":"product_brand-quesada","7":"product_cat-cigars","8":"pa_binder-dominica","9":"pa_color-colorado","10":"pa_filler-origin-dominica","11":"pa_filler-origin-nicaragua","12":"pa_filler-type-longfiller","13":"pa_format-parejo","14":"pa_handmade-kezi-sodrasu","15":"pa_manufacturer-dominica","16":"pa_size-short-robusto","17":"pa_strength-kozepes-eros","18":"pa_wrapper-ecuadorian-arapiraca","20":"first","21":"instock","22":"purchasable","23":"product-type-simple"},"aioseo_notices":[],"_links":{"self":[{"href":"https:\/\/operatrafik.com\/hu\/wp-json\/wp\/v2\/product\/1234","targetHints":{"allow":["GET"]}}],"collection":[{"href":"https:\/\/operatrafik.com\/hu\/wp-json\/wp\/v2\/product"}],"about":[{"href":"https:\/\/operatrafik.com\/hu\/wp-json\/wp\/v2\/types\/product"}],"replies":[{"embeddable":true,"href":"https:\/\/operatrafik.com\/hu\/wp-json\/wp\/v2\/comments?post=1234"}],"wp:featuredmedia":[{"embeddable":true,"href":"https:\/\/operatrafik.com\/hu\/wp-json\/wp\/v2\/media\/1233"}],"wp:attachment":[{"href":"https:\/\/operatrafik.com\/hu\/wp-json\/wp\/v2\/media?parent=1234"}],"wp:term":[{"taxonomy":"product_brand","embeddable":true,"href":"https:\/\/operatrafik.com\/hu\/wp-json\/wp\/v2\/product_brand?post=1234"},{"taxonomy":"product_cat","embeddable":true,"href":"https:\/\/operatrafik.com\/hu\/wp-json\/wp\/v2\/product_cat?post=1234"},{"taxonomy":"product_tag","embeddable":true,"href":"https:\/\/operatrafik.com\/hu\/wp-json\/wp\/v2\/product_tag?post=1234"}],"curies":[{"name":"wp","href":"https:\/\/api.w.org\/{rel}","templated":true}]}}