{"id":1238,"date":"2025-08-14T08:24:43","date_gmt":"2025-08-14T08:24:43","guid":{"rendered":"https:\/\/operatrafik.com\/product\/privada-jeremy-siers-hold-fast-toro\/"},"modified":"2025-08-18T07:16:20","modified_gmt":"2025-08-18T07:16:20","slug":"privada-jeremy-siers-hold-fast-toro","status":"publish","type":"product","link":"https:\/\/operatrafik.com\/hu\/termek\/privada-jeremy-siers-hold-fast-toro\/","title":{"rendered":"Privada Jeremy Siers Hold Fast Toro"},"content":{"rendered":"<p>A Jeremy Siers Hold Fast Toro, Jeremy Siers a Privada Cigar Club-t\u00f3l \u00e9s a h\u00edres kever\u0151, AJ Fernandez egy\u00fcttm\u0171k\u00f6d\u00e9se, mer\u00e9sz kijelent\u00e9s a pr\u00e9mium szivarok vil\u00e1g\u00e1ban. Az elk\u00f6telezetts\u00e9g, a szak\u00e9rtelem \u00e9s a hagyom\u00e1nyok ir\u00e1nti m\u00e9ly tisztelet f\u00fazi\u00f3j\u00e1t k\u00e9pviseli. A Hold Fast l\u00e9nyege m\u00e1r a nev\u00e9ben is benne rejlik &#8211; ez egy felh\u00edv\u00e1s a rugalmass\u00e1gra \u00e9s az er\u0151re, az alap\u00e9rt\u00e9kekre, amelyeket Siers \u00e9s a Privada Cigar Club is mag\u00e1\u00e9nak vall.<\/p>","protected":false},"excerpt":{"rendered":"<p>A Jeremy Siers Hold Fast Toro, Jeremy Siers a Privada Cigar Club-t\u00f3l \u00e9s a h\u00edres kever\u0151, AJ Fernandez egy\u00fcttm\u0171k\u00f6d\u00e9se, mer\u00e9sz kijelent\u00e9s a pr\u00e9mium szivarok vil\u00e1g\u00e1ban. Az elk\u00f6telezetts\u00e9g, a szak\u00e9rtelem \u00e9s a hagyom\u00e1nyok ir\u00e1nti m\u00e9ly tisztelet f\u00fazi\u00f3j\u00e1t k\u00e9pviseli. A Hold Fast l\u00e9nyege m\u00e1r a nev\u00e9ben is benne rejlik &#8211; ez egy felh\u00edv\u00e1s a rugalmass\u00e1gra \u00e9s az [&hellip;]<\/p>","protected":false},"featured_media":1237,"comment_status":"open","ping_status":"closed","template":"","meta":[],"product_brand":[437],"product_cat":[30],"product_tag":[],"class_list":{"0":"post-1238","1":"product","2":"type-product","3":"status-publish","4":"has-post-thumbnail","6":"product_brand-privada","7":"product_cat-cigars","8":"pa_binder-nicaragua","9":"pa_color-colorado","10":"pa_filler-origin-columbia","11":"pa_filler-origin-nicaragua","12":"pa_filler-type-longfiller","13":"pa_format-parejo","14":"pa_handmade-kozepes-eros","15":"pa_manufacturer-kezi-sodrasu","16":"pa_size-toro","17":"pa_strength-kozepes-eros","18":"pa_wrapper-habano","20":"first","21":"instock","22":"purchasable","23":"product-type-simple"},"aioseo_notices":[],"_links":{"self":[{"href":"https:\/\/operatrafik.com\/hu\/wp-json\/wp\/v2\/product\/1238","targetHints":{"allow":["GET"]}}],"collection":[{"href":"https:\/\/operatrafik.com\/hu\/wp-json\/wp\/v2\/product"}],"about":[{"href":"https:\/\/operatrafik.com\/hu\/wp-json\/wp\/v2\/types\/product"}],"replies":[{"embeddable":true,"href":"https:\/\/operatrafik.com\/hu\/wp-json\/wp\/v2\/comments?post=1238"}],"wp:featuredmedia":[{"embeddable":true,"href":"https:\/\/operatrafik.com\/hu\/wp-json\/wp\/v2\/media\/1237"}],"wp:attachment":[{"href":"https:\/\/operatrafik.com\/hu\/wp-json\/wp\/v2\/media?parent=1238"}],"wp:term":[{"taxonomy":"product_brand","embeddable":true,"href":"https:\/\/operatrafik.com\/hu\/wp-json\/wp\/v2\/product_brand?post=1238"},{"taxonomy":"product_cat","embeddable":true,"href":"https:\/\/operatrafik.com\/hu\/wp-json\/wp\/v2\/product_cat?post=1238"},{"taxonomy":"product_tag","embeddable":true,"href":"https:\/\/operatrafik.com\/hu\/wp-json\/wp\/v2\/product_tag?post=1238"}],"curies":[{"name":"wp","href":"https:\/\/api.w.org\/{rel}","templated":true}]}}