{"id":1240,"date":"2025-08-14T08:24:45","date_gmt":"2025-08-14T08:24:45","guid":{"rendered":"https:\/\/operatrafik.com\/product\/privada-the-great-danube-churchill\/"},"modified":"2025-08-18T07:16:21","modified_gmt":"2025-08-18T07:16:21","slug":"privada-the-great-danube-churchill","status":"publish","type":"product","link":"https:\/\/operatrafik.com\/hu\/termek\/privada-the-great-danube-churchill\/","title":{"rendered":"Privada The Great Danube Churchill"},"content":{"rendered":"<p>A Privada Cigar Club \u00e1ltal 2020-ban bevezetett Limited Cigar Association a szivaripar egyik legk\u00fcl\u00f6nlegesebb lehet\u0151s\u00e9g\u00e9t k\u00edn\u00e1lja: Ahelyett, hogy a Privada saj\u00e1t maga k\u00e9sz\u00edtene szivarokat, az ipar\u00e1g legelismertebb m\u00e1rk\u00e1ival \u00e9s szem\u00e9lyis\u00e9geivel egy\u00fcttm\u0171k\u00f6dve limit\u00e1lt sz\u00e9ri\u00e1s szivarokat hoz l\u00e9tre, amelyeket kiz\u00e1r\u00f3lag az LCA-n kereszt\u00fcl adnak ki kiskereskedelmi partnereinek. Ezek a k\u00fcl\u00f6nleges szivarok csak az LCA-n kereszt\u00fcl kaphat\u00f3k, \u00e9s minden h\u00f3napban egy \u00fajat adnak ki, biztos\u00edtva, hogy az \u00ednyencek mindig valami friss \u00e9s izgalmas szivarra sz\u00e1m\u00edthassanak.<\/p>","protected":false},"excerpt":{"rendered":"<p>A Privada Cigar Club \u00e1ltal 2020-ban bevezetett Limited Cigar Association a szivaripar egyik legk\u00fcl\u00f6nlegesebb lehet\u0151s\u00e9g\u00e9t k\u00edn\u00e1lja: Ahelyett, hogy a Privada saj\u00e1t maga k\u00e9sz\u00edtene szivarokat, az ipar\u00e1g legelismertebb m\u00e1rk\u00e1ival \u00e9s szem\u00e9lyis\u00e9geivel egy\u00fcttm\u0171k\u00f6dve limit\u00e1lt sz\u00e9ri\u00e1s szivarokat hoz l\u00e9tre, amelyeket kiz\u00e1r\u00f3lag az LCA-n kereszt\u00fcl adnak ki kiskereskedelmi partnereinek. Ezek a k\u00fcl\u00f6nleges szivarok csak az LCA-n kereszt\u00fcl kaphat\u00f3k, \u00e9s [&hellip;]<\/p>","protected":false},"featured_media":1239,"comment_status":"open","ping_status":"closed","template":"","meta":[],"product_brand":[437],"product_cat":[30],"product_tag":[],"class_list":{"0":"post-1240","1":"product","2":"type-product","3":"status-publish","4":"has-post-thumbnail","6":"product_brand-privada","7":"product_cat-cigars","8":"pa_binder-nicaragua","9":"pa_color-colorado","10":"pa_filler-origin-nicaragua","11":"pa_filler-type-longfiller","12":"pa_format-parejo","13":"pa_handmade-kezi-sodrasu","14":"pa_manufacturer-nicaragua","15":"pa_size-churchill","16":"pa_wrapper-nicaraguan-habano","18":"first","19":"instock","20":"purchasable","21":"product-type-simple"},"aioseo_notices":[],"_links":{"self":[{"href":"https:\/\/operatrafik.com\/hu\/wp-json\/wp\/v2\/product\/1240","targetHints":{"allow":["GET"]}}],"collection":[{"href":"https:\/\/operatrafik.com\/hu\/wp-json\/wp\/v2\/product"}],"about":[{"href":"https:\/\/operatrafik.com\/hu\/wp-json\/wp\/v2\/types\/product"}],"replies":[{"embeddable":true,"href":"https:\/\/operatrafik.com\/hu\/wp-json\/wp\/v2\/comments?post=1240"}],"wp:featuredmedia":[{"embeddable":true,"href":"https:\/\/operatrafik.com\/hu\/wp-json\/wp\/v2\/media\/1239"}],"wp:attachment":[{"href":"https:\/\/operatrafik.com\/hu\/wp-json\/wp\/v2\/media?parent=1240"}],"wp:term":[{"taxonomy":"product_brand","embeddable":true,"href":"https:\/\/operatrafik.com\/hu\/wp-json\/wp\/v2\/product_brand?post=1240"},{"taxonomy":"product_cat","embeddable":true,"href":"https:\/\/operatrafik.com\/hu\/wp-json\/wp\/v2\/product_cat?post=1240"},{"taxonomy":"product_tag","embeddable":true,"href":"https:\/\/operatrafik.com\/hu\/wp-json\/wp\/v2\/product_tag?post=1240"}],"curies":[{"name":"wp","href":"https:\/\/api.w.org\/{rel}","templated":true}]}}