{"id":1242,"date":"2025-08-14T08:24:47","date_gmt":"2025-08-14T08:24:47","guid":{"rendered":"https:\/\/operatrafik.com\/product\/privada-frank-llaneza-by-oliva-family-5-szal\/"},"modified":"2025-08-18T07:16:20","modified_gmt":"2025-08-18T07:16:20","slug":"privada-frank-llaneza-by-oliva-family-5-szal","status":"publish","type":"product","link":"https:\/\/operatrafik.com\/hu\/termek\/privada-frank-llaneza-by-oliva-family-5-szal\/","title":{"rendered":"Privada Frank Llaneza by Oliva Family 5 sz\u00e1l"},"content":{"rendered":"<p>2020 j\u00falius\u00e1ban a Privada Cigar Club \u00faj c\u00e9get ind\u00edtott Limited Cigar Association (LCA) n\u00e9ven. Ez a v\u00e1llalat azon t\u00f6rekv\u00e9se, hogy a n\u00e9pszer\u0171 term\u00e9kek havonta korl\u00e1tozott mennyis\u00e9gben t\u00f6rt\u00e9n\u0151 kiad\u00e1s\u00e1val \u00fajra\u00e9leszti a pr\u00e9mium kateg\u00f3ri\u00e1s, kis szivar\u00fczleteket orsz\u00e1gszerte.<\/p>","protected":false},"excerpt":{"rendered":"<p>2020 j\u00falius\u00e1ban a Privada Cigar Club \u00faj c\u00e9get ind\u00edtott Limited Cigar Association (LCA) n\u00e9ven. Ez a v\u00e1llalat azon t\u00f6rekv\u00e9se, hogy a n\u00e9pszer\u0171 term\u00e9kek havonta korl\u00e1tozott mennyis\u00e9gben t\u00f6rt\u00e9n\u0151 kiad\u00e1s\u00e1val \u00fajra\u00e9leszti a pr\u00e9mium kateg\u00f3ri\u00e1s, kis szivar\u00fczleteket orsz\u00e1gszerte.<\/p>","protected":false},"featured_media":1241,"comment_status":"open","ping_status":"closed","template":"","meta":[],"product_brand":[437],"product_cat":[30],"product_tag":[],"class_list":{"0":"post-1242","1":"product","2":"type-product","3":"status-publish","4":"has-post-thumbnail","6":"product_brand-privada","7":"product_cat-cigars","8":"pa_binder-nicaragua","9":"pa_color-colorado-maduro","10":"pa_filler-origin-nicaragua","11":"pa_filler-type-longfiller","12":"pa_format-parejo","13":"pa_manufacturer-kezi-sodrasu","14":"pa_size-toro","15":"pa_strength-kozepes","16":"pa_wrapper-broadleaf","18":"first","19":"instock","20":"purchasable","21":"product-type-simple"},"aioseo_notices":[],"_links":{"self":[{"href":"https:\/\/operatrafik.com\/hu\/wp-json\/wp\/v2\/product\/1242","targetHints":{"allow":["GET"]}}],"collection":[{"href":"https:\/\/operatrafik.com\/hu\/wp-json\/wp\/v2\/product"}],"about":[{"href":"https:\/\/operatrafik.com\/hu\/wp-json\/wp\/v2\/types\/product"}],"replies":[{"embeddable":true,"href":"https:\/\/operatrafik.com\/hu\/wp-json\/wp\/v2\/comments?post=1242"}],"wp:featuredmedia":[{"embeddable":true,"href":"https:\/\/operatrafik.com\/hu\/wp-json\/wp\/v2\/media\/1241"}],"wp:attachment":[{"href":"https:\/\/operatrafik.com\/hu\/wp-json\/wp\/v2\/media?parent=1242"}],"wp:term":[{"taxonomy":"product_brand","embeddable":true,"href":"https:\/\/operatrafik.com\/hu\/wp-json\/wp\/v2\/product_brand?post=1242"},{"taxonomy":"product_cat","embeddable":true,"href":"https:\/\/operatrafik.com\/hu\/wp-json\/wp\/v2\/product_cat?post=1242"},{"taxonomy":"product_tag","embeddable":true,"href":"https:\/\/operatrafik.com\/hu\/wp-json\/wp\/v2\/product_tag?post=1242"}],"curies":[{"name":"wp","href":"https:\/\/api.w.org\/{rel}","templated":true}]}}