{"id":1250,"date":"2025-08-14T08:24:54","date_gmt":"2025-08-14T08:24:54","guid":{"rendered":"https:\/\/operatrafik.com\/product\/privada-golden-locket-by-aganorsa\/"},"modified":"2025-08-18T07:16:20","modified_gmt":"2025-08-18T07:16:20","slug":"privada-golden-locket-by-aganorsa","status":"publish","type":"product","link":"https:\/\/operatrafik.com\/hu\/termek\/privada-golden-locket-by-aganorsa\/","title":{"rendered":"Privada Golden Locket by Aganorsa"},"content":{"rendered":"<p>Egyenesen Nicaragua term\u00e9keny talaj\u00e1r\u00f3l sz\u00e1rmazik ez a 6\u00d752-es toro, amely m\u00e1r k\u00e9t \u00e9ve \u00e9rlel\u0151dik, \u00e9s minden egyes darabj\u00e1t gondosan k\u00e9sz\u00edtett\u00e9k el, 100%-ban nicaraguai doh\u00e1nyt haszn\u00e1lva, amelyet kiz\u00e1r\u00f3lag az Aganorsa farmokon termesztettek. Egyed\u00fcl\u00e1ll\u00f3 kever\u00e9ke Corojo 99 bor\u00edt\u00f3t, Criollo k\u00f6t\u0151anyagot, valamint Condega, Jalapa \u00e9s Estel\u00ed telep\u00fcl\u00e9sekr\u0151l sz\u00e1rmaz\u00f3 t\u00f6lt\u0151anyagokat tartalmaz. Ebben az egy\u00fcttesben kiemelkedik az Aganorsa \u00e1ltal \u00fajonnan kifejlesztett k\u00fcl\u00f6nleges lev\u00e9l, amelyet a k\u00f6znyelvben \u201earany\u201d n\u00e9vvel illetnek a jellegzetes, gazdag \u00edz\u00e9r\u0151l. Ez a szivar megtestes\u00edti a hagyom\u00e1nyt, a kiv\u00e9teles k\u00e9zm\u0171ves munk\u00e1t \u00e9s az innov\u00e1ci\u00f3t.<\/p>","protected":false},"excerpt":{"rendered":"<p>Egyenesen Nicaragua term\u00e9keny talaj\u00e1r\u00f3l sz\u00e1rmazik ez a 6\u00d752-es toro, amely m\u00e1r k\u00e9t \u00e9ve \u00e9rlel\u0151dik, \u00e9s minden egyes darabj\u00e1t gondosan k\u00e9sz\u00edtett\u00e9k el, 100%-ban nicaraguai doh\u00e1nyt haszn\u00e1lva, amelyet kiz\u00e1r\u00f3lag az Aganorsa farmokon termesztettek. Egyed\u00fcl\u00e1ll\u00f3 kever\u00e9ke Corojo 99 bor\u00edt\u00f3t, Criollo k\u00f6t\u0151anyagot, valamint Condega, Jalapa \u00e9s Estel\u00ed telep\u00fcl\u00e9sekr\u0151l sz\u00e1rmaz\u00f3 t\u00f6lt\u0151anyagokat tartalmaz. Ebben az egy\u00fcttesben kiemelkedik az Aganorsa \u00e1ltal \u00fajonnan [&hellip;]<\/p>","protected":false},"featured_media":1249,"comment_status":"open","ping_status":"closed","template":"","meta":[],"product_brand":[437],"product_cat":[30],"product_tag":[],"class_list":{"0":"post-1250","1":"product","2":"type-product","3":"status-publish","4":"has-post-thumbnail","6":"product_brand-privada","7":"product_cat-cigars","8":"pa_binder-corojo-99","9":"pa_filler-origin-criollo","10":"pa_filler-type-esteli","11":"pa_filler-type-jalapa","12":"pa_filler-type-nicaragua-condega","13":"pa_format-parejo","14":"pa_manufacturer-kezi-sodrasu","15":"pa_size-toro","16":"pa_wrapper-nicaragua","18":"first","19":"instock","20":"purchasable","21":"product-type-simple"},"aioseo_notices":[],"_links":{"self":[{"href":"https:\/\/operatrafik.com\/hu\/wp-json\/wp\/v2\/product\/1250","targetHints":{"allow":["GET"]}}],"collection":[{"href":"https:\/\/operatrafik.com\/hu\/wp-json\/wp\/v2\/product"}],"about":[{"href":"https:\/\/operatrafik.com\/hu\/wp-json\/wp\/v2\/types\/product"}],"replies":[{"embeddable":true,"href":"https:\/\/operatrafik.com\/hu\/wp-json\/wp\/v2\/comments?post=1250"}],"wp:featuredmedia":[{"embeddable":true,"href":"https:\/\/operatrafik.com\/hu\/wp-json\/wp\/v2\/media\/1249"}],"wp:attachment":[{"href":"https:\/\/operatrafik.com\/hu\/wp-json\/wp\/v2\/media?parent=1250"}],"wp:term":[{"taxonomy":"product_brand","embeddable":true,"href":"https:\/\/operatrafik.com\/hu\/wp-json\/wp\/v2\/product_brand?post=1250"},{"taxonomy":"product_cat","embeddable":true,"href":"https:\/\/operatrafik.com\/hu\/wp-json\/wp\/v2\/product_cat?post=1250"},{"taxonomy":"product_tag","embeddable":true,"href":"https:\/\/operatrafik.com\/hu\/wp-json\/wp\/v2\/product_tag?post=1250"}],"curies":[{"name":"wp","href":"https:\/\/api.w.org\/{rel}","templated":true}]}}