{"id":1256,"date":"2025-08-14T08:25:02","date_gmt":"2025-08-14T08:25:02","guid":{"rendered":"https:\/\/operatrafik.com\/product\/lca-mad-monkey-by-stallone-cigars\/"},"modified":"2025-09-01T12:28:35","modified_gmt":"2025-09-01T12:28:35","slug":"lca-mad-monkey-by-stallone-cigars","status":"publish","type":"product","link":"https:\/\/operatrafik.com\/hu\/termek\/lca-mad-monkey-by-stallone-cigars\/","title":{"rendered":"LCA Mad Monkey by Stallone Cigars"},"content":{"rendered":"<p>2022-ben a Privada \u00e9s az LCA bemutatta a rendszeres gy\u00e1rt\u00e1s\u00fa alapk\u00edn\u00e1latot, amely a rajong\u00f3knak folyamatosan min\u0151s\u00e9gi LCA-szivarokat k\u00edn\u00e1l a limit\u00e1lt havi kiadv\u00e1nyok mell\u00e9. A Mad Monkey a nev\u00e9t a szivaros k\u00f6z\u00f6ss\u00e9g egy j\u00e1t\u00e9kos legend\u00e1j\u00e1r\u00f3l kapta, amely egy vad, szivarim\u00e1d\u00f3 majomr\u00f3l sz\u00f3l. Nicaraguai Habano Maduro bor\u00edt\u00f3, dupla k\u00f6t\u0151anyag Nicaragu\u00e1b\u00f3l \u00e9s nicaraguai t\u00f6lt\u0151anyag.<\/p>","protected":false},"excerpt":{"rendered":"<p>2022-ben a Privada \u00e9s az LCA bemutatta a rendszeres gy\u00e1rt\u00e1s\u00fa alapk\u00edn\u00e1latot, amely a rajong\u00f3knak folyamatosan min\u0151s\u00e9gi LCA-szivarokat k\u00edn\u00e1l a limit\u00e1lt havi kiadv\u00e1nyok mell\u00e9. A Mad Monkey a nev\u00e9t a szivaros k\u00f6z\u00f6ss\u00e9g egy j\u00e1t\u00e9kos legend\u00e1j\u00e1r\u00f3l kapta, amely egy vad, szivarim\u00e1d\u00f3 majomr\u00f3l sz\u00f3l. Nicaraguai Habano Maduro bor\u00edt\u00f3, dupla k\u00f6t\u0151anyag Nicaragu\u00e1b\u00f3l \u00e9s nicaraguai t\u00f6lt\u0151anyag.<\/p>","protected":false},"featured_media":1255,"comment_status":"open","ping_status":"closed","template":"","meta":[],"product_brand":[437],"product_cat":[30],"product_tag":[],"class_list":{"0":"post-1256","1":"product","2":"type-product","3":"status-publish","4":"has-post-thumbnail","6":"product_brand-privada","7":"product_cat-cigars","8":"pa_binder-nicaraguan-habano","9":"pa_filler-origin-double-nicaragua","10":"pa_filler-type-nicaragua","11":"pa_format-parejo","12":"pa_manufacturer-tabacalera-palma","13":"pa_size-toro","14":"pa_wrapper-nicaragua","16":"first","17":"instock","18":"purchasable","19":"product-type-simple"},"aioseo_notices":[],"_links":{"self":[{"href":"https:\/\/operatrafik.com\/hu\/wp-json\/wp\/v2\/product\/1256","targetHints":{"allow":["GET"]}}],"collection":[{"href":"https:\/\/operatrafik.com\/hu\/wp-json\/wp\/v2\/product"}],"about":[{"href":"https:\/\/operatrafik.com\/hu\/wp-json\/wp\/v2\/types\/product"}],"replies":[{"embeddable":true,"href":"https:\/\/operatrafik.com\/hu\/wp-json\/wp\/v2\/comments?post=1256"}],"wp:featuredmedia":[{"embeddable":true,"href":"https:\/\/operatrafik.com\/hu\/wp-json\/wp\/v2\/media\/1255"}],"wp:attachment":[{"href":"https:\/\/operatrafik.com\/hu\/wp-json\/wp\/v2\/media?parent=1256"}],"wp:term":[{"taxonomy":"product_brand","embeddable":true,"href":"https:\/\/operatrafik.com\/hu\/wp-json\/wp\/v2\/product_brand?post=1256"},{"taxonomy":"product_cat","embeddable":true,"href":"https:\/\/operatrafik.com\/hu\/wp-json\/wp\/v2\/product_cat?post=1256"},{"taxonomy":"product_tag","embeddable":true,"href":"https:\/\/operatrafik.com\/hu\/wp-json\/wp\/v2\/product_tag?post=1256"}],"curies":[{"name":"wp","href":"https:\/\/api.w.org\/{rel}","templated":true}]}}