{"id":1258,"date":"2025-08-14T08:25:04","date_gmt":"2025-08-14T08:25:04","guid":{"rendered":"https:\/\/operatrafik.com\/product\/lca-the-good-life-by-j-c-newman\/"},"modified":"2025-09-01T12:28:43","modified_gmt":"2025-09-01T12:28:43","slug":"lca-the-good-life-by-j-c-newman","status":"publish","type":"product","link":"https:\/\/operatrafik.com\/hu\/termek\/lca-the-good-life-by-j-c-newman\/","title":{"rendered":"LCA The Good Life by J.C. Newman"},"content":{"rendered":"<p>K\u00f3stol\u00e1si jegyzetek: A testben barnyard \u00e9s kaka\u00f3. A hideg h\u00faz\u00e1s sz\u00f3jasz\u00f3szt \u00e9s borsot tartalmaz. Az els\u0151 harmad szerecsendi\u00f3s, neh\u00e9z, frissen s\u00fclt keny\u00e9r \u00edze, feny\u0151 \u00e9s egy olyan gazdags\u00e1g, ami p\u00e1ratlan. Neh\u00e9z, gazdag \u00e9s dekadens. Csokol\u00e1d\u00e9torta, v\u00f6r\u00f6sbor, enyhe bors, \u00e9des cukor, sz\u00e1r\u00edtott vir\u00e1gos jegyek. A m\u00e1sodik harmad valamivel kev\u00e9sb\u00e9 \u00e9des. Gy\u00f3gyn\u00f6v\u00e9nyes jegyek, mint az olasz f\u0171szerek, \u00e9s a fa feler\u0151s\u00f6dik egy sz\u00e9p c\u00e9drusra. A keny\u00e9r m\u00e9g mindig hangs\u00falyos. Id\u0151nk\u00e9nt a smacks gabonaf\u00e9l\u00e9kre, cukor smacksra eml\u00e9keztet. Szemcs\u00e9s, enyh\u00e9n \u00e9des, szant\u00e1lfa, enyh\u00e9n f\u00fcst\u00f6s. Az utols\u00f3 harmadban chili f\u0171szerez\u00e9s, a vir\u00e1gos jegyek feler\u0151s\u00f6dnek, van egy c\u00e9drusfa feler\u0151s\u00f6d\u00e9s is. Most v\u00e1lik egy \u00ednyenc csokol\u00e1d\u00e9tort\u00e1v\u00e1, amihez gy\u00f3gyn\u00f6v\u00e9nyeket \u00e9s egyedi f\u0171szereket haszn\u00e1l. A v\u00e9g\u00e9n mindezek az \u00edzek \u00f6sszeolvadnak, \u00e9s egy h\u0171v\u00f6s mentolos f\u00fcst\u00f6t alkotnak.<\/p>","protected":false},"excerpt":{"rendered":"<p>K\u00f3stol\u00e1si jegyzetek: A testben barnyard \u00e9s kaka\u00f3. A hideg h\u00faz\u00e1s sz\u00f3jasz\u00f3szt \u00e9s borsot tartalmaz. Az els\u0151 harmad szerecsendi\u00f3s, neh\u00e9z, frissen s\u00fclt keny\u00e9r \u00edze, feny\u0151 \u00e9s egy olyan gazdags\u00e1g, ami p\u00e1ratlan. Neh\u00e9z, gazdag \u00e9s dekadens. Csokol\u00e1d\u00e9torta, v\u00f6r\u00f6sbor, enyhe bors, \u00e9des cukor, sz\u00e1r\u00edtott vir\u00e1gos jegyek. A m\u00e1sodik harmad valamivel kev\u00e9sb\u00e9 \u00e9des. Gy\u00f3gyn\u00f6v\u00e9nyes jegyek, mint az olasz f\u0171szerek, [&hellip;]<\/p>","protected":false},"featured_media":1257,"comment_status":"open","ping_status":"closed","template":"","meta":[],"product_brand":[437],"product_cat":[30],"product_tag":[],"class_list":{"0":"post-1258","1":"product","2":"type-product","3":"status-publish","4":"has-post-thumbnail","6":"product_brand-privada","7":"product_cat-cigars","8":"pa_binder-kezi-sodrasu","9":"pa_filler-origin-connecticut-broadleaf","10":"pa_filler-type-nicaragua","11":"pa_format-parejo","12":"pa_size-toro","14":"first","15":"instock","16":"purchasable","17":"product-type-simple"},"aioseo_notices":[],"_links":{"self":[{"href":"https:\/\/operatrafik.com\/hu\/wp-json\/wp\/v2\/product\/1258","targetHints":{"allow":["GET"]}}],"collection":[{"href":"https:\/\/operatrafik.com\/hu\/wp-json\/wp\/v2\/product"}],"about":[{"href":"https:\/\/operatrafik.com\/hu\/wp-json\/wp\/v2\/types\/product"}],"replies":[{"embeddable":true,"href":"https:\/\/operatrafik.com\/hu\/wp-json\/wp\/v2\/comments?post=1258"}],"wp:featuredmedia":[{"embeddable":true,"href":"https:\/\/operatrafik.com\/hu\/wp-json\/wp\/v2\/media\/1257"}],"wp:attachment":[{"href":"https:\/\/operatrafik.com\/hu\/wp-json\/wp\/v2\/media?parent=1258"}],"wp:term":[{"taxonomy":"product_brand","embeddable":true,"href":"https:\/\/operatrafik.com\/hu\/wp-json\/wp\/v2\/product_brand?post=1258"},{"taxonomy":"product_cat","embeddable":true,"href":"https:\/\/operatrafik.com\/hu\/wp-json\/wp\/v2\/product_cat?post=1258"},{"taxonomy":"product_tag","embeddable":true,"href":"https:\/\/operatrafik.com\/hu\/wp-json\/wp\/v2\/product_tag?post=1258"}],"curies":[{"name":"wp","href":"https:\/\/api.w.org\/{rel}","templated":true}]}}