{"id":1260,"date":"2025-08-14T08:25:06","date_gmt":"2025-08-14T08:25:06","guid":{"rendered":"https:\/\/operatrafik.com\/product\/lca-paca-by-cavalier-cigars\/"},"modified":"2025-09-01T12:28:53","modified_gmt":"2025-09-01T12:28:53","slug":"lca-paca-by-cavalier-cigars","status":"publish","type":"product","link":"https:\/\/operatrafik.com\/hu\/termek\/lca-paca-by-cavalier-cigars\/","title":{"rendered":"LCA Paca by Cavalier Cigars"},"content":{"rendered":"<p>A Cavalier Cigars bemutatja a Honduras sz\u00edv\u00e9b\u0151l sz\u00e1rmaz\u00f3 remekm\u0171vet, amelyet a legfinomabb Plasencia doh\u00e1nyb\u00f3l k\u00e9sz\u00edtettek. Minden egyes szivar egy paca sz\u00f6vetcs\u00edkkal b\u00fcszk\u00e9lkedhet, amelyet t\u00f6bb mint 15 000 zs\u00e1k zs\u00e1kv\u00e1szonb\u00f3l v\u00e1gtak ki, ahol a kever\u00e9khez haszn\u00e1lt doh\u00e1nyokat \u00e9rlelt\u00e9k. Ez nem csak dekor\u00e1ci\u00f3; ez szimboliz\u00e1lja minden egyes ember elk\u00f6telezetts\u00e9g\u00e9t, idej\u00e9t \u00e9s er\u0151fesz\u00edt\u00e9seit, akik r\u00e9szt vettek a szivar \u00fatj\u00e1ban a magt\u00f3l a f\u00fcstig. Minden slukk eml\u00e9keztet a sz\u00e1mtalan k\u00e9zre \u00e9s sz\u00edvb\u0151l j\u00f6v\u0151 t\u00f6rt\u00e9netre, amelyek a szivar l\u00e9nyeg\u00e9t form\u00e1lt\u00e1k. Ez a kiad\u00e1s a tudom\u00e1ny \u00e9s a hagyom\u00e1ny harmonikus kever\u00e9k\u00e9nek bizony\u00edt\u00e9ka, amely a k\u00e9zm\u0171ves szivarok renesz\u00e1nsz\u00e1t jelzi. A Cavalier Gen\u00e8ve Paca egy 6&#215;50-es toro, Habano bor\u00edt\u00f3val, Connecticut k\u00f6t\u0151anyaggal, valamint nicaraguai \u00e9s perui t\u00f6ltel\u00e9kkel, amelyet a hondurasi F\u00e1brica Centroamericana de Tabaco gy\u00e1rban sodornak. A Privada Cigar Club 1,5 \u00e9ven kereszt\u00fcl apr\u00f3l\u00e9kosan \u00e9rlelte ezeket a kincseket a jellegzetes technik\u00e1jukkal.<\/p>","protected":false},"excerpt":{"rendered":"<p>A Cavalier Cigars bemutatja a Honduras sz\u00edv\u00e9b\u0151l sz\u00e1rmaz\u00f3 remekm\u0171vet, amelyet a legfinomabb Plasencia doh\u00e1nyb\u00f3l k\u00e9sz\u00edtettek. Minden egyes szivar egy paca sz\u00f6vetcs\u00edkkal b\u00fcszk\u00e9lkedhet, amelyet t\u00f6bb mint 15 000 zs\u00e1k zs\u00e1kv\u00e1szonb\u00f3l v\u00e1gtak ki, ahol a kever\u00e9khez haszn\u00e1lt doh\u00e1nyokat \u00e9rlelt\u00e9k. Ez nem csak dekor\u00e1ci\u00f3; ez szimboliz\u00e1lja minden egyes ember elk\u00f6telezetts\u00e9g\u00e9t, idej\u00e9t \u00e9s er\u0151fesz\u00edt\u00e9seit, akik r\u00e9szt vettek a szivar [&hellip;]<\/p>","protected":false},"featured_media":1259,"comment_status":"open","ping_status":"closed","template":"","meta":[],"product_brand":[437],"product_cat":[30],"product_tag":[],"class_list":{"0":"post-1260","1":"product","2":"type-product","3":"status-publish","4":"has-post-thumbnail","6":"product_brand-privada","7":"product_cat-cigars","8":"pa_binder-habano","9":"pa_filler-origin-connecticut","10":"pa_filler-type-nicaragua","11":"pa_filler-type-peru","12":"pa_format-parejo","13":"pa_handmade-kozepes","14":"pa_manufacturer-fabrica-centroamericana-de-tabaco","15":"pa_size-toro","16":"pa_strength-kozepes","17":"pa_wrapper-honduras","19":"first","20":"instock","21":"purchasable","22":"product-type-simple"},"aioseo_notices":[],"_links":{"self":[{"href":"https:\/\/operatrafik.com\/hu\/wp-json\/wp\/v2\/product\/1260","targetHints":{"allow":["GET"]}}],"collection":[{"href":"https:\/\/operatrafik.com\/hu\/wp-json\/wp\/v2\/product"}],"about":[{"href":"https:\/\/operatrafik.com\/hu\/wp-json\/wp\/v2\/types\/product"}],"replies":[{"embeddable":true,"href":"https:\/\/operatrafik.com\/hu\/wp-json\/wp\/v2\/comments?post=1260"}],"wp:featuredmedia":[{"embeddable":true,"href":"https:\/\/operatrafik.com\/hu\/wp-json\/wp\/v2\/media\/1259"}],"wp:attachment":[{"href":"https:\/\/operatrafik.com\/hu\/wp-json\/wp\/v2\/media?parent=1260"}],"wp:term":[{"taxonomy":"product_brand","embeddable":true,"href":"https:\/\/operatrafik.com\/hu\/wp-json\/wp\/v2\/product_brand?post=1260"},{"taxonomy":"product_cat","embeddable":true,"href":"https:\/\/operatrafik.com\/hu\/wp-json\/wp\/v2\/product_cat?post=1260"},{"taxonomy":"product_tag","embeddable":true,"href":"https:\/\/operatrafik.com\/hu\/wp-json\/wp\/v2\/product_tag?post=1260"}],"curies":[{"name":"wp","href":"https:\/\/api.w.org\/{rel}","templated":true}]}}