{"id":1262,"date":"2025-08-14T08:25:07","date_gmt":"2025-08-14T08:25:07","guid":{"rendered":"https:\/\/operatrafik.com\/product\/lca-vintage-reserva-2022-by-eiroa\/"},"modified":"2025-09-01T12:29:02","modified_gmt":"2025-09-01T12:29:02","slug":"lca-vintage-reserva-2022-by-eiroa","status":"publish","type":"product","link":"https:\/\/operatrafik.com\/hu\/termek\/lca-vintage-reserva-2022-by-eiroa\/","title":{"rendered":"LCA Vintage Reserva 2022 by Eiroa"},"content":{"rendered":"<p>Ez az LCA Reserva sorozat m\u00e1sodik \u00e9ves kiad\u00e1sa. Ez a szivar teljes eg\u00e9sz\u00e9ben egyetlen \u00e9v kubai magv\u00fa Corojo term\u00e9s\u00e9b\u0151l k\u00e9sz\u00fclt, amelyet Christian Eiroa hondurasi farmj\u00e1n termesztettek. Ez ugyanaz a kever\u00e9k, mint a 2021-es kiad\u00e1s, de teljesen m\u00e1s \u00e9lm\u00e9nyt ny\u00fajt. A sz\u00fcreti \u00e9vj\u00e1rat az, amikor a szivart sodort\u00e1k, de a doh\u00e1ny a 2019-es szezonb\u00f3l sz\u00e1rmazik. Ez lehet\u0151v\u00e9 teszi, hogy megk\u00f3stolja, milyen a doh\u00e1ny \u00edze egyik \u00e9vr\u0151l a m\u00e1sikra.<\/p>","protected":false},"excerpt":{"rendered":"<p>Ez az LCA Reserva sorozat m\u00e1sodik \u00e9ves kiad\u00e1sa. Ez a szivar teljes eg\u00e9sz\u00e9ben egyetlen \u00e9v kubai magv\u00fa Corojo term\u00e9s\u00e9b\u0151l k\u00e9sz\u00fclt, amelyet Christian Eiroa hondurasi farmj\u00e1n termesztettek. Ez ugyanaz a kever\u00e9k, mint a 2021-es kiad\u00e1s, de teljesen m\u00e1s \u00e9lm\u00e9nyt ny\u00fajt. A sz\u00fcreti \u00e9vj\u00e1rat az, amikor a szivart sodort\u00e1k, de a doh\u00e1ny a 2019-es szezonb\u00f3l sz\u00e1rmazik. Ez [&hellip;]<\/p>","protected":false},"featured_media":1261,"comment_status":"open","ping_status":"closed","template":"","meta":[],"product_brand":[437],"product_cat":[30],"product_tag":[],"class_list":{"0":"post-1262","1":"product","2":"type-product","3":"status-publish","4":"has-post-thumbnail","6":"product_brand-privada","7":"product_cat-cigars","8":"pa_binder-honduran-corojo","9":"pa_filler-origin-honduran-corojo","10":"pa_filler-type-honduran-corojo","11":"pa_format-parejo","12":"pa_manufacturer-cle-cigar-company","13":"pa_size-lonsdale","14":"pa_wrapper-honduras","16":"first","17":"instock","18":"purchasable","19":"product-type-simple"},"aioseo_notices":[],"_links":{"self":[{"href":"https:\/\/operatrafik.com\/hu\/wp-json\/wp\/v2\/product\/1262","targetHints":{"allow":["GET"]}}],"collection":[{"href":"https:\/\/operatrafik.com\/hu\/wp-json\/wp\/v2\/product"}],"about":[{"href":"https:\/\/operatrafik.com\/hu\/wp-json\/wp\/v2\/types\/product"}],"replies":[{"embeddable":true,"href":"https:\/\/operatrafik.com\/hu\/wp-json\/wp\/v2\/comments?post=1262"}],"wp:featuredmedia":[{"embeddable":true,"href":"https:\/\/operatrafik.com\/hu\/wp-json\/wp\/v2\/media\/1261"}],"wp:attachment":[{"href":"https:\/\/operatrafik.com\/hu\/wp-json\/wp\/v2\/media?parent=1262"}],"wp:term":[{"taxonomy":"product_brand","embeddable":true,"href":"https:\/\/operatrafik.com\/hu\/wp-json\/wp\/v2\/product_brand?post=1262"},{"taxonomy":"product_cat","embeddable":true,"href":"https:\/\/operatrafik.com\/hu\/wp-json\/wp\/v2\/product_cat?post=1262"},{"taxonomy":"product_tag","embeddable":true,"href":"https:\/\/operatrafik.com\/hu\/wp-json\/wp\/v2\/product_tag?post=1262"}],"curies":[{"name":"wp","href":"https:\/\/api.w.org\/{rel}","templated":true}]}}