{"id":1270,"date":"2025-08-14T08:25:16","date_gmt":"2025-08-14T08:25:16","guid":{"rendered":"https:\/\/operatrafik.com\/product\/oscar-valladares-plan-b-corojo-toro\/"},"modified":"2025-08-18T07:16:20","modified_gmt":"2025-08-18T07:16:20","slug":"oscar-valladares-plan-b-corojo-toro","status":"publish","type":"product","link":"https:\/\/operatrafik.com\/hu\/termek\/oscar-valladares-plan-b-corojo-toro\/","title":{"rendered":"Oscar Valladares Plan B Corojo Toro"},"content":{"rendered":"<p>\u00c9rdekes, de a Plan B Connecticut mindent k\u00edn\u00e1l, amit egy pr\u00e9mium m\u00e1rk\u00e1t\u00f3l elv\u00e1rhatsz. J\u00f3l \u00e9g \u00e9s sz\u00e9pen kiegyens\u00falyozott. Az ind\u00edt\u00e1s gabon\u00e1s \u00e9s \u00e9des k\u00e1v\u00e9s jegyekkel lep meg, enyhe borsos jegyekkel. A f\u00fcst ezut\u00e1n finom m\u00e9zes t\u00f3nus\u00fav\u00e1 fejl\u0151dik, \u00e9s a reggeli pir\u00edt\u00f3sra eml\u00e9keztet. Ez egy kellemes reggeli kever\u00e9k.<\/p>","protected":false},"excerpt":{"rendered":"<p>\u00c9rdekes, de a Plan B Connecticut mindent k\u00edn\u00e1l, amit egy pr\u00e9mium m\u00e1rk\u00e1t\u00f3l elv\u00e1rhatsz. J\u00f3l \u00e9g \u00e9s sz\u00e9pen kiegyens\u00falyozott. Az ind\u00edt\u00e1s gabon\u00e1s \u00e9s \u00e9des k\u00e1v\u00e9s jegyekkel lep meg, enyhe borsos jegyekkel. A f\u00fcst ezut\u00e1n finom m\u00e9zes t\u00f3nus\u00fav\u00e1 fejl\u0151dik, \u00e9s a reggeli pir\u00edt\u00f3sra eml\u00e9keztet. Ez egy kellemes reggeli kever\u00e9k.<\/p>","protected":false},"featured_media":1269,"comment_status":"open","ping_status":"closed","template":"","meta":[],"product_brand":[435],"product_cat":[30],"product_tag":[],"class_list":{"0":"post-1270","1":"product","2":"type-product","3":"status-publish","4":"has-post-thumbnail","6":"product_brand-oscar-valladares","7":"product_cat-cigars","8":"pa_binder-honduras","9":"pa_color-colorado","10":"pa_filler-origin-honduras","11":"pa_filler-type-shortfiller","12":"pa_format-parejo","13":"pa_handmade-kezi-sodrasu","14":"pa_manufacturer-honduras","15":"pa_size-toro","16":"pa_strength-kozepes-eros","17":"pa_wrapper-ecuadorian-corojo","19":"first","20":"instock","21":"purchasable","22":"product-type-simple"},"aioseo_notices":[],"_links":{"self":[{"href":"https:\/\/operatrafik.com\/hu\/wp-json\/wp\/v2\/product\/1270","targetHints":{"allow":["GET"]}}],"collection":[{"href":"https:\/\/operatrafik.com\/hu\/wp-json\/wp\/v2\/product"}],"about":[{"href":"https:\/\/operatrafik.com\/hu\/wp-json\/wp\/v2\/types\/product"}],"replies":[{"embeddable":true,"href":"https:\/\/operatrafik.com\/hu\/wp-json\/wp\/v2\/comments?post=1270"}],"wp:featuredmedia":[{"embeddable":true,"href":"https:\/\/operatrafik.com\/hu\/wp-json\/wp\/v2\/media\/1269"}],"wp:attachment":[{"href":"https:\/\/operatrafik.com\/hu\/wp-json\/wp\/v2\/media?parent=1270"}],"wp:term":[{"taxonomy":"product_brand","embeddable":true,"href":"https:\/\/operatrafik.com\/hu\/wp-json\/wp\/v2\/product_brand?post=1270"},{"taxonomy":"product_cat","embeddable":true,"href":"https:\/\/operatrafik.com\/hu\/wp-json\/wp\/v2\/product_cat?post=1270"},{"taxonomy":"product_tag","embeddable":true,"href":"https:\/\/operatrafik.com\/hu\/wp-json\/wp\/v2\/product_tag?post=1270"}],"curies":[{"name":"wp","href":"https:\/\/api.w.org\/{rel}","templated":true}]}}