{"id":1284,"date":"2025-08-14T08:25:29","date_gmt":"2025-08-14T08:25:29","guid":{"rendered":"https:\/\/operatrafik.com\/product\/oscar-valladares-heaven-hell-toro-claro\/"},"modified":"2025-08-18T07:16:19","modified_gmt":"2025-08-18T07:16:19","slug":"oscar-valladares-heaven-hell-toro-claro","status":"publish","type":"product","link":"https:\/\/operatrafik.com\/hu\/termek\/oscar-valladares-heaven-hell-toro-claro\/","title":{"rendered":"Oscar Valladares Heaven &#038; Hell Toro Claro"},"content":{"rendered":"<p>A k\u00f6zepes test\u0171 Heaven and Hell Toro Connecticut szivarok, ezek a k\u00e9zm\u0171ves gy\u00f6ngyszemek a selymes, \u00e1rny\u00e9kban termesztett lev\u00e9lr\u0151l kapt\u00e1k a nev\u00fcket. Ez a gy\u00f6ny\u00f6r\u0171 Connecticut bor\u00edt\u00f3j\u00fa szivar mexik\u00f3i k\u00f6t\u0151anyagot \u00e9s teljesen \u00e9rlelt hondurasi hossz\u00fa level\u0171 t\u00f6lt\u0151anyagokat tartalmaz, amelyek mind gazdag \u00e9s tagadhatatlanul sima kaka\u00f3, b\u0151r, fah\u00e9j, f\u00f6ld \u00e9s f\u0171szerek \u00edz\u00e9t ny\u00fajtj\u00e1k.<\/p>","protected":false},"excerpt":{"rendered":"<p>A k\u00f6zepes test\u0171 Heaven and Hell Toro Connecticut szivarok, ezek a k\u00e9zm\u0171ves gy\u00f6ngyszemek a selymes, \u00e1rny\u00e9kban termesztett lev\u00e9lr\u0151l kapt\u00e1k a nev\u00fcket. Ez a gy\u00f6ny\u00f6r\u0171 Connecticut bor\u00edt\u00f3j\u00fa szivar mexik\u00f3i k\u00f6t\u0151anyagot \u00e9s teljesen \u00e9rlelt hondurasi hossz\u00fa level\u0171 t\u00f6lt\u0151anyagokat tartalmaz, amelyek mind gazdag \u00e9s tagadhatatlanul sima kaka\u00f3, b\u0151r, fah\u00e9j, f\u00f6ld \u00e9s f\u0171szerek \u00edz\u00e9t ny\u00fajtj\u00e1k.<\/p>","protected":false},"featured_media":1283,"comment_status":"open","ping_status":"closed","template":"","meta":[],"product_brand":[435],"product_cat":[30],"product_tag":[],"class_list":{"0":"post-1284","1":"product","2":"type-product","3":"status-publish","4":"has-post-thumbnail","6":"product_brand-oscar-valladares","7":"product_cat-cigars","8":"pa_binder-mexican-san-andres","9":"pa_color-claro","10":"pa_filler-origin-honduras","11":"pa_filler-type-longfiller","12":"pa_format-parejo","13":"pa_handmade-kezi-sodrasu","14":"pa_manufacturer-honduras","15":"pa_size-toro","16":"pa_strength-gyenge-kozepes","17":"pa_wrapper-honduran-connecticut","19":"first","20":"instock","21":"purchasable","22":"product-type-simple"},"aioseo_notices":[],"_links":{"self":[{"href":"https:\/\/operatrafik.com\/hu\/wp-json\/wp\/v2\/product\/1284","targetHints":{"allow":["GET"]}}],"collection":[{"href":"https:\/\/operatrafik.com\/hu\/wp-json\/wp\/v2\/product"}],"about":[{"href":"https:\/\/operatrafik.com\/hu\/wp-json\/wp\/v2\/types\/product"}],"replies":[{"embeddable":true,"href":"https:\/\/operatrafik.com\/hu\/wp-json\/wp\/v2\/comments?post=1284"}],"wp:featuredmedia":[{"embeddable":true,"href":"https:\/\/operatrafik.com\/hu\/wp-json\/wp\/v2\/media\/1283"}],"wp:attachment":[{"href":"https:\/\/operatrafik.com\/hu\/wp-json\/wp\/v2\/media?parent=1284"}],"wp:term":[{"taxonomy":"product_brand","embeddable":true,"href":"https:\/\/operatrafik.com\/hu\/wp-json\/wp\/v2\/product_brand?post=1284"},{"taxonomy":"product_cat","embeddable":true,"href":"https:\/\/operatrafik.com\/hu\/wp-json\/wp\/v2\/product_cat?post=1284"},{"taxonomy":"product_tag","embeddable":true,"href":"https:\/\/operatrafik.com\/hu\/wp-json\/wp\/v2\/product_tag?post=1284"}],"curies":[{"name":"wp","href":"https:\/\/api.w.org\/{rel}","templated":true}]}}