{"id":1288,"date":"2025-08-14T08:25:34","date_gmt":"2025-08-14T08:25:34","guid":{"rendered":"https:\/\/operatrafik.com\/product\/oscar-valladares-ciseron-edition\/"},"modified":"2025-08-18T07:16:18","modified_gmt":"2025-08-18T07:16:18","slug":"oscar-valladares-ciseron-edition","status":"publish","type":"product","link":"https:\/\/operatrafik.com\/hu\/termek\/oscar-valladares-ciseron-edition\/","title":{"rendered":"Oscar Valladares Ciseron Edition"},"content":{"rendered":"<p>A Ciser\u00f3n Edition m\u00e9ly, vibr\u00e1l\u00f3 \u00edzekkel indul. Ez egy olyan hihetetlen\u00fcl \u00e9des \u00e9s telt \u00edz\u0171 kezd\u00e9s, mint egy fah\u00e9jas tekercs! Mazsol\u00e1s jegyek \u00e9s rengeteg \u00e9des kr\u00e9msajtm\u00e1z. Az Oscar Valladares Ciser\u00f3n Edition vil\u00e1gos \u00e9s \u00edzgazdag karakter\u0171 a szivar eg\u00e9sz kezd\u0151 szakasz\u00e1ban, k\u00f6zepes testtel \u00e9s k\u00f6zepes-k\u00f6zepes er\u0151ss\u00e9g\u0171 kimenettel.<\/p>","protected":false},"excerpt":{"rendered":"<p>A Ciser\u00f3n Edition m\u00e9ly, vibr\u00e1l\u00f3 \u00edzekkel indul. Ez egy olyan hihetetlen\u00fcl \u00e9des \u00e9s telt \u00edz\u0171 kezd\u00e9s, mint egy fah\u00e9jas tekercs! Mazsol\u00e1s jegyek \u00e9s rengeteg \u00e9des kr\u00e9msajtm\u00e1z. Az Oscar Valladares Ciser\u00f3n Edition vil\u00e1gos \u00e9s \u00edzgazdag karakter\u0171 a szivar eg\u00e9sz kezd\u0151 szakasz\u00e1ban, k\u00f6zepes testtel \u00e9s k\u00f6zepes-k\u00f6zepes er\u0151ss\u00e9g\u0171 kimenettel.<\/p>","protected":false},"featured_media":1287,"comment_status":"open","ping_status":"closed","template":"","meta":[],"product_brand":[435],"product_cat":[30],"product_tag":[],"class_list":{"0":"post-1288","1":"product","2":"type-product","3":"status-publish","4":"has-post-thumbnail","6":"product_brand-oscar-valladares","7":"product_cat-cigars","8":"pa_binder-nicaragua","9":"pa_color-colorado-claro","10":"pa_filler-origin-nicaragua","11":"pa_filler-type-longfiller","12":"pa_format-parejo","13":"pa_handmade-kezi-sodrasu","14":"pa_manufacturer-honduras","15":"pa_size-toro","16":"pa_strength-kozepes","17":"pa_wrapper-ecuadorian-sun-grown","19":"first","20":"instock","21":"purchasable","22":"product-type-simple"},"aioseo_notices":[],"_links":{"self":[{"href":"https:\/\/operatrafik.com\/hu\/wp-json\/wp\/v2\/product\/1288","targetHints":{"allow":["GET"]}}],"collection":[{"href":"https:\/\/operatrafik.com\/hu\/wp-json\/wp\/v2\/product"}],"about":[{"href":"https:\/\/operatrafik.com\/hu\/wp-json\/wp\/v2\/types\/product"}],"replies":[{"embeddable":true,"href":"https:\/\/operatrafik.com\/hu\/wp-json\/wp\/v2\/comments?post=1288"}],"wp:featuredmedia":[{"embeddable":true,"href":"https:\/\/operatrafik.com\/hu\/wp-json\/wp\/v2\/media\/1287"}],"wp:attachment":[{"href":"https:\/\/operatrafik.com\/hu\/wp-json\/wp\/v2\/media?parent=1288"}],"wp:term":[{"taxonomy":"product_brand","embeddable":true,"href":"https:\/\/operatrafik.com\/hu\/wp-json\/wp\/v2\/product_brand?post=1288"},{"taxonomy":"product_cat","embeddable":true,"href":"https:\/\/operatrafik.com\/hu\/wp-json\/wp\/v2\/product_cat?post=1288"},{"taxonomy":"product_tag","embeddable":true,"href":"https:\/\/operatrafik.com\/hu\/wp-json\/wp\/v2\/product_tag?post=1288"}],"curies":[{"name":"wp","href":"https:\/\/api.w.org\/{rel}","templated":true}]}}