{"id":1296,"date":"2025-08-14T08:25:44","date_gmt":"2025-08-14T08:25:44","guid":{"rendered":"https:\/\/operatrafik.com\/product\/leaf-by-oscar-10th-anniversary-toro\/"},"modified":"2025-08-18T07:16:16","modified_gmt":"2025-08-18T07:16:16","slug":"leaf-by-oscar-10th-anniversary-toro","status":"publish","type":"product","link":"https:\/\/operatrafik.com\/hu\/termek\/leaf-by-oscar-10th-anniversary-toro\/","title":{"rendered":"Leaf by Oscar 10th Anniversary Toro"},"content":{"rendered":"<p>Az els\u0151 megjelen\u00e9se \u00f3ta eltelt 10 \u00e9vet \u00fcnnepelve Oscar Valladares erre az alkalomra egy szivart k\u00e9sz\u00edtett: a Leaf by Oscar 10th Anniversary-t. A szivar 100% hondurasi doh\u00e1nyt tartalmaz, bele\u00e9rtve a hondurasi Criollo magvak bor\u00edt\u00f3j\u00e1t is. Az eredm\u00e9ny egy k\u00f6zepes \u00e9s telt test\u0171, \u00edzekkel teli szivar. Amint meggy\u00fajtja, a f\u00f6ld, a c\u00e9drus \u00e9s a b\u0151r \u00edzletes jegyeit fogja megtapasztalni.<\/p>","protected":false},"excerpt":{"rendered":"<p>Az els\u0151 megjelen\u00e9se \u00f3ta eltelt 10 \u00e9vet \u00fcnnepelve Oscar Valladares erre az alkalomra egy szivart k\u00e9sz\u00edtett: a Leaf by Oscar 10th Anniversary-t. A szivar 100% hondurasi doh\u00e1nyt tartalmaz, bele\u00e9rtve a hondurasi Criollo magvak bor\u00edt\u00f3j\u00e1t is. Az eredm\u00e9ny egy k\u00f6zepes \u00e9s telt test\u0171, \u00edzekkel teli szivar. Amint meggy\u00fajtja, a f\u00f6ld, a c\u00e9drus \u00e9s a b\u0151r \u00edzletes [&hellip;]<\/p>","protected":false},"featured_media":1295,"comment_status":"open","ping_status":"closed","template":"","meta":[],"product_brand":[435],"product_cat":[30],"product_tag":[],"class_list":{"0":"post-1296","1":"product","2":"type-product","3":"status-publish","4":"has-post-thumbnail","6":"product_brand-oscar-valladares","7":"product_cat-cigars","8":"pa_binder-honduras","9":"pa_color-maduro","10":"pa_filler-origin-honduras","11":"pa_filler-type-longfiller","12":"pa_format-parejo","13":"pa_handmade-kezi-sodrasu","14":"pa_manufacturer-honduras","15":"pa_size-toro","16":"pa_strength-kozepes","17":"pa_wrapper-honduran-criollo","19":"first","20":"instock","21":"purchasable","22":"product-type-simple"},"aioseo_notices":[],"_links":{"self":[{"href":"https:\/\/operatrafik.com\/hu\/wp-json\/wp\/v2\/product\/1296","targetHints":{"allow":["GET"]}}],"collection":[{"href":"https:\/\/operatrafik.com\/hu\/wp-json\/wp\/v2\/product"}],"about":[{"href":"https:\/\/operatrafik.com\/hu\/wp-json\/wp\/v2\/types\/product"}],"replies":[{"embeddable":true,"href":"https:\/\/operatrafik.com\/hu\/wp-json\/wp\/v2\/comments?post=1296"}],"wp:featuredmedia":[{"embeddable":true,"href":"https:\/\/operatrafik.com\/hu\/wp-json\/wp\/v2\/media\/1295"}],"wp:attachment":[{"href":"https:\/\/operatrafik.com\/hu\/wp-json\/wp\/v2\/media?parent=1296"}],"wp:term":[{"taxonomy":"product_brand","embeddable":true,"href":"https:\/\/operatrafik.com\/hu\/wp-json\/wp\/v2\/product_brand?post=1296"},{"taxonomy":"product_cat","embeddable":true,"href":"https:\/\/operatrafik.com\/hu\/wp-json\/wp\/v2\/product_cat?post=1296"},{"taxonomy":"product_tag","embeddable":true,"href":"https:\/\/operatrafik.com\/hu\/wp-json\/wp\/v2\/product_tag?post=1296"}],"curies":[{"name":"wp","href":"https:\/\/api.w.org\/{rel}","templated":true}]}}