{"id":1302,"date":"2025-08-14T08:25:49","date_gmt":"2025-08-14T08:25:49","guid":{"rendered":"https:\/\/operatrafik.com\/product\/leaf-by-oscar-sumatra-lancero\/"},"modified":"2025-08-18T07:16:17","modified_gmt":"2025-08-18T07:16:17","slug":"leaf-by-oscar-sumatra-lancero","status":"publish","type":"product","link":"https:\/\/operatrafik.com\/hu\/termek\/leaf-by-oscar-sumatra-lancero\/","title":{"rendered":"Leaf by Oscar Sumatra Lancero"},"content":{"rendered":"<p>A Leaf by Oscar Toro Sumatra szivar egy rendk\u00edv\u00fcl n\u00e9pszer\u0171 f\u00fcst\u00f6lnival\u00f3, amely a celof\u00e1nnal ellent\u00e9tben az eg\u00e9sz szivart bor\u00edt\u00f3 dekorat\u00edv doh\u00e1nylev\u00e9llel k\u00fcl\u00f6nb\u00f6zteti meg mag\u00e1t. A szivar egy varratmentes ecuadori Sumatra bor\u00edt\u00f3t tartalmaz, amely \u00e9rlelt k\u00f6t\u0151anyagot \u00e9s hondurasi hossz\u00fa t\u00f6ltel\u00e9kanyagokat takar. Az eredm\u00e9ny egy l\u00e1gy \u00e9s k\u00f6zepes test\u0171 f\u00fcst, a pirospaprika, a f\u00f6ld, a b\u0151r, a p\u00f6rk\u00f6lt mogyor\u00f3 \u00e9s a hossz\u00fa, kr\u00e9mes lecseng\u00e9ssel.<\/p>","protected":false},"excerpt":{"rendered":"<p>A Leaf by Oscar Toro Sumatra szivar egy rendk\u00edv\u00fcl n\u00e9pszer\u0171 f\u00fcst\u00f6lnival\u00f3, amely a celof\u00e1nnal ellent\u00e9tben az eg\u00e9sz szivart bor\u00edt\u00f3 dekorat\u00edv doh\u00e1nylev\u00e9llel k\u00fcl\u00f6nb\u00f6zteti meg mag\u00e1t. A szivar egy varratmentes ecuadori Sumatra bor\u00edt\u00f3t tartalmaz, amely \u00e9rlelt k\u00f6t\u0151anyagot \u00e9s hondurasi hossz\u00fa t\u00f6ltel\u00e9kanyagokat takar. Az eredm\u00e9ny egy l\u00e1gy \u00e9s k\u00f6zepes test\u0171 f\u00fcst, a pirospaprika, a f\u00f6ld, a b\u0151r, a [&hellip;]<\/p>","protected":false},"featured_media":1301,"comment_status":"open","ping_status":"closed","template":"","meta":[],"product_brand":[435],"product_cat":[30],"product_tag":[],"class_list":{"0":"post-1302","1":"product","2":"type-product","3":"status-publish","4":"has-post-thumbnail","6":"product_brand-oscar-valladares","7":"product_cat-cigars","8":"pa_binder-honduras","9":"pa_color-colorado-claro","10":"pa_filler-origin-honduras","11":"pa_filler-type-longfiller","12":"pa_format-parejo","13":"pa_handmade-kezi-sodrasu","14":"pa_manufacturer-honduras","15":"pa_size-lancero","16":"pa_strength-kozepes","17":"pa_wrapper-ecuador","19":"first","20":"instock","21":"purchasable","22":"product-type-simple"},"aioseo_notices":[],"_links":{"self":[{"href":"https:\/\/operatrafik.com\/hu\/wp-json\/wp\/v2\/product\/1302","targetHints":{"allow":["GET"]}}],"collection":[{"href":"https:\/\/operatrafik.com\/hu\/wp-json\/wp\/v2\/product"}],"about":[{"href":"https:\/\/operatrafik.com\/hu\/wp-json\/wp\/v2\/types\/product"}],"replies":[{"embeddable":true,"href":"https:\/\/operatrafik.com\/hu\/wp-json\/wp\/v2\/comments?post=1302"}],"wp:featuredmedia":[{"embeddable":true,"href":"https:\/\/operatrafik.com\/hu\/wp-json\/wp\/v2\/media\/1301"}],"wp:attachment":[{"href":"https:\/\/operatrafik.com\/hu\/wp-json\/wp\/v2\/media?parent=1302"}],"wp:term":[{"taxonomy":"product_brand","embeddable":true,"href":"https:\/\/operatrafik.com\/hu\/wp-json\/wp\/v2\/product_brand?post=1302"},{"taxonomy":"product_cat","embeddable":true,"href":"https:\/\/operatrafik.com\/hu\/wp-json\/wp\/v2\/product_cat?post=1302"},{"taxonomy":"product_tag","embeddable":true,"href":"https:\/\/operatrafik.com\/hu\/wp-json\/wp\/v2\/product_tag?post=1302"}],"curies":[{"name":"wp","href":"https:\/\/api.w.org\/{rel}","templated":true}]}}