{"id":1308,"date":"2025-08-14T08:25:54","date_gmt":"2025-08-14T08:25:54","guid":{"rendered":"https:\/\/operatrafik.com\/product\/leaf-by-oscar-maduro-robusto\/"},"modified":"2025-08-18T07:16:17","modified_gmt":"2025-08-18T07:16:17","slug":"leaf-by-oscar-maduro-robusto","status":"publish","type":"product","link":"https:\/\/operatrafik.com\/hu\/termek\/leaf-by-oscar-maduro-robusto\/","title":{"rendered":"Leaf by Oscar Maduro Robusto"},"content":{"rendered":"<p>A Leaf by Oscar Robusto Maduro szivarok cs\u00facsmin\u0151s\u00e9g\u0171 f\u00fcst\u00f6lnival\u00f3k, amelyek hib\u00e1tlanul vannak sodorva, egyenletes sz\u00edn\u0171, s\u00f6t\u00e9t \u00e9s olajos nicaraguai Jalapa bor\u00edt\u00f3val, amely \u00f6reg\u00edtett k\u00f6t\u0151anyagot \u00e9s hondurasi hossz\u00fa t\u00f6ltel\u00e9keket takar. \u00cdzben a borsos f\u0171szerek \u00e9s a csokol\u00e1d\u00e9 kiad\u00f3s adagja, amelyet k\u00e1v\u00e9, kesudi\u00f3 \u00e9s \u00e9getett cukor hangs\u00falyoz, egy nagyon eml\u00e9kezetes maduro \u00e9lm\u00e9nyt ny\u00fajt, amely k\u00f6zepes tester\u0151ss\u00e9g\u0171.<\/p>","protected":false},"excerpt":{"rendered":"<p>A Leaf by Oscar Robusto Maduro szivarok cs\u00facsmin\u0151s\u00e9g\u0171 f\u00fcst\u00f6lnival\u00f3k, amelyek hib\u00e1tlanul vannak sodorva, egyenletes sz\u00edn\u0171, s\u00f6t\u00e9t \u00e9s olajos nicaraguai Jalapa bor\u00edt\u00f3val, amely \u00f6reg\u00edtett k\u00f6t\u0151anyagot \u00e9s hondurasi hossz\u00fa t\u00f6ltel\u00e9keket takar. \u00cdzben a borsos f\u0171szerek \u00e9s a csokol\u00e1d\u00e9 kiad\u00f3s adagja, amelyet k\u00e1v\u00e9, kesudi\u00f3 \u00e9s \u00e9getett cukor hangs\u00falyoz, egy nagyon eml\u00e9kezetes maduro \u00e9lm\u00e9nyt ny\u00fajt, amely k\u00f6zepes tester\u0151ss\u00e9g\u0171.<\/p>","protected":false},"featured_media":1307,"comment_status":"open","ping_status":"closed","template":"","meta":[],"product_brand":[435],"product_cat":[30],"product_tag":[],"class_list":{"0":"post-1308","1":"product","2":"type-product","3":"status-publish","4":"has-post-thumbnail","6":"product_brand-oscar-valladares","7":"product_cat-cigars","8":"pa_binder-honduras","9":"pa_color-maduro","10":"pa_filler-origin-honduras","11":"pa_filler-type-longfiller","12":"pa_format-parejo","13":"pa_handmade-kezi-sodrasu","14":"pa_manufacturer-honduras","15":"pa_size-robusto","16":"pa_strength-kozepes-eros","17":"pa_wrapper-nicaragua","19":"first","20":"instock","21":"purchasable","22":"product-type-simple"},"aioseo_notices":[],"_links":{"self":[{"href":"https:\/\/operatrafik.com\/hu\/wp-json\/wp\/v2\/product\/1308","targetHints":{"allow":["GET"]}}],"collection":[{"href":"https:\/\/operatrafik.com\/hu\/wp-json\/wp\/v2\/product"}],"about":[{"href":"https:\/\/operatrafik.com\/hu\/wp-json\/wp\/v2\/types\/product"}],"replies":[{"embeddable":true,"href":"https:\/\/operatrafik.com\/hu\/wp-json\/wp\/v2\/comments?post=1308"}],"wp:featuredmedia":[{"embeddable":true,"href":"https:\/\/operatrafik.com\/hu\/wp-json\/wp\/v2\/media\/1307"}],"wp:attachment":[{"href":"https:\/\/operatrafik.com\/hu\/wp-json\/wp\/v2\/media?parent=1308"}],"wp:term":[{"taxonomy":"product_brand","embeddable":true,"href":"https:\/\/operatrafik.com\/hu\/wp-json\/wp\/v2\/product_brand?post=1308"},{"taxonomy":"product_cat","embeddable":true,"href":"https:\/\/operatrafik.com\/hu\/wp-json\/wp\/v2\/product_cat?post=1308"},{"taxonomy":"product_tag","embeddable":true,"href":"https:\/\/operatrafik.com\/hu\/wp-json\/wp\/v2\/product_tag?post=1308"}],"curies":[{"name":"wp","href":"https:\/\/api.w.org\/{rel}","templated":true}]}}