{"id":1312,"date":"2025-08-14T08:25:58","date_gmt":"2025-08-14T08:25:58","guid":{"rendered":"https:\/\/operatrafik.com\/product\/leaf-by-oscar-corojo-lancero\/"},"modified":"2025-08-18T07:16:16","modified_gmt":"2025-08-18T07:16:16","slug":"leaf-by-oscar-corojo-lancero","status":"publish","type":"product","link":"https:\/\/operatrafik.com\/hu\/termek\/leaf-by-oscar-corojo-lancero\/","title":{"rendered":"Leaf by Oscar Corojo Lancero"},"content":{"rendered":"<p>A szivar meghat\u00e1roz\u00f3 \u00edzei a kaka\u00f3, fekete k\u00e1v\u00e9, c\u00e9drus \u00e9s egy csipetnyi pirospaprika.<\/p>","protected":false},"excerpt":{"rendered":"<p>A szivar meghat\u00e1roz\u00f3 \u00edzei a kaka\u00f3, fekete k\u00e1v\u00e9, c\u00e9drus \u00e9s egy csipetnyi pirospaprika.<\/p>","protected":false},"featured_media":1311,"comment_status":"open","ping_status":"closed","template":"","meta":[],"product_brand":[435],"product_cat":[30],"product_tag":[],"class_list":{"0":"post-1312","1":"product","2":"type-product","3":"status-publish","4":"has-post-thumbnail","6":"product_brand-oscar-valladares","7":"product_cat-cigars","8":"pa_binder-honduras","9":"pa_color-colorado","10":"pa_filler-origin-honduras","11":"pa_filler-type-longfiller","12":"pa_format-parejo","13":"pa_handmade-kezi-sodrasu","14":"pa_manufacturer-honduras","15":"pa_size-lancero","16":"pa_strength-kozepes","17":"pa_wrapper-honduras","19":"first","20":"instock","21":"purchasable","22":"product-type-simple"},"aioseo_notices":[],"_links":{"self":[{"href":"https:\/\/operatrafik.com\/hu\/wp-json\/wp\/v2\/product\/1312","targetHints":{"allow":["GET"]}}],"collection":[{"href":"https:\/\/operatrafik.com\/hu\/wp-json\/wp\/v2\/product"}],"about":[{"href":"https:\/\/operatrafik.com\/hu\/wp-json\/wp\/v2\/types\/product"}],"replies":[{"embeddable":true,"href":"https:\/\/operatrafik.com\/hu\/wp-json\/wp\/v2\/comments?post=1312"}],"wp:featuredmedia":[{"embeddable":true,"href":"https:\/\/operatrafik.com\/hu\/wp-json\/wp\/v2\/media\/1311"}],"wp:attachment":[{"href":"https:\/\/operatrafik.com\/hu\/wp-json\/wp\/v2\/media?parent=1312"}],"wp:term":[{"taxonomy":"product_brand","embeddable":true,"href":"https:\/\/operatrafik.com\/hu\/wp-json\/wp\/v2\/product_brand?post=1312"},{"taxonomy":"product_cat","embeddable":true,"href":"https:\/\/operatrafik.com\/hu\/wp-json\/wp\/v2\/product_cat?post=1312"},{"taxonomy":"product_tag","embeddable":true,"href":"https:\/\/operatrafik.com\/hu\/wp-json\/wp\/v2\/product_tag?post=1312"}],"curies":[{"name":"wp","href":"https:\/\/api.w.org\/{rel}","templated":true}]}}