{"id":1316,"date":"2025-08-14T08:26:02","date_gmt":"2025-08-14T08:26:02","guid":{"rendered":"https:\/\/operatrafik.com\/product\/leaf-by-oscar-connecticut-robusto\/"},"modified":"2025-08-18T07:16:16","modified_gmt":"2025-08-18T07:16:16","slug":"leaf-by-oscar-connecticut-robusto","status":"publish","type":"product","link":"https:\/\/operatrafik.com\/hu\/termek\/leaf-by-oscar-connecticut-robusto\/","title":{"rendered":"Leaf by Oscar Connecticut Robusto"},"content":{"rendered":"<p>Ez a legszel\u00eddebb kever\u00e9k a rendk\u00edv\u00fcl n\u00e9pszer\u0171 Leaf By Oscar portf\u00f3li\u00f3ban, l\u00e1gy \u00e9s k\u00f6zepes test\u0171, \u00e9s tele van a k\u00e1v\u00e9, a pir\u00edtott mandula, az \u00e9des f\u0171szer \u00e9s a kr\u00e9mes karamell gazdag \u00e1rnyalataival.<\/p>","protected":false},"excerpt":{"rendered":"<p>Ez a legszel\u00eddebb kever\u00e9k a rendk\u00edv\u00fcl n\u00e9pszer\u0171 Leaf By Oscar portf\u00f3li\u00f3ban, l\u00e1gy \u00e9s k\u00f6zepes test\u0171, \u00e9s tele van a k\u00e1v\u00e9, a pir\u00edtott mandula, az \u00e9des f\u0171szer \u00e9s a kr\u00e9mes karamell gazdag \u00e1rnyalataival.<\/p>","protected":false},"featured_media":1315,"comment_status":"open","ping_status":"closed","template":"","meta":[],"product_brand":[435],"product_cat":[30],"product_tag":[],"class_list":{"0":"post-1316","1":"product","2":"type-product","3":"status-publish","4":"has-post-thumbnail","6":"product_brand-oscar-valladares","7":"product_cat-cigars","8":"pa_binder-honduras","9":"pa_color-colorado-claro","10":"pa_filler-origin-honduras","11":"pa_filler-type-longfiller","12":"pa_format-parejo","13":"pa_handmade-kezi-sodrasu","14":"pa_manufacturer-honduras","15":"pa_size-robusto","16":"pa_strength-gyenge-kozepes","17":"pa_wrapper-honduras","19":"first","20":"instock","21":"purchasable","22":"product-type-simple"},"aioseo_notices":[],"_links":{"self":[{"href":"https:\/\/operatrafik.com\/hu\/wp-json\/wp\/v2\/product\/1316","targetHints":{"allow":["GET"]}}],"collection":[{"href":"https:\/\/operatrafik.com\/hu\/wp-json\/wp\/v2\/product"}],"about":[{"href":"https:\/\/operatrafik.com\/hu\/wp-json\/wp\/v2\/types\/product"}],"replies":[{"embeddable":true,"href":"https:\/\/operatrafik.com\/hu\/wp-json\/wp\/v2\/comments?post=1316"}],"wp:featuredmedia":[{"embeddable":true,"href":"https:\/\/operatrafik.com\/hu\/wp-json\/wp\/v2\/media\/1315"}],"wp:attachment":[{"href":"https:\/\/operatrafik.com\/hu\/wp-json\/wp\/v2\/media?parent=1316"}],"wp:term":[{"taxonomy":"product_brand","embeddable":true,"href":"https:\/\/operatrafik.com\/hu\/wp-json\/wp\/v2\/product_brand?post=1316"},{"taxonomy":"product_cat","embeddable":true,"href":"https:\/\/operatrafik.com\/hu\/wp-json\/wp\/v2\/product_cat?post=1316"},{"taxonomy":"product_tag","embeddable":true,"href":"https:\/\/operatrafik.com\/hu\/wp-json\/wp\/v2\/product_tag?post=1316"}],"curies":[{"name":"wp","href":"https:\/\/api.w.org\/{rel}","templated":true}]}}