{"id":1326,"date":"2025-08-14T08:26:15","date_gmt":"2025-08-14T08:26:15","guid":{"rendered":"https:\/\/operatrafik.com\/product\/la-galera-gavillero-perfecto\/"},"modified":"2025-08-18T07:16:14","modified_gmt":"2025-08-18T07:16:14","slug":"la-galera-gavillero-perfecto","status":"publish","type":"product","link":"https:\/\/operatrafik.com\/hu\/termek\/la-galera-gavillero-perfecto\/","title":{"rendered":"La Galera GaVillero Perfecto"},"content":{"rendered":"<p>A La Galera Gavillero Maduro Perfecto egy finom k\u00f6zepes \u00e9s telt dominikai szivar. Gazdag mexik\u00f3i San Andr\u00e9s bor\u00edt\u00f3val rendelkezik, amely a Tabacalera Palma Jacagua \u00e9s Gurabo farmjair\u00f3l sz\u00e1rmaz\u00f3 Piloto Cubano \u00e9s Criollo 98 doh\u00e1nyok zamatos kever\u00e9k\u00e9t \u00f6leli k\u00f6r\u00fcl. Ez a Maduro kever\u00e9k leg\u00fajabb tagja, \u00e9s a &#8220;gavillero&#8221;, a k\u00e9zzel k\u00e9sz\u00edtett cheroot alapja, de form\u00e1val k\u00e9sz\u00fcl. A f\u00f6ldes t\u00f3nusok domin\u00e1lnak az eg\u00e9sz f\u00fcstben, \u00e9s minden sz\u00edv\u00e1s v\u00e9g\u00e9n egy kis \u00e9desgy\u00f6k\u00e9r-illat lep meg. Kiv\u00e9teles, kiegyens\u00falyozott \u00e9s kellemes f\u00fcst\u00f6t biztos\u00edt.<\/p>","protected":false},"excerpt":{"rendered":"<p>A La Galera Gavillero Maduro Perfecto egy finom k\u00f6zepes \u00e9s telt dominikai szivar. Gazdag mexik\u00f3i San Andr\u00e9s bor\u00edt\u00f3val rendelkezik, amely a Tabacalera Palma Jacagua \u00e9s Gurabo farmjair\u00f3l sz\u00e1rmaz\u00f3 Piloto Cubano \u00e9s Criollo 98 doh\u00e1nyok zamatos kever\u00e9k\u00e9t \u00f6leli k\u00f6r\u00fcl. Ez a Maduro kever\u00e9k leg\u00fajabb tagja, \u00e9s a &#8220;gavillero&#8221;, a k\u00e9zzel k\u00e9sz\u00edtett cheroot alapja, de form\u00e1val k\u00e9sz\u00fcl. [&hellip;]<\/p>","protected":false},"featured_media":1325,"comment_status":"open","ping_status":"closed","template":"","meta":[],"product_brand":[431],"product_cat":[30],"product_tag":[],"class_list":{"0":"post-1326","1":"product","2":"type-product","3":"status-publish","4":"has-post-thumbnail","6":"product_brand-la-galera","7":"product_cat-cigars","8":"pa_binder-dominican-piloto-cubano","9":"pa_color-maduro","10":"pa_filler-origin-dominican-piloto-cubano-criollo-98","11":"pa_filler-type-longfiller","12":"pa_format-perfecto","13":"pa_handmade-kezi-sodrasu","14":"pa_manufacturer-dominica","15":"pa_size-corona-grande","16":"pa_strength-kozepes","17":"pa_wrapper-mexican-san-andres","19":"first","20":"instock","21":"purchasable","22":"product-type-simple"},"aioseo_notices":[],"_links":{"self":[{"href":"https:\/\/operatrafik.com\/hu\/wp-json\/wp\/v2\/product\/1326","targetHints":{"allow":["GET"]}}],"collection":[{"href":"https:\/\/operatrafik.com\/hu\/wp-json\/wp\/v2\/product"}],"about":[{"href":"https:\/\/operatrafik.com\/hu\/wp-json\/wp\/v2\/types\/product"}],"replies":[{"embeddable":true,"href":"https:\/\/operatrafik.com\/hu\/wp-json\/wp\/v2\/comments?post=1326"}],"wp:featuredmedia":[{"embeddable":true,"href":"https:\/\/operatrafik.com\/hu\/wp-json\/wp\/v2\/media\/1325"}],"wp:attachment":[{"href":"https:\/\/operatrafik.com\/hu\/wp-json\/wp\/v2\/media?parent=1326"}],"wp:term":[{"taxonomy":"product_brand","embeddable":true,"href":"https:\/\/operatrafik.com\/hu\/wp-json\/wp\/v2\/product_brand?post=1326"},{"taxonomy":"product_cat","embeddable":true,"href":"https:\/\/operatrafik.com\/hu\/wp-json\/wp\/v2\/product_cat?post=1326"},{"taxonomy":"product_tag","embeddable":true,"href":"https:\/\/operatrafik.com\/hu\/wp-json\/wp\/v2\/product_tag?post=1326"}],"curies":[{"name":"wp","href":"https:\/\/api.w.org\/{rel}","templated":true}]}}