{"id":1330,"date":"2025-08-14T08:26:19","date_gmt":"2025-08-14T08:26:19","guid":{"rendered":"https:\/\/operatrafik.com\/product\/la-galera-85th-anniversary-toro-limited-edition\/"},"modified":"2025-08-18T07:16:13","modified_gmt":"2025-08-18T07:16:13","slug":"la-galera-85th-anniversary-toro-limited-edition","status":"publish","type":"product","link":"https:\/\/operatrafik.com\/hu\/termek\/la-galera-85th-anniversary-toro-limited-edition\/","title":{"rendered":"La Galera 85th Anniversary Toro Limited Edition"},"content":{"rendered":"<p>Ez az eml\u00e9kszivar k\u00e9tf\u00e9le bor\u00edt\u00f3val kaphat\u00f3:<br \/>\negy sima ecuadori Connecticut Shade bor\u00edt\u00f3val, amelynek kever\u00e9k\u00e9t maga Jos\u00e9 &#8220;Jochy&#8221; Blanco,<br \/>\n\u00e9s egy rusztikus amerikai Connecticut Broadleaf bor\u00edt\u00f3, amelyet Blanco fia, Jose Manuel Blanco kevert.<\/p>","protected":false},"excerpt":{"rendered":"<p>Ez az eml\u00e9kszivar k\u00e9tf\u00e9le bor\u00edt\u00f3val kaphat\u00f3: egy sima ecuadori Connecticut Shade bor\u00edt\u00f3val, amelynek kever\u00e9k\u00e9t maga Jos\u00e9 &#8220;Jochy&#8221; Blanco, \u00e9s egy rusztikus amerikai Connecticut Broadleaf bor\u00edt\u00f3, amelyet Blanco fia, Jose Manuel Blanco kevert.<\/p>","protected":false},"featured_media":1329,"comment_status":"open","ping_status":"closed","template":"","meta":[],"product_brand":[431],"product_cat":[30],"product_tag":[],"class_list":{"0":"post-1330","1":"product","2":"type-product","3":"status-publish","4":"has-post-thumbnail","6":"product_brand-la-galera","7":"product_cat-cigars","8":"pa_binder-dominican-corojo","9":"pa_color-maduro","10":"pa_filler-origin-criollo-98","11":"pa_filler-origin-piloto-dominicano","12":"pa_filler-type-longfiller","13":"pa_format-parejo","14":"pa_handmade-kezi-sodrasu","15":"pa_manufacturer-dominica","16":"pa_size-toro","17":"pa_strength-kozepes","18":"pa_wrapper-connecticut-broadleaf","20":"first","21":"instock","22":"purchasable","23":"product-type-simple"},"aioseo_notices":[],"_links":{"self":[{"href":"https:\/\/operatrafik.com\/hu\/wp-json\/wp\/v2\/product\/1330","targetHints":{"allow":["GET"]}}],"collection":[{"href":"https:\/\/operatrafik.com\/hu\/wp-json\/wp\/v2\/product"}],"about":[{"href":"https:\/\/operatrafik.com\/hu\/wp-json\/wp\/v2\/types\/product"}],"replies":[{"embeddable":true,"href":"https:\/\/operatrafik.com\/hu\/wp-json\/wp\/v2\/comments?post=1330"}],"wp:featuredmedia":[{"embeddable":true,"href":"https:\/\/operatrafik.com\/hu\/wp-json\/wp\/v2\/media\/1329"}],"wp:attachment":[{"href":"https:\/\/operatrafik.com\/hu\/wp-json\/wp\/v2\/media?parent=1330"}],"wp:term":[{"taxonomy":"product_brand","embeddable":true,"href":"https:\/\/operatrafik.com\/hu\/wp-json\/wp\/v2\/product_brand?post=1330"},{"taxonomy":"product_cat","embeddable":true,"href":"https:\/\/operatrafik.com\/hu\/wp-json\/wp\/v2\/product_cat?post=1330"},{"taxonomy":"product_tag","embeddable":true,"href":"https:\/\/operatrafik.com\/hu\/wp-json\/wp\/v2\/product_tag?post=1330"}],"curies":[{"name":"wp","href":"https:\/\/api.w.org\/{rel}","templated":true}]}}