{"id":1334,"date":"2025-08-14T08:26:22","date_gmt":"2025-08-14T08:26:22","guid":{"rendered":"https:\/\/operatrafik.com\/product\/la-galera-imperial-jade-toro\/"},"modified":"2025-08-18T07:16:14","modified_gmt":"2025-08-18T07:16:14","slug":"la-galera-imperial-jade-toro","status":"publish","type":"product","link":"https:\/\/operatrafik.com\/hu\/termek\/la-galera-imperial-jade-toro\/","title":{"rendered":"La Galera Imperial Jade Toro"},"content":{"rendered":"<p>K\u00f6zepes test\u0171 f\u00fcst, kr\u00e9mes \u00e9s f\u0171szeres profillal, amely kellemes f\u00fcst\u00f6l\u00e9si \u00e9lm\u00e9nyt ny\u00fajt. A sima kameruni bor\u00edt\u00f3 Criollo k\u00f6t\u0151anyagot, valamint Criollo 98 \u00e9s dominikai Piloto Cubano t\u00f6lt\u0151anyagot takar. A La Galera Imperial Jade k\u00e9zzel k\u00e9sz\u00fcl a Dominikai K\u00f6zt\u00e1rsas\u00e1gban.<\/p>","protected":false},"excerpt":{"rendered":"<p>K\u00f6zepes test\u0171 f\u00fcst, kr\u00e9mes \u00e9s f\u0171szeres profillal, amely kellemes f\u00fcst\u00f6l\u00e9si \u00e9lm\u00e9nyt ny\u00fajt. A sima kameruni bor\u00edt\u00f3 Criollo k\u00f6t\u0151anyagot, valamint Criollo 98 \u00e9s dominikai Piloto Cubano t\u00f6lt\u0151anyagot takar. A La Galera Imperial Jade k\u00e9zzel k\u00e9sz\u00fcl a Dominikai K\u00f6zt\u00e1rsas\u00e1gban.<\/p>","protected":false},"featured_media":1333,"comment_status":"open","ping_status":"closed","template":"","meta":[],"product_brand":[431],"product_cat":[30],"product_tag":[],"class_list":{"0":"post-1334","1":"product","2":"type-product","3":"status-publish","4":"has-post-thumbnail","6":"product_brand-la-galera","7":"product_cat-cigars","8":"pa_binder-criollo-98-potrero-criollo-98-la-canela","9":"pa_binder-dominican-piloto-cubano-jacagua","10":"pa_color-colorado-claro","11":"pa_filler-origin-dominican-piloto-cubano-jacagua-farm-criollo-98-la-canela-farm","12":"pa_filler-type-longfiller","13":"pa_format-parejo","14":"pa_handmade-kezi-sodrasu","15":"pa_manufacturer-dominica","16":"pa_size-toro","17":"pa_strength-kozepes","18":"pa_wrapper-cameroon","20":"first","21":"instock","22":"purchasable","23":"product-type-simple"},"aioseo_notices":[],"_links":{"self":[{"href":"https:\/\/operatrafik.com\/hu\/wp-json\/wp\/v2\/product\/1334","targetHints":{"allow":["GET"]}}],"collection":[{"href":"https:\/\/operatrafik.com\/hu\/wp-json\/wp\/v2\/product"}],"about":[{"href":"https:\/\/operatrafik.com\/hu\/wp-json\/wp\/v2\/types\/product"}],"replies":[{"embeddable":true,"href":"https:\/\/operatrafik.com\/hu\/wp-json\/wp\/v2\/comments?post=1334"}],"wp:featuredmedia":[{"embeddable":true,"href":"https:\/\/operatrafik.com\/hu\/wp-json\/wp\/v2\/media\/1333"}],"wp:attachment":[{"href":"https:\/\/operatrafik.com\/hu\/wp-json\/wp\/v2\/media?parent=1334"}],"wp:term":[{"taxonomy":"product_brand","embeddable":true,"href":"https:\/\/operatrafik.com\/hu\/wp-json\/wp\/v2\/product_brand?post=1334"},{"taxonomy":"product_cat","embeddable":true,"href":"https:\/\/operatrafik.com\/hu\/wp-json\/wp\/v2\/product_cat?post=1334"},{"taxonomy":"product_tag","embeddable":true,"href":"https:\/\/operatrafik.com\/hu\/wp-json\/wp\/v2\/product_tag?post=1334"}],"curies":[{"name":"wp","href":"https:\/\/api.w.org\/{rel}","templated":true}]}}