{"id":1340,"date":"2025-08-14T08:26:29","date_gmt":"2025-08-14T08:26:29","guid":{"rendered":"https:\/\/operatrafik.com\/product\/la-galera-1936-box-pressed-el-lector\/"},"modified":"2025-08-18T07:16:13","modified_gmt":"2025-08-18T07:16:13","slug":"la-galera-1936-box-pressed-el-lector","status":"publish","type":"product","link":"https:\/\/operatrafik.com\/hu\/termek\/la-galera-1936-box-pressed-el-lector\/","title":{"rendered":"La Galera 1936 Box Pressed El Lector"},"content":{"rendered":"<p>Ez a k\u00f6zepes test\u0171 f\u00fcst borsos, k\u00e1v\u00e9s \u00e9s b\u0151r\u00f6s jegyeket k\u00edn\u00e1l. Az ecuadori Habano bor\u00edt\u00f3 dominikai Criollo k\u00f6t\u0151anyagot, valamint dominikai Cubano \u00e9s Criollo t\u00f6lt\u0151anyagot takar. A La Galera 1936 Box Pressed a komplexit\u00e1s\u00e1r\u00f3l \u00e9s simas\u00e1g\u00e1r\u00f3l ismert.<\/p>","protected":false},"excerpt":{"rendered":"<p>Ez a k\u00f6zepes test\u0171 f\u00fcst borsos, k\u00e1v\u00e9s \u00e9s b\u0151r\u00f6s jegyeket k\u00edn\u00e1l. Az ecuadori Habano bor\u00edt\u00f3 dominikai Criollo k\u00f6t\u0151anyagot, valamint dominikai Cubano \u00e9s Criollo t\u00f6lt\u0151anyagot takar. A La Galera 1936 Box Pressed a komplexit\u00e1s\u00e1r\u00f3l \u00e9s simas\u00e1g\u00e1r\u00f3l ismert.<\/p>","protected":false},"featured_media":1339,"comment_status":"open","ping_status":"closed","template":"","meta":[],"product_brand":[431],"product_cat":[30],"product_tag":[],"class_list":{"0":"post-1340","1":"product","2":"type-product","3":"status-publish","4":"has-post-thumbnail","6":"product_brand-la-galera","7":"product_cat-cigars","8":"pa_binder-dominican-criollo-98","9":"pa_color-colorado-claro","10":"pa_filler-origin-dominican-piloto-cubano-criollo-98","11":"pa_filler-type-longfiller","12":"pa_format-parejo","13":"pa_handmade-kezi-sodrasu","14":"pa_manufacturer-dominica","15":"pa_size-toro","16":"pa_strength-kozepes-eros","17":"pa_wrapper-ecuadorian-habano","19":"first","20":"instock","21":"purchasable","22":"product-type-simple"},"aioseo_notices":[],"_links":{"self":[{"href":"https:\/\/operatrafik.com\/hu\/wp-json\/wp\/v2\/product\/1340","targetHints":{"allow":["GET"]}}],"collection":[{"href":"https:\/\/operatrafik.com\/hu\/wp-json\/wp\/v2\/product"}],"about":[{"href":"https:\/\/operatrafik.com\/hu\/wp-json\/wp\/v2\/types\/product"}],"replies":[{"embeddable":true,"href":"https:\/\/operatrafik.com\/hu\/wp-json\/wp\/v2\/comments?post=1340"}],"wp:featuredmedia":[{"embeddable":true,"href":"https:\/\/operatrafik.com\/hu\/wp-json\/wp\/v2\/media\/1339"}],"wp:attachment":[{"href":"https:\/\/operatrafik.com\/hu\/wp-json\/wp\/v2\/media?parent=1340"}],"wp:term":[{"taxonomy":"product_brand","embeddable":true,"href":"https:\/\/operatrafik.com\/hu\/wp-json\/wp\/v2\/product_brand?post=1340"},{"taxonomy":"product_cat","embeddable":true,"href":"https:\/\/operatrafik.com\/hu\/wp-json\/wp\/v2\/product_cat?post=1340"},{"taxonomy":"product_tag","embeddable":true,"href":"https:\/\/operatrafik.com\/hu\/wp-json\/wp\/v2\/product_tag?post=1340"}],"curies":[{"name":"wp","href":"https:\/\/api.w.org\/{rel}","templated":true}]}}