{"id":1342,"date":"2025-08-14T08:26:31","date_gmt":"2025-08-14T08:26:31","guid":{"rendered":"https:\/\/operatrafik.com\/product\/la-galera-maduro-pilones\/"},"modified":"2025-08-18T07:16:15","modified_gmt":"2025-08-18T07:16:15","slug":"la-galera-maduro-pilones","status":"publish","type":"product","link":"https:\/\/operatrafik.com\/hu\/termek\/la-galera-maduro-pilones\/","title":{"rendered":"La Galera Maduro Pilones"},"content":{"rendered":"<p>A La Galera Maduro Pilones, amelyet az elismert szivargy\u00e1ros, Jochy Blanco hozott el \u00d6nnek, egy szak\u00e9rtelemmel megalkotott, k\u00f6zepes \u00e9s telt test\u0171 dominikai szivar, amelyet a Tabacalera Palm\u00e1ban k\u00e9sz\u00edtenek. A hib\u00e1tlan s\u00f6t\u00e9tbarna mexik\u00f3i San Andres bor\u00edt\u00f3val, dominikai k\u00f6t\u0151anyaggal \u00e9s dominikai Piloto Cubano \u00e9s Criollo &#8217;98 t\u00f6lt\u0151anyagok zamatos kever\u00e9k\u00e9vel ez az \u00e9lvezetesen gazdag, nagym\u00e9ret\u0171 toro kaka\u00f3s, f\u00f6ldes, b\u0151r\u00f6s \u00e9s c\u00e9drusos jegyekkel k\u00e1pr\u00e1ztatja el az \u00edzlel\u0151bimb\u00f3kat.<\/p>","protected":false},"excerpt":{"rendered":"<p>A La Galera Maduro Pilones, amelyet az elismert szivargy\u00e1ros, Jochy Blanco hozott el \u00d6nnek, egy szak\u00e9rtelemmel megalkotott, k\u00f6zepes \u00e9s telt test\u0171 dominikai szivar, amelyet a Tabacalera Palm\u00e1ban k\u00e9sz\u00edtenek. A hib\u00e1tlan s\u00f6t\u00e9tbarna mexik\u00f3i San Andres bor\u00edt\u00f3val, dominikai k\u00f6t\u0151anyaggal \u00e9s dominikai Piloto Cubano \u00e9s Criollo &#8217;98 t\u00f6lt\u0151anyagok zamatos kever\u00e9k\u00e9vel ez az \u00e9lvezetesen gazdag, nagym\u00e9ret\u0171 toro kaka\u00f3s, f\u00f6ldes, [&hellip;]<\/p>","protected":false},"featured_media":1341,"comment_status":"open","ping_status":"closed","template":"","meta":[],"product_brand":[431],"product_cat":[30],"product_tag":[],"class_list":{"0":"post-1342","1":"product","2":"type-product","3":"status-publish","4":"has-post-thumbnail","6":"product_brand-la-galera","7":"product_cat-cigars","8":"pa_binder-dominican-piloto-cubano","9":"pa_color-maduro","10":"pa_filler-origin-dominican-piloto-cubano-criollo-98","11":"pa_filler-type-longfiller","12":"pa_format-parejo","13":"pa_handmade-kezi-sodrasu","14":"pa_manufacturer-dominica","15":"pa_size-double-toro","16":"pa_strength-kozepes","17":"pa_wrapper-mexican-san-andres-maduro","19":"first","20":"instock","21":"purchasable","22":"product-type-simple"},"aioseo_notices":[],"_links":{"self":[{"href":"https:\/\/operatrafik.com\/hu\/wp-json\/wp\/v2\/product\/1342","targetHints":{"allow":["GET"]}}],"collection":[{"href":"https:\/\/operatrafik.com\/hu\/wp-json\/wp\/v2\/product"}],"about":[{"href":"https:\/\/operatrafik.com\/hu\/wp-json\/wp\/v2\/types\/product"}],"replies":[{"embeddable":true,"href":"https:\/\/operatrafik.com\/hu\/wp-json\/wp\/v2\/comments?post=1342"}],"wp:featuredmedia":[{"embeddable":true,"href":"https:\/\/operatrafik.com\/hu\/wp-json\/wp\/v2\/media\/1341"}],"wp:attachment":[{"href":"https:\/\/operatrafik.com\/hu\/wp-json\/wp\/v2\/media?parent=1342"}],"wp:term":[{"taxonomy":"product_brand","embeddable":true,"href":"https:\/\/operatrafik.com\/hu\/wp-json\/wp\/v2\/product_brand?post=1342"},{"taxonomy":"product_cat","embeddable":true,"href":"https:\/\/operatrafik.com\/hu\/wp-json\/wp\/v2\/product_cat?post=1342"},{"taxonomy":"product_tag","embeddable":true,"href":"https:\/\/operatrafik.com\/hu\/wp-json\/wp\/v2\/product_tag?post=1342"}],"curies":[{"name":"wp","href":"https:\/\/api.w.org\/{rel}","templated":true}]}}